{"id":712,"date":"2025-09-09T21:01:19","date_gmt":"2025-09-09T19:01:19","guid":{"rendered":"https:\/\/nclean.com.pl\/?post_type=product&#038;p=712"},"modified":"2025-10-11T15:52:54","modified_gmt":"2025-10-11T13:52:54","slug":"nr530","status":"publish","type":"product","link":"https:\/\/nclean.com.pl\/index.php\/produkt\/nr530\/","title":{"rendered":"NR530"},"content":{"rendered":"<p class=\"p1\"><span class=\"s1\">NR530 to kompaktowa maszyna szoruj\u0105co-zbieraj\u0105ca z miejscem dla operatora. Niewielkie rozmiary utatwiaja transport v budynkach (mie\u015bci si\u0119 do windy osobowej). Idealnie nadaje si\u0119 na hale sportowe oraz clasne a duze przestrzenie.<\/span><\/p>\n<ul>\n<li class=\"p1\"><span class=\"s1\">Opatentowana, ergonomiczna i bez ramowa konstrukcja z nap\u0119dem na przednie koto oznacza, ze ten model jest lekki, ma maty promien skr\u0119tu jest latwyw manewrowaniu.<\/span><\/li>\n<li class=\"p1\">Du\u017cy zblornik na roztw\u00f3r roboczy wyposazony w szeroki wtew z przodu ulatwia napetnianie woda, szybko i tatwo.<\/li>\n<li class=\"p1\">Zintegrowane przyciski s\u0105 wodoodpome. Ekran LCDi wy\u015bwietlane na nim parametry s\u0105 czytelne i intuicyjne w obs\u0142udze, umo\u017cliwiaj\u0105c szybkie i efektywne dostarczanie danych dotycz\u0105cych pracy.<\/li>\n<li class=\"p1\">Intuicyjny panel, pozwala na dostosowanie do indywidualnych potrzeb operatora (3 dostepne tryby predko\u015bci i regulacji przeptywu roztworu).<\/li>\n<li class=\"p1\">Innowacyjna konstrukcja, pozwala na u\u017cywanie szczotek i ssawy dzi\u0119ki dotykowym przyciskom.<\/li>\n<li class=\"p1\">Ssawa jest podnoszona automatycznie w momencie w\u0142\u0105czenia biegu wstecznego, co sprawia, \u017ce maszyna jest bezpieczna i niezawodna.<\/li>\n<li class=\"p1\">Ostona szczotki 1 uchwyt ssawy s\u0105 wykonane z atuminium a nast\u0119pnie poddawane obr\u00f3bce natryskowe) dzi\u0119ki kt\u00f3rej, staj\u0105 si\u0119 wytrzymale, trwate i odpome na rdze.<\/li>\n<li class=\"p1\">Du\u017cy otw\u00f3r rewizyjny zbiornika brudnej wody, z jego dodatkowo sci\u0105gan\u0105 klapa, zapewnlaj\u0105 \u0142atwy dostep do zblorkika w celu czyszczenia konserwacji.<\/li>\n<li class=\"p1\">Fotel wyposatony Jest w wytacznik awaryjny lautomatyczny system zatrzymania gdy operator opusci fotel<\/li>\n<li class=\"p1\">Mocny system redukcji hatasu sitnika i nowoczesny tryb ECO skutecznie redukuja poziom hatasu urz\u0105dzenia podczas u\u017cytkowania maszyny.<\/li>\n<li class=\"p1\">Praktyczny i niezawodny mechanizm zapobiegajacy pienieniu si\u0119 i zalanlu turbiny ss\u0105ce) wraz z kontrola poziomu wody w zblomiku, znacznle wydluza tywotnost maszyny.<\/li>\n<\/ul>\n","protected":false},"excerpt":{"rendered":"<p>NR530 to kompaktowa maszyna szoruj\u0105co-zbieraj\u0105ca z miejscem dla operatora. Niewielkie rozmiary utatwiaja transport v budynkach (mie\u015bci si\u0119 do windy osobowej). Idealnie nadaje si\u0119 na hale sportowe oraz clasne a duze przestrzenie. Opatentowana, ergonomiczna i bez ramowa konstrukcja z nap\u0119dem na przednie koto oznacza, ze ten model jest lekki, ma maty promien skr\u0119tu jest latwyw manewrowaniu. [&hellip;]<\/p>\n","protected":false},"featured_media":716,"comment_status":"open","ping_status":"closed","template":"","meta":{"_acf_changed":false},"product_brand":[],"product_cat":[26,22],"product_tag":[],"class_list":{"0":"post-712","1":"product","2":"type-product","3":"status-publish","4":"has-post-thumbnail","6":"product_cat-maszyny-czyszczace","7":"product_cat-noblelift","9":"first","10":"instock","11":"shipping-taxable","12":"product-type-simple"},"acf":[],"yoast_head":"<!-- This site is optimized with the Yoast SEO plugin v27.1.1 - https:\/\/yoast.com\/product\/yoast-seo-wordpress\/ -->\n<title>NR530 - NCLEAN<\/title>\n<meta name=\"robots\" content=\"index, follow, max-snippet:-1, max-image-preview:large, max-video-preview:-1\" \/>\n<link rel=\"canonical\" href=\"http:\/\/nclean.com.pl\/index.php\/produkt\/nr530\/\" \/>\n<meta property=\"og:locale\" content=\"pl_PL\" \/>\n<meta property=\"og:type\" content=\"article\" \/>\n<meta property=\"og:title\" content=\"NR530 - NCLEAN\" \/>\n<meta property=\"og:description\" content=\"NR530 to kompaktowa maszyna szoruj\u0105co-zbieraj\u0105ca z miejscem dla operatora. Niewielkie rozmiary utatwiaja transport v budynkach (mie\u015bci si\u0119 do windy osobowej). Idealnie nadaje si\u0119 na hale sportowe oraz clasne a duze przestrzenie. Opatentowana, ergonomiczna i bez ramowa konstrukcja z nap\u0119dem na przednie koto oznacza, ze ten model jest lekki, ma maty promien skr\u0119tu jest latwyw manewrowaniu. [&hellip;]\" \/>\n<meta property=\"og:url\" content=\"http:\/\/nclean.com.pl\/index.php\/produkt\/nr530\/\" \/>\n<meta property=\"og:site_name\" content=\"NCLEAN\" \/>\n<meta property=\"article:publisher\" content=\"https:\/\/www.facebook.com\/ncleancompl\/\" \/>\n<meta property=\"article:modified_time\" content=\"2025-10-11T13:52:54+00:00\" \/>\n<meta property=\"og:image\" content=\"http:\/\/nclean.com.pl\/wp-content\/uploads\/2025\/09\/20241017104425124.jpg\" \/>\n\t<meta property=\"og:image:width\" content=\"520\" \/>\n\t<meta property=\"og:image:height\" content=\"360\" \/>\n\t<meta property=\"og:image:type\" content=\"image\/jpeg\" \/>\n<meta name=\"twitter:card\" content=\"summary_large_image\" \/>\n<meta name=\"twitter:label1\" content=\"Szacowany czas czytania\" \/>\n\t<meta name=\"twitter:data1\" content=\"1 minuta\" \/>\n<script type=\"application\/ld+json\" class=\"yoast-schema-graph\">{\"@context\":\"https:\/\/schema.org\",\"@graph\":[{\"@type\":\"WebPage\",\"@id\":\"http:\/\/nclean.com.pl\/index.php\/produkt\/nr530\/\",\"url\":\"http:\/\/nclean.com.pl\/index.php\/produkt\/nr530\/\",\"name\":\"NR530 - NCLEAN\",\"isPartOf\":{\"@id\":\"http:\/\/nclean.com.pl\/#website\"},\"primaryImageOfPage\":{\"@id\":\"http:\/\/nclean.com.pl\/index.php\/produkt\/nr530\/#primaryimage\"},\"image\":{\"@id\":\"http:\/\/nclean.com.pl\/index.php\/produkt\/nr530\/#primaryimage\"},\"thumbnailUrl\":\"https:\/\/nclean.com.pl\/wp-content\/uploads\/2025\/09\/20241017104425124.jpg\",\"datePublished\":\"2025-09-09T19:01:19+00:00\",\"dateModified\":\"2025-10-11T13:52:54+00:00\",\"breadcrumb\":{\"@id\":\"http:\/\/nclean.com.pl\/index.php\/produkt\/nr530\/#breadcrumb\"},\"inLanguage\":\"pl-PL\",\"potentialAction\":[{\"@type\":\"ReadAction\",\"target\":[\"http:\/\/nclean.com.pl\/index.php\/produkt\/nr530\/\"]}]},{\"@type\":\"ImageObject\",\"inLanguage\":\"pl-PL\",\"@id\":\"http:\/\/nclean.com.pl\/index.php\/produkt\/nr530\/#primaryimage\",\"url\":\"https:\/\/nclean.com.pl\/wp-content\/uploads\/2025\/09\/20241017104425124.jpg\",\"contentUrl\":\"https:\/\/nclean.com.pl\/wp-content\/uploads\/2025\/09\/20241017104425124.jpg\",\"width\":520,\"height\":360},{\"@type\":\"BreadcrumbList\",\"@id\":\"http:\/\/nclean.com.pl\/index.php\/produkt\/nr530\/#breadcrumb\",\"itemListElement\":[{\"@type\":\"ListItem\",\"position\":1,\"name\":\"Strona g\u0142\u00f3wna\",\"item\":\"http:\/\/nclean.com.pl\/\"},{\"@type\":\"ListItem\",\"position\":2,\"name\":\"Sklep\",\"item\":\"https:\/\/nclean.com.pl\/index.php\/sklep\/\"},{\"@type\":\"ListItem\",\"position\":3,\"name\":\"NR530\"}]},{\"@type\":\"WebSite\",\"@id\":\"http:\/\/nclean.com.pl\/#website\",\"url\":\"http:\/\/nclean.com.pl\/\",\"name\":\"NCLEAN\",\"description\":\"Czynimy sprz\u0105tanie \u0142atwiejszym!\",\"publisher\":{\"@id\":\"http:\/\/nclean.com.pl\/#organization\"},\"potentialAction\":[{\"@type\":\"SearchAction\",\"target\":{\"@type\":\"EntryPoint\",\"urlTemplate\":\"http:\/\/nclean.com.pl\/?s={search_term_string}\"},\"query-input\":{\"@type\":\"PropertyValueSpecification\",\"valueRequired\":true,\"valueName\":\"search_term_string\"}}],\"inLanguage\":\"pl-PL\"},{\"@type\":\"Organization\",\"@id\":\"http:\/\/nclean.com.pl\/#organization\",\"name\":\"NCLEAN\",\"url\":\"http:\/\/nclean.com.pl\/\",\"logo\":{\"@type\":\"ImageObject\",\"inLanguage\":\"pl-PL\",\"@id\":\"http:\/\/nclean.com.pl\/#\/schema\/logo\/image\/\",\"url\":\"http:\/\/nclean.com.pl\/wp-content\/uploads\/2026\/03\/1a-scaled.png\",\"contentUrl\":\"http:\/\/nclean.com.pl\/wp-content\/uploads\/2026\/03\/1a-scaled.png\",\"width\":2560,\"height\":2560,\"caption\":\"NCLEAN\"},\"image\":{\"@id\":\"http:\/\/nclean.com.pl\/#\/schema\/logo\/image\/\"},\"sameAs\":[\"https:\/\/www.facebook.com\/ncleancompl\/\",\"https:\/\/www.instagram.com\/nclean_com_pl\/\"]}]}<\/script>\n<!-- \/ Yoast SEO plugin. -->","yoast_head_json":{"title":"NR530 - NCLEAN","robots":{"index":"index","follow":"follow","max-snippet":"max-snippet:-1","max-image-preview":"max-image-preview:large","max-video-preview":"max-video-preview:-1"},"canonical":"http:\/\/nclean.com.pl\/index.php\/produkt\/nr530\/","og_locale":"pl_PL","og_type":"article","og_title":"NR530 - NCLEAN","og_description":"NR530 to kompaktowa maszyna szoruj\u0105co-zbieraj\u0105ca z miejscem dla operatora. Niewielkie rozmiary utatwiaja transport v budynkach (mie\u015bci si\u0119 do windy osobowej). Idealnie nadaje si\u0119 na hale sportowe oraz clasne a duze przestrzenie. Opatentowana, ergonomiczna i bez ramowa konstrukcja z nap\u0119dem na przednie koto oznacza, ze ten model jest lekki, ma maty promien skr\u0119tu jest latwyw manewrowaniu. [&hellip;]","og_url":"http:\/\/nclean.com.pl\/index.php\/produkt\/nr530\/","og_site_name":"NCLEAN","article_publisher":"https:\/\/www.facebook.com\/ncleancompl\/","article_modified_time":"2025-10-11T13:52:54+00:00","og_image":[{"width":520,"height":360,"url":"http:\/\/nclean.com.pl\/wp-content\/uploads\/2025\/09\/20241017104425124.jpg","type":"image\/jpeg"}],"twitter_card":"summary_large_image","twitter_misc":{"Szacowany czas czytania":"1 minuta"},"schema":{"@context":"https:\/\/schema.org","@graph":[{"@type":"WebPage","@id":"http:\/\/nclean.com.pl\/index.php\/produkt\/nr530\/","url":"http:\/\/nclean.com.pl\/index.php\/produkt\/nr530\/","name":"NR530 - NCLEAN","isPartOf":{"@id":"http:\/\/nclean.com.pl\/#website"},"primaryImageOfPage":{"@id":"http:\/\/nclean.com.pl\/index.php\/produkt\/nr530\/#primaryimage"},"image":{"@id":"http:\/\/nclean.com.pl\/index.php\/produkt\/nr530\/#primaryimage"},"thumbnailUrl":"https:\/\/nclean.com.pl\/wp-content\/uploads\/2025\/09\/20241017104425124.jpg","datePublished":"2025-09-09T19:01:19+00:00","dateModified":"2025-10-11T13:52:54+00:00","breadcrumb":{"@id":"http:\/\/nclean.com.pl\/index.php\/produkt\/nr530\/#breadcrumb"},"inLanguage":"pl-PL","potentialAction":[{"@type":"ReadAction","target":["http:\/\/nclean.com.pl\/index.php\/produkt\/nr530\/"]}]},{"@type":"ImageObject","inLanguage":"pl-PL","@id":"http:\/\/nclean.com.pl\/index.php\/produkt\/nr530\/#primaryimage","url":"https:\/\/nclean.com.pl\/wp-content\/uploads\/2025\/09\/20241017104425124.jpg","contentUrl":"https:\/\/nclean.com.pl\/wp-content\/uploads\/2025\/09\/20241017104425124.jpg","width":520,"height":360},{"@type":"BreadcrumbList","@id":"http:\/\/nclean.com.pl\/index.php\/produkt\/nr530\/#breadcrumb","itemListElement":[{"@type":"ListItem","position":1,"name":"Strona g\u0142\u00f3wna","item":"http:\/\/nclean.com.pl\/"},{"@type":"ListItem","position":2,"name":"Sklep","item":"https:\/\/nclean.com.pl\/index.php\/sklep\/"},{"@type":"ListItem","position":3,"name":"NR530"}]},{"@type":"WebSite","@id":"http:\/\/nclean.com.pl\/#website","url":"http:\/\/nclean.com.pl\/","name":"NCLEAN","description":"Czynimy sprz\u0105tanie \u0142atwiejszym!","publisher":{"@id":"http:\/\/nclean.com.pl\/#organization"},"potentialAction":[{"@type":"SearchAction","target":{"@type":"EntryPoint","urlTemplate":"http:\/\/nclean.com.pl\/?s={search_term_string}"},"query-input":{"@type":"PropertyValueSpecification","valueRequired":true,"valueName":"search_term_string"}}],"inLanguage":"pl-PL"},{"@type":"Organization","@id":"http:\/\/nclean.com.pl\/#organization","name":"NCLEAN","url":"http:\/\/nclean.com.pl\/","logo":{"@type":"ImageObject","inLanguage":"pl-PL","@id":"http:\/\/nclean.com.pl\/#\/schema\/logo\/image\/","url":"http:\/\/nclean.com.pl\/wp-content\/uploads\/2026\/03\/1a-scaled.png","contentUrl":"http:\/\/nclean.com.pl\/wp-content\/uploads\/2026\/03\/1a-scaled.png","width":2560,"height":2560,"caption":"NCLEAN"},"image":{"@id":"http:\/\/nclean.com.pl\/#\/schema\/logo\/image\/"},"sameAs":["https:\/\/www.facebook.com\/ncleancompl\/","https:\/\/www.instagram.com\/nclean_com_pl\/"]}]}},"_links":{"self":[{"href":"https:\/\/nclean.com.pl\/index.php\/wp-json\/wp\/v2\/product\/712","targetHints":{"allow":["GET"]}}],"collection":[{"href":"https:\/\/nclean.com.pl\/index.php\/wp-json\/wp\/v2\/product"}],"about":[{"href":"https:\/\/nclean.com.pl\/index.php\/wp-json\/wp\/v2\/types\/product"}],"replies":[{"embeddable":true,"href":"https:\/\/nclean.com.pl\/index.php\/wp-json\/wp\/v2\/comments?post=712"}],"wp:featuredmedia":[{"embeddable":true,"href":"https:\/\/nclean.com.pl\/index.php\/wp-json\/wp\/v2\/media\/716"}],"wp:attachment":[{"href":"https:\/\/nclean.com.pl\/index.php\/wp-json\/wp\/v2\/media?parent=712"}],"wp:term":[{"taxonomy":"product_brand","embeddable":true,"href":"https:\/\/nclean.com.pl\/index.php\/wp-json\/wp\/v2\/product_brand?post=712"},{"taxonomy":"product_cat","embeddable":true,"href":"https:\/\/nclean.com.pl\/index.php\/wp-json\/wp\/v2\/product_cat?post=712"},{"taxonomy":"product_tag","embeddable":true,"href":"https:\/\/nclean.com.pl\/index.php\/wp-json\/wp\/v2\/product_tag?post=712"}],"curies":[{"name":"wp","href":"https:\/\/api.w.org\/{rel}","templated":true}]}}