{"id":707,"date":"2025-09-09T20:58:08","date_gmt":"2025-09-09T18:58:08","guid":{"rendered":"https:\/\/nclean.com.pl\/?post_type=product&#038;p=707"},"modified":"2025-10-11T22:50:02","modified_gmt":"2025-10-11T20:50:02","slug":"nr810","status":"publish","type":"product","link":"https:\/\/nclean.com.pl\/index.php\/produkt\/nr810\/","title":{"rendered":"NR810"},"content":{"rendered":"<ul>\n<li class=\"p2\"><span class=\"s1\">NR 810 to automat posiadaj\u0105cy kompaktow\u0105 konstrukcje, niski \u015brodek ci\u0119\u017cko\u015bci, ma\u0142y promien skr\u0119tu oraz doskonala zwrotnosc<\/span><\/li>\n<li class=\"p2\">Zintegrowane klawisze s\u0105 wodoodporne. Ekran LCD oraz wy\u015bwietlane parametry sa tatwe do odczytania intuicyjne w obs\u0142udze, co umo\u017cliwia szybkie i efektywne dostarczanie danych dotyczacych przeglad\u00f3w<\/li>\n<li class=\"p2\">U\u017cytkowanie dostosowane do potrzeb, z trzema trybami pr\u0119dko\u015bci i regulowanym dozowaniem roztworu<\/li>\n<li class=\"p2\">Urz\u0105dzenie posiada zabezpieczenie przed przeci\u0105\u017ceniem sitnika oraz nadmiernym roztadowaniem baterii, co skutecznie wydtu\u017ca ich \u017cywotno\u015b\u0107<\/li>\n<li class=\"p2\">Tryb ECO zmniejsza moc i poziom ha\u0142asu silnika ss\u0105cego, dzi\u0119ki czemu, maszyna jest idealnym urz\u0105dzeniem do obszar\u00f3w wymagajacych niskiego poziomu hatasu<\/li>\n<li class=\"p2\">Innowacyjna konstrukcja umo\u017cliwia automatyczne podnoszenie i opuszczanie szczotek oraz ssawy za pomoca tylko jednego przycisku<\/li>\n<li class=\"p2\">Ssawa automatycznie podnosi si\u0119 po w\u0142\u0105czenia &#8222;biegu wstecznego&#8221;, co czyni urz\u0105dzenie jeszcze bezpieczniejszym<\/li>\n<li class=\"p2\">Technologia zakladania i \u015bci\u0105gania szczotek jest latwa i wygodna w u\u017cyciu<\/li>\n<li class=\"p2\">Du\u017ca pojemnost zbiornik\u00f3w na roztw\u00f3r roboczy i wode brudna (120 litr\u00f3w) skutecznie zmniejsza liczbe napelnien i opr\u00f3\u017cnie\u0144. Automatyczny alarm, informuje o braku roztworu lub petnym zbiorniku wody brudnej.<\/li>\n<li class=\"p2\">Du\u017cy otw\u00f3r zbiornika na wody brudnej zapewnia tatwy dostep do czyszczenia i konserwacji<\/li>\n<li class=\"p2\">Siedzisko wyposazone jest w przycisk awaryjnego zatrzymania oraz technologie automatycznego zatrzymania w przypadku opuszczenia siedziska przez operatora.<\/li>\n<\/ul>\n","protected":false},"excerpt":{"rendered":"<p>NR 810 to automat posiadaj\u0105cy kompaktow\u0105 konstrukcje, niski \u015brodek ci\u0119\u017cko\u015bci, ma\u0142y promien skr\u0119tu oraz doskonala zwrotnosc Zintegrowane klawisze s\u0105 wodoodporne. Ekran LCD oraz wy\u015bwietlane parametry sa tatwe do odczytania intuicyjne w obs\u0142udze, co umo\u017cliwia szybkie i efektywne dostarczanie danych dotyczacych przeglad\u00f3w U\u017cytkowanie dostosowane do potrzeb, z trzema trybami pr\u0119dko\u015bci i regulowanym dozowaniem roztworu Urz\u0105dzenie posiada [&hellip;]<\/p>\n","protected":false},"featured_media":708,"comment_status":"open","ping_status":"closed","template":"","meta":{"_acf_changed":false},"product_brand":[],"product_cat":[26,22],"product_tag":[],"class_list":{"0":"post-707","1":"product","2":"type-product","3":"status-publish","4":"has-post-thumbnail","6":"product_cat-maszyny-czyszczace","7":"product_cat-noblelift","9":"first","10":"instock","11":"shipping-taxable","12":"product-type-simple"},"acf":[],"yoast_head":"<!-- This site is optimized with the Yoast SEO plugin v27.1.1 - https:\/\/yoast.com\/product\/yoast-seo-wordpress\/ -->\n<title>NR810 - NCLEAN<\/title>\n<meta name=\"robots\" content=\"index, follow, max-snippet:-1, max-image-preview:large, max-video-preview:-1\" \/>\n<link rel=\"canonical\" href=\"http:\/\/nclean.com.pl\/index.php\/produkt\/nr810\/\" \/>\n<meta property=\"og:locale\" content=\"pl_PL\" \/>\n<meta property=\"og:type\" content=\"article\" \/>\n<meta property=\"og:title\" content=\"NR810 - NCLEAN\" \/>\n<meta property=\"og:description\" content=\"NR 810 to automat posiadaj\u0105cy kompaktow\u0105 konstrukcje, niski \u015brodek ci\u0119\u017cko\u015bci, ma\u0142y promien skr\u0119tu oraz doskonala zwrotnosc Zintegrowane klawisze s\u0105 wodoodporne. Ekran LCD oraz wy\u015bwietlane parametry sa tatwe do odczytania intuicyjne w obs\u0142udze, co umo\u017cliwia szybkie i efektywne dostarczanie danych dotyczacych przeglad\u00f3w U\u017cytkowanie dostosowane do potrzeb, z trzema trybami pr\u0119dko\u015bci i regulowanym dozowaniem roztworu Urz\u0105dzenie posiada [&hellip;]\" \/>\n<meta property=\"og:url\" content=\"http:\/\/nclean.com.pl\/index.php\/produkt\/nr810\/\" \/>\n<meta property=\"og:site_name\" content=\"NCLEAN\" \/>\n<meta property=\"article:publisher\" content=\"https:\/\/www.facebook.com\/ncleancompl\/\" \/>\n<meta property=\"article:modified_time\" content=\"2025-10-11T20:50:02+00:00\" \/>\n<meta property=\"og:image\" content=\"http:\/\/nclean.com.pl\/wp-content\/uploads\/2025\/09\/20240729112904914.png\" \/>\n\t<meta property=\"og:image:width\" content=\"2189\" \/>\n\t<meta property=\"og:image:height\" content=\"1896\" \/>\n\t<meta property=\"og:image:type\" content=\"image\/png\" \/>\n<meta name=\"twitter:card\" content=\"summary_large_image\" \/>\n<meta name=\"twitter:label1\" content=\"Szacowany czas czytania\" \/>\n\t<meta name=\"twitter:data1\" content=\"1 minuta\" \/>\n<script type=\"application\/ld+json\" class=\"yoast-schema-graph\">{\"@context\":\"https:\/\/schema.org\",\"@graph\":[{\"@type\":\"WebPage\",\"@id\":\"http:\/\/nclean.com.pl\/index.php\/produkt\/nr810\/\",\"url\":\"http:\/\/nclean.com.pl\/index.php\/produkt\/nr810\/\",\"name\":\"NR810 - NCLEAN\",\"isPartOf\":{\"@id\":\"http:\/\/nclean.com.pl\/#website\"},\"primaryImageOfPage\":{\"@id\":\"http:\/\/nclean.com.pl\/index.php\/produkt\/nr810\/#primaryimage\"},\"image\":{\"@id\":\"http:\/\/nclean.com.pl\/index.php\/produkt\/nr810\/#primaryimage\"},\"thumbnailUrl\":\"https:\/\/nclean.com.pl\/wp-content\/uploads\/2025\/09\/20240729112904914.png\",\"datePublished\":\"2025-09-09T18:58:08+00:00\",\"dateModified\":\"2025-10-11T20:50:02+00:00\",\"breadcrumb\":{\"@id\":\"http:\/\/nclean.com.pl\/index.php\/produkt\/nr810\/#breadcrumb\"},\"inLanguage\":\"pl-PL\",\"potentialAction\":[{\"@type\":\"ReadAction\",\"target\":[\"http:\/\/nclean.com.pl\/index.php\/produkt\/nr810\/\"]}]},{\"@type\":\"ImageObject\",\"inLanguage\":\"pl-PL\",\"@id\":\"http:\/\/nclean.com.pl\/index.php\/produkt\/nr810\/#primaryimage\",\"url\":\"https:\/\/nclean.com.pl\/wp-content\/uploads\/2025\/09\/20240729112904914.png\",\"contentUrl\":\"https:\/\/nclean.com.pl\/wp-content\/uploads\/2025\/09\/20240729112904914.png\",\"width\":2189,\"height\":1896},{\"@type\":\"BreadcrumbList\",\"@id\":\"http:\/\/nclean.com.pl\/index.php\/produkt\/nr810\/#breadcrumb\",\"itemListElement\":[{\"@type\":\"ListItem\",\"position\":1,\"name\":\"Strona g\u0142\u00f3wna\",\"item\":\"http:\/\/nclean.com.pl\/\"},{\"@type\":\"ListItem\",\"position\":2,\"name\":\"Sklep\",\"item\":\"https:\/\/nclean.com.pl\/index.php\/sklep\/\"},{\"@type\":\"ListItem\",\"position\":3,\"name\":\"NR810\"}]},{\"@type\":\"WebSite\",\"@id\":\"http:\/\/nclean.com.pl\/#website\",\"url\":\"http:\/\/nclean.com.pl\/\",\"name\":\"NCLEAN\",\"description\":\"Czynimy sprz\u0105tanie \u0142atwiejszym!\",\"publisher\":{\"@id\":\"http:\/\/nclean.com.pl\/#organization\"},\"potentialAction\":[{\"@type\":\"SearchAction\",\"target\":{\"@type\":\"EntryPoint\",\"urlTemplate\":\"http:\/\/nclean.com.pl\/?s={search_term_string}\"},\"query-input\":{\"@type\":\"PropertyValueSpecification\",\"valueRequired\":true,\"valueName\":\"search_term_string\"}}],\"inLanguage\":\"pl-PL\"},{\"@type\":\"Organization\",\"@id\":\"http:\/\/nclean.com.pl\/#organization\",\"name\":\"NCLEAN\",\"url\":\"http:\/\/nclean.com.pl\/\",\"logo\":{\"@type\":\"ImageObject\",\"inLanguage\":\"pl-PL\",\"@id\":\"http:\/\/nclean.com.pl\/#\/schema\/logo\/image\/\",\"url\":\"http:\/\/nclean.com.pl\/wp-content\/uploads\/2026\/03\/1a-scaled.png\",\"contentUrl\":\"http:\/\/nclean.com.pl\/wp-content\/uploads\/2026\/03\/1a-scaled.png\",\"width\":2560,\"height\":2560,\"caption\":\"NCLEAN\"},\"image\":{\"@id\":\"http:\/\/nclean.com.pl\/#\/schema\/logo\/image\/\"},\"sameAs\":[\"https:\/\/www.facebook.com\/ncleancompl\/\",\"https:\/\/www.instagram.com\/nclean_com_pl\/\"]}]}<\/script>\n<!-- \/ Yoast SEO plugin. -->","yoast_head_json":{"title":"NR810 - NCLEAN","robots":{"index":"index","follow":"follow","max-snippet":"max-snippet:-1","max-image-preview":"max-image-preview:large","max-video-preview":"max-video-preview:-1"},"canonical":"http:\/\/nclean.com.pl\/index.php\/produkt\/nr810\/","og_locale":"pl_PL","og_type":"article","og_title":"NR810 - NCLEAN","og_description":"NR 810 to automat posiadaj\u0105cy kompaktow\u0105 konstrukcje, niski \u015brodek ci\u0119\u017cko\u015bci, ma\u0142y promien skr\u0119tu oraz doskonala zwrotnosc Zintegrowane klawisze s\u0105 wodoodporne. Ekran LCD oraz wy\u015bwietlane parametry sa tatwe do odczytania intuicyjne w obs\u0142udze, co umo\u017cliwia szybkie i efektywne dostarczanie danych dotyczacych przeglad\u00f3w U\u017cytkowanie dostosowane do potrzeb, z trzema trybami pr\u0119dko\u015bci i regulowanym dozowaniem roztworu Urz\u0105dzenie posiada [&hellip;]","og_url":"http:\/\/nclean.com.pl\/index.php\/produkt\/nr810\/","og_site_name":"NCLEAN","article_publisher":"https:\/\/www.facebook.com\/ncleancompl\/","article_modified_time":"2025-10-11T20:50:02+00:00","og_image":[{"width":2189,"height":1896,"url":"http:\/\/nclean.com.pl\/wp-content\/uploads\/2025\/09\/20240729112904914.png","type":"image\/png"}],"twitter_card":"summary_large_image","twitter_misc":{"Szacowany czas czytania":"1 minuta"},"schema":{"@context":"https:\/\/schema.org","@graph":[{"@type":"WebPage","@id":"http:\/\/nclean.com.pl\/index.php\/produkt\/nr810\/","url":"http:\/\/nclean.com.pl\/index.php\/produkt\/nr810\/","name":"NR810 - NCLEAN","isPartOf":{"@id":"http:\/\/nclean.com.pl\/#website"},"primaryImageOfPage":{"@id":"http:\/\/nclean.com.pl\/index.php\/produkt\/nr810\/#primaryimage"},"image":{"@id":"http:\/\/nclean.com.pl\/index.php\/produkt\/nr810\/#primaryimage"},"thumbnailUrl":"https:\/\/nclean.com.pl\/wp-content\/uploads\/2025\/09\/20240729112904914.png","datePublished":"2025-09-09T18:58:08+00:00","dateModified":"2025-10-11T20:50:02+00:00","breadcrumb":{"@id":"http:\/\/nclean.com.pl\/index.php\/produkt\/nr810\/#breadcrumb"},"inLanguage":"pl-PL","potentialAction":[{"@type":"ReadAction","target":["http:\/\/nclean.com.pl\/index.php\/produkt\/nr810\/"]}]},{"@type":"ImageObject","inLanguage":"pl-PL","@id":"http:\/\/nclean.com.pl\/index.php\/produkt\/nr810\/#primaryimage","url":"https:\/\/nclean.com.pl\/wp-content\/uploads\/2025\/09\/20240729112904914.png","contentUrl":"https:\/\/nclean.com.pl\/wp-content\/uploads\/2025\/09\/20240729112904914.png","width":2189,"height":1896},{"@type":"BreadcrumbList","@id":"http:\/\/nclean.com.pl\/index.php\/produkt\/nr810\/#breadcrumb","itemListElement":[{"@type":"ListItem","position":1,"name":"Strona g\u0142\u00f3wna","item":"http:\/\/nclean.com.pl\/"},{"@type":"ListItem","position":2,"name":"Sklep","item":"https:\/\/nclean.com.pl\/index.php\/sklep\/"},{"@type":"ListItem","position":3,"name":"NR810"}]},{"@type":"WebSite","@id":"http:\/\/nclean.com.pl\/#website","url":"http:\/\/nclean.com.pl\/","name":"NCLEAN","description":"Czynimy sprz\u0105tanie \u0142atwiejszym!","publisher":{"@id":"http:\/\/nclean.com.pl\/#organization"},"potentialAction":[{"@type":"SearchAction","target":{"@type":"EntryPoint","urlTemplate":"http:\/\/nclean.com.pl\/?s={search_term_string}"},"query-input":{"@type":"PropertyValueSpecification","valueRequired":true,"valueName":"search_term_string"}}],"inLanguage":"pl-PL"},{"@type":"Organization","@id":"http:\/\/nclean.com.pl\/#organization","name":"NCLEAN","url":"http:\/\/nclean.com.pl\/","logo":{"@type":"ImageObject","inLanguage":"pl-PL","@id":"http:\/\/nclean.com.pl\/#\/schema\/logo\/image\/","url":"http:\/\/nclean.com.pl\/wp-content\/uploads\/2026\/03\/1a-scaled.png","contentUrl":"http:\/\/nclean.com.pl\/wp-content\/uploads\/2026\/03\/1a-scaled.png","width":2560,"height":2560,"caption":"NCLEAN"},"image":{"@id":"http:\/\/nclean.com.pl\/#\/schema\/logo\/image\/"},"sameAs":["https:\/\/www.facebook.com\/ncleancompl\/","https:\/\/www.instagram.com\/nclean_com_pl\/"]}]}},"_links":{"self":[{"href":"https:\/\/nclean.com.pl\/index.php\/wp-json\/wp\/v2\/product\/707","targetHints":{"allow":["GET"]}}],"collection":[{"href":"https:\/\/nclean.com.pl\/index.php\/wp-json\/wp\/v2\/product"}],"about":[{"href":"https:\/\/nclean.com.pl\/index.php\/wp-json\/wp\/v2\/types\/product"}],"replies":[{"embeddable":true,"href":"https:\/\/nclean.com.pl\/index.php\/wp-json\/wp\/v2\/comments?post=707"}],"wp:featuredmedia":[{"embeddable":true,"href":"https:\/\/nclean.com.pl\/index.php\/wp-json\/wp\/v2\/media\/708"}],"wp:attachment":[{"href":"https:\/\/nclean.com.pl\/index.php\/wp-json\/wp\/v2\/media?parent=707"}],"wp:term":[{"taxonomy":"product_brand","embeddable":true,"href":"https:\/\/nclean.com.pl\/index.php\/wp-json\/wp\/v2\/product_brand?post=707"},{"taxonomy":"product_cat","embeddable":true,"href":"https:\/\/nclean.com.pl\/index.php\/wp-json\/wp\/v2\/product_cat?post=707"},{"taxonomy":"product_tag","embeddable":true,"href":"https:\/\/nclean.com.pl\/index.php\/wp-json\/wp\/v2\/product_tag?post=707"}],"curies":[{"name":"wp","href":"https:\/\/api.w.org\/{rel}","templated":true}]}}