{"id":702,"date":"2025-09-09T20:55:08","date_gmt":"2025-09-09T18:55:08","guid":{"rendered":"https:\/\/nclean.com.pl\/?post_type=product&#038;p=702"},"modified":"2025-10-11T15:42:36","modified_gmt":"2025-10-11T13:42:36","slug":"nr860p-1060","status":"publish","type":"product","link":"https:\/\/nclean.com.pl\/index.php\/produkt\/nr860p-1060\/","title":{"rendered":"NR860p\/1060"},"content":{"rendered":"<ul>\n<li class=\"p2\"><span class=\"s1\">NR860P\/NR1060 to maszyny \u015bredniej (NR860) i du\u017cej (NR1060) szeroko\u015bci pracy, posiadaj\u0105ce naped przedniej osi, wyposa\u017cone w dwie szczotki szoruj\u0105ce.<\/span><\/li>\n<li class=\"p2\">Filtr wi\u0119kszych zanieczyszcze\u0144 skutecznie wy\u0142apuje du\u017ce kawa\u0142ki zebranych odpad\u00f3w, zapobiegaj\u0105c zatykaniu sie rury spustowej brudnej wody.<\/li>\n<li class=\"p2\">Cata maszyna szoruj\u0105co-susz\u0105ca ma modu\u0142ow\u0105, kompaktow\u0105 konstrukcje, co zapewnia jej doskona\u0142\u0105 zwrotno\u015bc podczas pracy oraz elastyczno\u015b\u0107 zastosowan tak\u017ce w mniejszych obiektach.<\/li>\n<li class=\"p2\">Zbiornik na wod\u0119 o niskim \u015brodku ci\u0119\u017cko\u015bci i pomystowa konstrukcja akumulatora sprawiaj\u0105, \u017ce maszyna jest bezpieczniejsza w prowadzeniu i tatwiejszy w utrzymaniu.<\/li>\n<li class=\"p2\">Zintegrowane przyciski s\u0105 wodoodporne. Ekran LCD i wy\u015bwietlane parametry takie jak, wska\u017anik pr\u0119dko\u015bci, opuszczanie i podnoszenie szczotek oraz poziom wody w zbiornikach, s\u0105 tatwe do odczytania i zinterpretowania podczas pracy a tak\u017ce szybko i wydajnie dostarczaj\u0105 danych u\u017cytkowych. Maszyna posiada wbudowany automatyczny alarm, informuj\u0105cy o pustym zbiorniku roztworu roboczego oraz pe\u0142nym zbiorniku wody brudnej.<\/li>\n<li class=\"p2\">Mo\u017cliwo\u015b\u0107 dostosowania do indywidualnych potrzeb, dzi\u0119ki p\u0142ynnej regulacji dozowania wody oraz predko\u015bci jazdy.<\/li>\n<li class=\"p2\">Du\u017cy, kolorowy wy\u015bwietlacz LCD pokazuje na bie\u017c\u0105co parametry urz\u0105dzenia, co ulatwia diagnostykkusterek przeprowadzenie konserwacji.<\/li>\n<li class=\"p2\">Maszyna wyposa\u017cona jest w przycisk &#8222;start&#8221;, zabezpieczenie przed przeci\u0105zeniem silnika oraz zabezpieczenie przed niedostatecznym napi\u0119ciem akumulatora, co skutecznie wyd\u0142u\u017ca \u017cywotno\u015b\u0107 zar\u00f3wno silnika jak i akumulatora.<\/li>\n<li class=\"p2\">Opatentowany system mocowania szczotek sprawia, i2 jest wyj\u0105tkowo wytrzymatyoraz ulatwia mocowanie i demonta\u017c szczotek.<\/li>\n<li class=\"p2\">Tryb ECO zmniejsza moc i poziom halasu silnika ss\u0105cego, dzi\u0119ki czemu maszyna jest idealnym wyborem w miejscach wymagaj\u0105cych niskiego poziomu hatasu.<\/li>\n<li class=\"p2\">Bezobs\u0142ugowy akumulator o napi\u0119ciu 36V i pojemno\u015bci 200Ah umo\u017cliwia ci\u0105g\u0142a prace przez minimum 6 godzin na jednym ladowaniu.<\/li>\n<\/ul>\n","protected":false},"excerpt":{"rendered":"<p>NR860P\/NR1060 to maszyny \u015bredniej (NR860) i du\u017cej (NR1060) szeroko\u015bci pracy, posiadaj\u0105ce naped przedniej osi, wyposa\u017cone w dwie szczotki szoruj\u0105ce. Filtr wi\u0119kszych zanieczyszcze\u0144 skutecznie wy\u0142apuje du\u017ce kawa\u0142ki zebranych odpad\u00f3w, zapobiegaj\u0105c zatykaniu sie rury spustowej brudnej wody. Cata maszyna szoruj\u0105co-susz\u0105ca ma modu\u0142ow\u0105, kompaktow\u0105 konstrukcje, co zapewnia jej doskona\u0142\u0105 zwrotno\u015bc podczas pracy oraz elastyczno\u015b\u0107 zastosowan tak\u017ce w mniejszych [&hellip;]<\/p>\n","protected":false},"featured_media":706,"comment_status":"open","ping_status":"closed","template":"","meta":{"_acf_changed":false},"product_brand":[],"product_cat":[26,22],"product_tag":[],"class_list":{"0":"post-702","1":"product","2":"type-product","3":"status-publish","4":"has-post-thumbnail","6":"product_cat-maszyny-czyszczace","7":"product_cat-noblelift","9":"first","10":"instock","11":"shipping-taxable","12":"product-type-simple"},"acf":[],"yoast_head":"<!-- This site is optimized with the Yoast SEO plugin v27.1.1 - https:\/\/yoast.com\/product\/yoast-seo-wordpress\/ -->\n<title>NR860p\/1060 - NCLEAN<\/title>\n<meta name=\"robots\" content=\"index, follow, max-snippet:-1, max-image-preview:large, max-video-preview:-1\" \/>\n<link rel=\"canonical\" href=\"http:\/\/nclean.com.pl\/index.php\/produkt\/nr860p-1060\/\" \/>\n<meta property=\"og:locale\" content=\"pl_PL\" \/>\n<meta property=\"og:type\" content=\"article\" \/>\n<meta property=\"og:title\" content=\"NR860p\/1060 - NCLEAN\" \/>\n<meta property=\"og:description\" content=\"NR860P\/NR1060 to maszyny \u015bredniej (NR860) i du\u017cej (NR1060) szeroko\u015bci pracy, posiadaj\u0105ce naped przedniej osi, wyposa\u017cone w dwie szczotki szoruj\u0105ce. Filtr wi\u0119kszych zanieczyszcze\u0144 skutecznie wy\u0142apuje du\u017ce kawa\u0142ki zebranych odpad\u00f3w, zapobiegaj\u0105c zatykaniu sie rury spustowej brudnej wody. Cata maszyna szoruj\u0105co-susz\u0105ca ma modu\u0142ow\u0105, kompaktow\u0105 konstrukcje, co zapewnia jej doskona\u0142\u0105 zwrotno\u015bc podczas pracy oraz elastyczno\u015b\u0107 zastosowan tak\u017ce w mniejszych [&hellip;]\" \/>\n<meta property=\"og:url\" content=\"http:\/\/nclean.com.pl\/index.php\/produkt\/nr860p-1060\/\" \/>\n<meta property=\"og:site_name\" content=\"NCLEAN\" \/>\n<meta property=\"article:publisher\" content=\"https:\/\/www.facebook.com\/ncleancompl\/\" \/>\n<meta property=\"article:modified_time\" content=\"2025-10-11T13:42:36+00:00\" \/>\n<meta property=\"og:image\" content=\"http:\/\/nclean.com.pl\/wp-content\/uploads\/2025\/09\/20241017134533828.jpg\" \/>\n\t<meta property=\"og:image:width\" content=\"520\" \/>\n\t<meta property=\"og:image:height\" content=\"360\" \/>\n\t<meta property=\"og:image:type\" content=\"image\/jpeg\" \/>\n<meta name=\"twitter:card\" content=\"summary_large_image\" \/>\n<meta name=\"twitter:label1\" content=\"Szacowany czas czytania\" \/>\n\t<meta name=\"twitter:data1\" content=\"1 minuta\" \/>\n<script type=\"application\/ld+json\" class=\"yoast-schema-graph\">{\"@context\":\"https:\/\/schema.org\",\"@graph\":[{\"@type\":\"WebPage\",\"@id\":\"http:\/\/nclean.com.pl\/index.php\/produkt\/nr860p-1060\/\",\"url\":\"http:\/\/nclean.com.pl\/index.php\/produkt\/nr860p-1060\/\",\"name\":\"NR860p\/1060 - NCLEAN\",\"isPartOf\":{\"@id\":\"http:\/\/nclean.com.pl\/#website\"},\"primaryImageOfPage\":{\"@id\":\"http:\/\/nclean.com.pl\/index.php\/produkt\/nr860p-1060\/#primaryimage\"},\"image\":{\"@id\":\"http:\/\/nclean.com.pl\/index.php\/produkt\/nr860p-1060\/#primaryimage\"},\"thumbnailUrl\":\"https:\/\/nclean.com.pl\/wp-content\/uploads\/2025\/09\/20241017134533828.jpg\",\"datePublished\":\"2025-09-09T18:55:08+00:00\",\"dateModified\":\"2025-10-11T13:42:36+00:00\",\"breadcrumb\":{\"@id\":\"http:\/\/nclean.com.pl\/index.php\/produkt\/nr860p-1060\/#breadcrumb\"},\"inLanguage\":\"pl-PL\",\"potentialAction\":[{\"@type\":\"ReadAction\",\"target\":[\"http:\/\/nclean.com.pl\/index.php\/produkt\/nr860p-1060\/\"]}]},{\"@type\":\"ImageObject\",\"inLanguage\":\"pl-PL\",\"@id\":\"http:\/\/nclean.com.pl\/index.php\/produkt\/nr860p-1060\/#primaryimage\",\"url\":\"https:\/\/nclean.com.pl\/wp-content\/uploads\/2025\/09\/20241017134533828.jpg\",\"contentUrl\":\"https:\/\/nclean.com.pl\/wp-content\/uploads\/2025\/09\/20241017134533828.jpg\",\"width\":520,\"height\":360},{\"@type\":\"BreadcrumbList\",\"@id\":\"http:\/\/nclean.com.pl\/index.php\/produkt\/nr860p-1060\/#breadcrumb\",\"itemListElement\":[{\"@type\":\"ListItem\",\"position\":1,\"name\":\"Strona g\u0142\u00f3wna\",\"item\":\"http:\/\/nclean.com.pl\/\"},{\"@type\":\"ListItem\",\"position\":2,\"name\":\"Sklep\",\"item\":\"https:\/\/nclean.com.pl\/index.php\/sklep\/\"},{\"@type\":\"ListItem\",\"position\":3,\"name\":\"NR860p\/1060\"}]},{\"@type\":\"WebSite\",\"@id\":\"http:\/\/nclean.com.pl\/#website\",\"url\":\"http:\/\/nclean.com.pl\/\",\"name\":\"NCLEAN\",\"description\":\"Czynimy sprz\u0105tanie \u0142atwiejszym!\",\"publisher\":{\"@id\":\"http:\/\/nclean.com.pl\/#organization\"},\"potentialAction\":[{\"@type\":\"SearchAction\",\"target\":{\"@type\":\"EntryPoint\",\"urlTemplate\":\"http:\/\/nclean.com.pl\/?s={search_term_string}\"},\"query-input\":{\"@type\":\"PropertyValueSpecification\",\"valueRequired\":true,\"valueName\":\"search_term_string\"}}],\"inLanguage\":\"pl-PL\"},{\"@type\":\"Organization\",\"@id\":\"http:\/\/nclean.com.pl\/#organization\",\"name\":\"NCLEAN\",\"url\":\"http:\/\/nclean.com.pl\/\",\"logo\":{\"@type\":\"ImageObject\",\"inLanguage\":\"pl-PL\",\"@id\":\"http:\/\/nclean.com.pl\/#\/schema\/logo\/image\/\",\"url\":\"http:\/\/nclean.com.pl\/wp-content\/uploads\/2026\/03\/1a-scaled.png\",\"contentUrl\":\"http:\/\/nclean.com.pl\/wp-content\/uploads\/2026\/03\/1a-scaled.png\",\"width\":2560,\"height\":2560,\"caption\":\"NCLEAN\"},\"image\":{\"@id\":\"http:\/\/nclean.com.pl\/#\/schema\/logo\/image\/\"},\"sameAs\":[\"https:\/\/www.facebook.com\/ncleancompl\/\",\"https:\/\/www.instagram.com\/nclean_com_pl\/\"]}]}<\/script>\n<!-- \/ Yoast SEO plugin. -->","yoast_head_json":{"title":"NR860p\/1060 - NCLEAN","robots":{"index":"index","follow":"follow","max-snippet":"max-snippet:-1","max-image-preview":"max-image-preview:large","max-video-preview":"max-video-preview:-1"},"canonical":"http:\/\/nclean.com.pl\/index.php\/produkt\/nr860p-1060\/","og_locale":"pl_PL","og_type":"article","og_title":"NR860p\/1060 - NCLEAN","og_description":"NR860P\/NR1060 to maszyny \u015bredniej (NR860) i du\u017cej (NR1060) szeroko\u015bci pracy, posiadaj\u0105ce naped przedniej osi, wyposa\u017cone w dwie szczotki szoruj\u0105ce. Filtr wi\u0119kszych zanieczyszcze\u0144 skutecznie wy\u0142apuje du\u017ce kawa\u0142ki zebranych odpad\u00f3w, zapobiegaj\u0105c zatykaniu sie rury spustowej brudnej wody. Cata maszyna szoruj\u0105co-susz\u0105ca ma modu\u0142ow\u0105, kompaktow\u0105 konstrukcje, co zapewnia jej doskona\u0142\u0105 zwrotno\u015bc podczas pracy oraz elastyczno\u015b\u0107 zastosowan tak\u017ce w mniejszych [&hellip;]","og_url":"http:\/\/nclean.com.pl\/index.php\/produkt\/nr860p-1060\/","og_site_name":"NCLEAN","article_publisher":"https:\/\/www.facebook.com\/ncleancompl\/","article_modified_time":"2025-10-11T13:42:36+00:00","og_image":[{"width":520,"height":360,"url":"http:\/\/nclean.com.pl\/wp-content\/uploads\/2025\/09\/20241017134533828.jpg","type":"image\/jpeg"}],"twitter_card":"summary_large_image","twitter_misc":{"Szacowany czas czytania":"1 minuta"},"schema":{"@context":"https:\/\/schema.org","@graph":[{"@type":"WebPage","@id":"http:\/\/nclean.com.pl\/index.php\/produkt\/nr860p-1060\/","url":"http:\/\/nclean.com.pl\/index.php\/produkt\/nr860p-1060\/","name":"NR860p\/1060 - NCLEAN","isPartOf":{"@id":"http:\/\/nclean.com.pl\/#website"},"primaryImageOfPage":{"@id":"http:\/\/nclean.com.pl\/index.php\/produkt\/nr860p-1060\/#primaryimage"},"image":{"@id":"http:\/\/nclean.com.pl\/index.php\/produkt\/nr860p-1060\/#primaryimage"},"thumbnailUrl":"https:\/\/nclean.com.pl\/wp-content\/uploads\/2025\/09\/20241017134533828.jpg","datePublished":"2025-09-09T18:55:08+00:00","dateModified":"2025-10-11T13:42:36+00:00","breadcrumb":{"@id":"http:\/\/nclean.com.pl\/index.php\/produkt\/nr860p-1060\/#breadcrumb"},"inLanguage":"pl-PL","potentialAction":[{"@type":"ReadAction","target":["http:\/\/nclean.com.pl\/index.php\/produkt\/nr860p-1060\/"]}]},{"@type":"ImageObject","inLanguage":"pl-PL","@id":"http:\/\/nclean.com.pl\/index.php\/produkt\/nr860p-1060\/#primaryimage","url":"https:\/\/nclean.com.pl\/wp-content\/uploads\/2025\/09\/20241017134533828.jpg","contentUrl":"https:\/\/nclean.com.pl\/wp-content\/uploads\/2025\/09\/20241017134533828.jpg","width":520,"height":360},{"@type":"BreadcrumbList","@id":"http:\/\/nclean.com.pl\/index.php\/produkt\/nr860p-1060\/#breadcrumb","itemListElement":[{"@type":"ListItem","position":1,"name":"Strona g\u0142\u00f3wna","item":"http:\/\/nclean.com.pl\/"},{"@type":"ListItem","position":2,"name":"Sklep","item":"https:\/\/nclean.com.pl\/index.php\/sklep\/"},{"@type":"ListItem","position":3,"name":"NR860p\/1060"}]},{"@type":"WebSite","@id":"http:\/\/nclean.com.pl\/#website","url":"http:\/\/nclean.com.pl\/","name":"NCLEAN","description":"Czynimy sprz\u0105tanie \u0142atwiejszym!","publisher":{"@id":"http:\/\/nclean.com.pl\/#organization"},"potentialAction":[{"@type":"SearchAction","target":{"@type":"EntryPoint","urlTemplate":"http:\/\/nclean.com.pl\/?s={search_term_string}"},"query-input":{"@type":"PropertyValueSpecification","valueRequired":true,"valueName":"search_term_string"}}],"inLanguage":"pl-PL"},{"@type":"Organization","@id":"http:\/\/nclean.com.pl\/#organization","name":"NCLEAN","url":"http:\/\/nclean.com.pl\/","logo":{"@type":"ImageObject","inLanguage":"pl-PL","@id":"http:\/\/nclean.com.pl\/#\/schema\/logo\/image\/","url":"http:\/\/nclean.com.pl\/wp-content\/uploads\/2026\/03\/1a-scaled.png","contentUrl":"http:\/\/nclean.com.pl\/wp-content\/uploads\/2026\/03\/1a-scaled.png","width":2560,"height":2560,"caption":"NCLEAN"},"image":{"@id":"http:\/\/nclean.com.pl\/#\/schema\/logo\/image\/"},"sameAs":["https:\/\/www.facebook.com\/ncleancompl\/","https:\/\/www.instagram.com\/nclean_com_pl\/"]}]}},"_links":{"self":[{"href":"https:\/\/nclean.com.pl\/index.php\/wp-json\/wp\/v2\/product\/702","targetHints":{"allow":["GET"]}}],"collection":[{"href":"https:\/\/nclean.com.pl\/index.php\/wp-json\/wp\/v2\/product"}],"about":[{"href":"https:\/\/nclean.com.pl\/index.php\/wp-json\/wp\/v2\/types\/product"}],"replies":[{"embeddable":true,"href":"https:\/\/nclean.com.pl\/index.php\/wp-json\/wp\/v2\/comments?post=702"}],"wp:featuredmedia":[{"embeddable":true,"href":"https:\/\/nclean.com.pl\/index.php\/wp-json\/wp\/v2\/media\/706"}],"wp:attachment":[{"href":"https:\/\/nclean.com.pl\/index.php\/wp-json\/wp\/v2\/media?parent=702"}],"wp:term":[{"taxonomy":"product_brand","embeddable":true,"href":"https:\/\/nclean.com.pl\/index.php\/wp-json\/wp\/v2\/product_brand?post=702"},{"taxonomy":"product_cat","embeddable":true,"href":"https:\/\/nclean.com.pl\/index.php\/wp-json\/wp\/v2\/product_cat?post=702"},{"taxonomy":"product_tag","embeddable":true,"href":"https:\/\/nclean.com.pl\/index.php\/wp-json\/wp\/v2\/product_tag?post=702"}],"curies":[{"name":"wp","href":"https:\/\/api.w.org\/{rel}","templated":true}]}}