{"id":529,"date":"2025-09-09T10:37:15","date_gmt":"2025-09-09T08:37:15","guid":{"rendered":"https:\/\/nclean.com.pl\/?post_type=product&#038;p=529"},"modified":"2025-10-11T22:50:05","modified_gmt":"2025-10-11T20:50:05","slug":"maszyn-czyszczaca-nr860","status":"publish","type":"product","link":"https:\/\/nclean.com.pl\/index.php\/produkt\/maszyn-czyszczaca-nr860\/","title":{"rendered":"Maszyna czyszcz\u0105ca &#8211; NR860"},"content":{"rendered":"<p class=\"p1\"><span class=\"s1\">NR860 to nowo zaprojektowana, kompaktowa samojezdna maszyna z przednim nap\u0119dem i podw\u00f3jnymi glowicami szczotek, przeznaczona do obiekt\u00f3w \u015bredniej l du\u017cej wielko\u015bci. Standardowo wyposazona jest w dwie szczotki o \u015brednicy 17 cal, zbilomiki na wode czysta i brudn\u0105 o pojemno\u015bci 160 litr\u00f3w oraz jest kompatybilna z akumulatorem AGM 35V150Ah lub akumulatorem litowym.<\/span><\/p>\n<ul>\n<li class=\"p1\"><span class=\"s1\">Zbiomik na brudn\u0105 wode wyposa\u017cony jest w kosz na odpady, ktory skutecznie fitruje wi\u0119ksze zanieczyszczenia, zapoblegaj\u0105e zetykaniu przewodow odplywowych.<\/span><\/li>\n<li class=\"p1\">Cala konstrukcje maszyny oparta jest na modulowej I kompaktowej budowie.<\/li>\n<li class=\"p1\">Nisko polo\u017cony drodek cl\u0119\u017cko\u015bci zbiornika oraz akumulatora zwi\u0119ksza bezplocze\u0144stwo jazdy<\/li>\n<li class=\"p1\">Wodoodpomy, zintegrowany panel dotykowy umozliwia intulcyjn\u0105 obs\u0142uge calego urz\u0105dzenia.<\/li>\n<li class=\"p1\">Du\u017cy, kolorowy ekren LCD wizualizuje parametry pracy urz\u0105dzenia, ulatwiaj\u0105c diagnostyk\u0119 usterek.<\/li>\n<li class=\"p1\">Zbiomiki na wode czysta i brudna wyposazone swczujniki poziomu, ktore uruchamiajaautomatyczne alarmyw przypadku niskiego poziomu wody lub polnego zbiomika<\/li>\n<li class=\"p1\">Opatentowany system szybklego montazu szczotok umo\u017cliwia ich zakladanie l zdemowante jednym kiknigclom.<\/li>\n<li class=\"p1\">Tryb ECO aktywowany jednym przyciskiem zapewnia cicha i energooszczedna prace.<\/li>\n<li class=\"p1\">Przedni reflektor LED poprawia widoczno\u015b\u0107 w warunkach slabego oswietlenia.<\/li>\n<li class=\"p1\">Centralnie umieszczone wiatio ostrzegawcze zwi\u0119kaza bezpiecze\u0144stwo jazdy.<\/li>\n<li class=\"p1\">Bezobslugowyakumulator kwasowo-olowiowy 36V150Ah zapewnia 3-4 godziny ci\u0105glej pracy<\/li>\n<li class=\"p1\">Opcjonalnie dost\u0119pny jest akumulator litowy o du\u017cej pojemno\u015bci 36V205Ah.<\/li>\n<\/ul>\n","protected":false},"excerpt":{"rendered":"<p>NR860 to nowo zaprojektowana, kompaktowa samojezdna maszyna z przednim nap\u0119dem i podw\u00f3jnymi glowicami szczotek, przeznaczona do obiekt\u00f3w \u015bredniej l du\u017cej wielko\u015bci. Standardowo wyposazona jest w dwie szczotki o \u015brednicy 17 cal, zbilomiki na wode czysta i brudn\u0105 o pojemno\u015bci 160 litr\u00f3w oraz jest kompatybilna z akumulatorem AGM 35V150Ah lub akumulatorem litowym. Zbiomik na brudn\u0105 wode [&hellip;]<\/p>\n","protected":false},"featured_media":530,"comment_status":"open","ping_status":"closed","template":"","meta":{"_acf_changed":false},"product_brand":[],"product_cat":[26,22],"product_tag":[],"class_list":{"0":"post-529","1":"product","2":"type-product","3":"status-publish","4":"has-post-thumbnail","6":"product_cat-maszyny-czyszczace","7":"product_cat-noblelift","9":"first","10":"instock","11":"shipping-taxable","12":"product-type-simple"},"acf":[],"yoast_head":"<!-- This site is optimized with the Yoast SEO plugin v27.1.1 - https:\/\/yoast.com\/product\/yoast-seo-wordpress\/ -->\n<title>Maszyna czyszcz\u0105ca - NR860 - NCLEAN<\/title>\n<meta name=\"robots\" content=\"index, follow, max-snippet:-1, max-image-preview:large, max-video-preview:-1\" \/>\n<link rel=\"canonical\" href=\"http:\/\/nclean.com.pl\/index.php\/produkt\/maszyn-czyszczaca-nr860\/\" \/>\n<meta property=\"og:locale\" content=\"pl_PL\" \/>\n<meta property=\"og:type\" content=\"article\" \/>\n<meta property=\"og:title\" content=\"Maszyna czyszcz\u0105ca - NR860 - NCLEAN\" \/>\n<meta property=\"og:description\" content=\"NR860 to nowo zaprojektowana, kompaktowa samojezdna maszyna z przednim nap\u0119dem i podw\u00f3jnymi glowicami szczotek, przeznaczona do obiekt\u00f3w \u015bredniej l du\u017cej wielko\u015bci. Standardowo wyposazona jest w dwie szczotki o \u015brednicy 17 cal, zbilomiki na wode czysta i brudn\u0105 o pojemno\u015bci 160 litr\u00f3w oraz jest kompatybilna z akumulatorem AGM 35V150Ah lub akumulatorem litowym. Zbiomik na brudn\u0105 wode [&hellip;]\" \/>\n<meta property=\"og:url\" content=\"http:\/\/nclean.com.pl\/index.php\/produkt\/maszyn-czyszczaca-nr860\/\" \/>\n<meta property=\"og:site_name\" content=\"NCLEAN\" \/>\n<meta property=\"article:publisher\" content=\"https:\/\/www.facebook.com\/ncleancompl\/\" \/>\n<meta property=\"article:modified_time\" content=\"2025-10-11T20:50:05+00:00\" \/>\n<meta property=\"og:image\" content=\"http:\/\/nclean.com.pl\/wp-content\/uploads\/2025\/09\/20250407033449873.jpg\" \/>\n\t<meta property=\"og:image:width\" content=\"2272\" \/>\n\t<meta property=\"og:image:height\" content=\"2024\" \/>\n\t<meta property=\"og:image:type\" content=\"image\/jpeg\" \/>\n<meta name=\"twitter:card\" content=\"summary_large_image\" \/>\n<meta name=\"twitter:label1\" content=\"Szacowany czas czytania\" \/>\n\t<meta name=\"twitter:data1\" content=\"1 minuta\" \/>\n<script type=\"application\/ld+json\" class=\"yoast-schema-graph\">{\"@context\":\"https:\/\/schema.org\",\"@graph\":[{\"@type\":\"WebPage\",\"@id\":\"http:\/\/nclean.com.pl\/index.php\/produkt\/maszyn-czyszczaca-nr860\/\",\"url\":\"http:\/\/nclean.com.pl\/index.php\/produkt\/maszyn-czyszczaca-nr860\/\",\"name\":\"Maszyna czyszcz\u0105ca - NR860 - NCLEAN\",\"isPartOf\":{\"@id\":\"http:\/\/nclean.com.pl\/#website\"},\"primaryImageOfPage\":{\"@id\":\"http:\/\/nclean.com.pl\/index.php\/produkt\/maszyn-czyszczaca-nr860\/#primaryimage\"},\"image\":{\"@id\":\"http:\/\/nclean.com.pl\/index.php\/produkt\/maszyn-czyszczaca-nr860\/#primaryimage\"},\"thumbnailUrl\":\"https:\/\/nclean.com.pl\/wp-content\/uploads\/2025\/09\/20250407033449873.jpg\",\"datePublished\":\"2025-09-09T08:37:15+00:00\",\"dateModified\":\"2025-10-11T20:50:05+00:00\",\"breadcrumb\":{\"@id\":\"http:\/\/nclean.com.pl\/index.php\/produkt\/maszyn-czyszczaca-nr860\/#breadcrumb\"},\"inLanguage\":\"pl-PL\",\"potentialAction\":[{\"@type\":\"ReadAction\",\"target\":[\"http:\/\/nclean.com.pl\/index.php\/produkt\/maszyn-czyszczaca-nr860\/\"]}]},{\"@type\":\"ImageObject\",\"inLanguage\":\"pl-PL\",\"@id\":\"http:\/\/nclean.com.pl\/index.php\/produkt\/maszyn-czyszczaca-nr860\/#primaryimage\",\"url\":\"https:\/\/nclean.com.pl\/wp-content\/uploads\/2025\/09\/20250407033449873.jpg\",\"contentUrl\":\"https:\/\/nclean.com.pl\/wp-content\/uploads\/2025\/09\/20250407033449873.jpg\",\"width\":2272,\"height\":2024},{\"@type\":\"BreadcrumbList\",\"@id\":\"http:\/\/nclean.com.pl\/index.php\/produkt\/maszyn-czyszczaca-nr860\/#breadcrumb\",\"itemListElement\":[{\"@type\":\"ListItem\",\"position\":1,\"name\":\"Strona g\u0142\u00f3wna\",\"item\":\"http:\/\/nclean.com.pl\/\"},{\"@type\":\"ListItem\",\"position\":2,\"name\":\"Sklep\",\"item\":\"https:\/\/nclean.com.pl\/index.php\/sklep\/\"},{\"@type\":\"ListItem\",\"position\":3,\"name\":\"Maszyna czyszcz\u0105ca &#8211; NR860\"}]},{\"@type\":\"WebSite\",\"@id\":\"http:\/\/nclean.com.pl\/#website\",\"url\":\"http:\/\/nclean.com.pl\/\",\"name\":\"NCLEAN\",\"description\":\"Czynimy sprz\u0105tanie \u0142atwiejszym!\",\"publisher\":{\"@id\":\"http:\/\/nclean.com.pl\/#organization\"},\"potentialAction\":[{\"@type\":\"SearchAction\",\"target\":{\"@type\":\"EntryPoint\",\"urlTemplate\":\"http:\/\/nclean.com.pl\/?s={search_term_string}\"},\"query-input\":{\"@type\":\"PropertyValueSpecification\",\"valueRequired\":true,\"valueName\":\"search_term_string\"}}],\"inLanguage\":\"pl-PL\"},{\"@type\":\"Organization\",\"@id\":\"http:\/\/nclean.com.pl\/#organization\",\"name\":\"NCLEAN\",\"url\":\"http:\/\/nclean.com.pl\/\",\"logo\":{\"@type\":\"ImageObject\",\"inLanguage\":\"pl-PL\",\"@id\":\"http:\/\/nclean.com.pl\/#\/schema\/logo\/image\/\",\"url\":\"http:\/\/nclean.com.pl\/wp-content\/uploads\/2026\/03\/1a-scaled.png\",\"contentUrl\":\"http:\/\/nclean.com.pl\/wp-content\/uploads\/2026\/03\/1a-scaled.png\",\"width\":2560,\"height\":2560,\"caption\":\"NCLEAN\"},\"image\":{\"@id\":\"http:\/\/nclean.com.pl\/#\/schema\/logo\/image\/\"},\"sameAs\":[\"https:\/\/www.facebook.com\/ncleancompl\/\",\"https:\/\/www.instagram.com\/nclean_com_pl\/\"]}]}<\/script>\n<!-- \/ Yoast SEO plugin. -->","yoast_head_json":{"title":"Maszyna czyszcz\u0105ca - NR860 - NCLEAN","robots":{"index":"index","follow":"follow","max-snippet":"max-snippet:-1","max-image-preview":"max-image-preview:large","max-video-preview":"max-video-preview:-1"},"canonical":"http:\/\/nclean.com.pl\/index.php\/produkt\/maszyn-czyszczaca-nr860\/","og_locale":"pl_PL","og_type":"article","og_title":"Maszyna czyszcz\u0105ca - NR860 - NCLEAN","og_description":"NR860 to nowo zaprojektowana, kompaktowa samojezdna maszyna z przednim nap\u0119dem i podw\u00f3jnymi glowicami szczotek, przeznaczona do obiekt\u00f3w \u015bredniej l du\u017cej wielko\u015bci. Standardowo wyposazona jest w dwie szczotki o \u015brednicy 17 cal, zbilomiki na wode czysta i brudn\u0105 o pojemno\u015bci 160 litr\u00f3w oraz jest kompatybilna z akumulatorem AGM 35V150Ah lub akumulatorem litowym. Zbiomik na brudn\u0105 wode [&hellip;]","og_url":"http:\/\/nclean.com.pl\/index.php\/produkt\/maszyn-czyszczaca-nr860\/","og_site_name":"NCLEAN","article_publisher":"https:\/\/www.facebook.com\/ncleancompl\/","article_modified_time":"2025-10-11T20:50:05+00:00","og_image":[{"width":2272,"height":2024,"url":"http:\/\/nclean.com.pl\/wp-content\/uploads\/2025\/09\/20250407033449873.jpg","type":"image\/jpeg"}],"twitter_card":"summary_large_image","twitter_misc":{"Szacowany czas czytania":"1 minuta"},"schema":{"@context":"https:\/\/schema.org","@graph":[{"@type":"WebPage","@id":"http:\/\/nclean.com.pl\/index.php\/produkt\/maszyn-czyszczaca-nr860\/","url":"http:\/\/nclean.com.pl\/index.php\/produkt\/maszyn-czyszczaca-nr860\/","name":"Maszyna czyszcz\u0105ca - NR860 - NCLEAN","isPartOf":{"@id":"http:\/\/nclean.com.pl\/#website"},"primaryImageOfPage":{"@id":"http:\/\/nclean.com.pl\/index.php\/produkt\/maszyn-czyszczaca-nr860\/#primaryimage"},"image":{"@id":"http:\/\/nclean.com.pl\/index.php\/produkt\/maszyn-czyszczaca-nr860\/#primaryimage"},"thumbnailUrl":"https:\/\/nclean.com.pl\/wp-content\/uploads\/2025\/09\/20250407033449873.jpg","datePublished":"2025-09-09T08:37:15+00:00","dateModified":"2025-10-11T20:50:05+00:00","breadcrumb":{"@id":"http:\/\/nclean.com.pl\/index.php\/produkt\/maszyn-czyszczaca-nr860\/#breadcrumb"},"inLanguage":"pl-PL","potentialAction":[{"@type":"ReadAction","target":["http:\/\/nclean.com.pl\/index.php\/produkt\/maszyn-czyszczaca-nr860\/"]}]},{"@type":"ImageObject","inLanguage":"pl-PL","@id":"http:\/\/nclean.com.pl\/index.php\/produkt\/maszyn-czyszczaca-nr860\/#primaryimage","url":"https:\/\/nclean.com.pl\/wp-content\/uploads\/2025\/09\/20250407033449873.jpg","contentUrl":"https:\/\/nclean.com.pl\/wp-content\/uploads\/2025\/09\/20250407033449873.jpg","width":2272,"height":2024},{"@type":"BreadcrumbList","@id":"http:\/\/nclean.com.pl\/index.php\/produkt\/maszyn-czyszczaca-nr860\/#breadcrumb","itemListElement":[{"@type":"ListItem","position":1,"name":"Strona g\u0142\u00f3wna","item":"http:\/\/nclean.com.pl\/"},{"@type":"ListItem","position":2,"name":"Sklep","item":"https:\/\/nclean.com.pl\/index.php\/sklep\/"},{"@type":"ListItem","position":3,"name":"Maszyna czyszcz\u0105ca &#8211; NR860"}]},{"@type":"WebSite","@id":"http:\/\/nclean.com.pl\/#website","url":"http:\/\/nclean.com.pl\/","name":"NCLEAN","description":"Czynimy sprz\u0105tanie \u0142atwiejszym!","publisher":{"@id":"http:\/\/nclean.com.pl\/#organization"},"potentialAction":[{"@type":"SearchAction","target":{"@type":"EntryPoint","urlTemplate":"http:\/\/nclean.com.pl\/?s={search_term_string}"},"query-input":{"@type":"PropertyValueSpecification","valueRequired":true,"valueName":"search_term_string"}}],"inLanguage":"pl-PL"},{"@type":"Organization","@id":"http:\/\/nclean.com.pl\/#organization","name":"NCLEAN","url":"http:\/\/nclean.com.pl\/","logo":{"@type":"ImageObject","inLanguage":"pl-PL","@id":"http:\/\/nclean.com.pl\/#\/schema\/logo\/image\/","url":"http:\/\/nclean.com.pl\/wp-content\/uploads\/2026\/03\/1a-scaled.png","contentUrl":"http:\/\/nclean.com.pl\/wp-content\/uploads\/2026\/03\/1a-scaled.png","width":2560,"height":2560,"caption":"NCLEAN"},"image":{"@id":"http:\/\/nclean.com.pl\/#\/schema\/logo\/image\/"},"sameAs":["https:\/\/www.facebook.com\/ncleancompl\/","https:\/\/www.instagram.com\/nclean_com_pl\/"]}]}},"_links":{"self":[{"href":"https:\/\/nclean.com.pl\/index.php\/wp-json\/wp\/v2\/product\/529","targetHints":{"allow":["GET"]}}],"collection":[{"href":"https:\/\/nclean.com.pl\/index.php\/wp-json\/wp\/v2\/product"}],"about":[{"href":"https:\/\/nclean.com.pl\/index.php\/wp-json\/wp\/v2\/types\/product"}],"replies":[{"embeddable":true,"href":"https:\/\/nclean.com.pl\/index.php\/wp-json\/wp\/v2\/comments?post=529"}],"wp:featuredmedia":[{"embeddable":true,"href":"https:\/\/nclean.com.pl\/index.php\/wp-json\/wp\/v2\/media\/530"}],"wp:attachment":[{"href":"https:\/\/nclean.com.pl\/index.php\/wp-json\/wp\/v2\/media?parent=529"}],"wp:term":[{"taxonomy":"product_brand","embeddable":true,"href":"https:\/\/nclean.com.pl\/index.php\/wp-json\/wp\/v2\/product_brand?post=529"},{"taxonomy":"product_cat","embeddable":true,"href":"https:\/\/nclean.com.pl\/index.php\/wp-json\/wp\/v2\/product_cat?post=529"},{"taxonomy":"product_tag","embeddable":true,"href":"https:\/\/nclean.com.pl\/index.php\/wp-json\/wp\/v2\/product_tag?post=529"}],"curies":[{"name":"wp","href":"https:\/\/api.w.org\/{rel}","templated":true}]}}