{"id":522,"date":"2025-09-09T10:29:22","date_gmt":"2025-09-09T08:29:22","guid":{"rendered":"https:\/\/nclean.com.pl\/?post_type=product&#038;p=522"},"modified":"2025-10-11T23:16:43","modified_gmt":"2025-10-11T21:16:43","slug":"urzadzenie-do-mycia-podlog-nb460","status":"publish","type":"product","link":"https:\/\/nclean.com.pl\/index.php\/produkt\/urzadzenie-do-mycia-podlog-nb460\/","title":{"rendered":"Urz\u0105dzenie do mycia pod\u0142\u00f3g &#8211; NB460"},"content":{"rendered":"<p>NB460 to nowo zaprojektowane, kompaktowe, prowadzone r\u0119cznie urz\u0105dzenie do mycia pod\u0142\u00f3g o szeroko\u015bci roboczej 460 mm oraz pojemno\u015bci zbiornika na \u015bcieki\/wod\u0119 czyst\u0105 25L. Ca\u0142a maszyna zosta\u0142a zaprojektowana pod k\u0105tem wyposa\u017cenia w akumulator AGM \u00a024V100Ah lub wysokowydajny akumulator litowy.<\/p>\n<ul>\n<li>Lekka konstrukcja i szeroko\u015b\u0107 robocza 460 mm, umo\u017cliwiaj\u0105 \u0142atw\u0105 obs\u0142ug\u0119 w w\u0105skich przej\u015bciach oraz sprawiaj\u0105, \u017ce urz\u0105dzenie nadaje si\u0119 do sprz\u0105tania biur i lokali komercyjnych o ma\u0142ej i \u015bredniej powierzchni.<\/li>\n<li>Wodoodporny panel dotykowy jest stabilny i niezawodny a karta RFC steruje w\u0142\u0105czaniem\/wy\u0142\u0105czaniem zasilania.<\/li>\n<li>Jednoprzyciskowa funkcja ECO pozwala na bardzo cich\u0105, energooszcz\u0119dn\u0105 prac\u0119 \u2013 idealn\u0105 do miejsc wra\u017cliwych na ha\u0142as.<\/li>\n<li>Przycisk na r\u0105czce steruje uruchomieniem szczotki \u2013 w zat\u0142oczonych miejscach mo\u017cna w dowolnym momencie w\u0142\u0105czy\u0107 lub zatrzyma\u0107 szczotk\u0119, by unikn\u0105\u0107 uszkodze\u0144 pod\u0142o\u017ca.<\/li>\n<li>Zbiornik na \u015bcieki mo\u017cna odchyli\u0107 i zdemontowa\u0107 bez u\u017cycia narz\u0119dzi, co u\u0142atwia czyszczenie i konserwacj\u0119<\/li>\n<li>Mechanizm regulacji k\u0105ta \u015bci\u0105gaczki zapewnia skuteczne zbieranie wody.<\/li>\n<li>St\u00f3\u0142 monta\u017cu szczotki\/uchwytu pada, posiada regulowan\u0105 konstrukcj\u0119 r\u00f3wnowa\u017c\u0105c\u0105, co pozwala na dostosowanie do r\u00f3\u017cnych typ\u00f3w pod\u0142o\u017ca.<\/li>\n<li>Du\u017ca komora akumulatora mie\u015bci dwa akumulatory 12V100Ah, umo\u017cliwiaj\u0105c nieprzerwan\u0105 prac\u0119 przez ponad 6 godzin.<\/li>\n<li>Regulacja k\u0105ta urz\u0105dzenia pozwala na oddzieln\u0105 funkcj\u0119 odsysania wody.<\/li>\n<li>Bezszczotkowy silnik ss\u0105cy, zapewnia wysok\u0105 wydajno\u015b\u0107 i oszcz\u0119dno\u015b\u0107 energii.<\/li>\n<li>Zbiornik na czyst\u0105 wod\u0119 i na \u015bcieki o pojemno\u015bci 30L spe\u0142nia wymagania wi\u0119kszo\u015bci zastosowa\u0144.<\/li>\n<li>Opcjonalny koszyk na \u015brodki czysto\u015bci.<\/li>\n<\/ul>\n","protected":false},"excerpt":{"rendered":"<p>NB460 to nowo zaprojektowane, kompaktowe, prowadzone r\u0119cznie urz\u0105dzenie do mycia pod\u0142\u00f3g o szeroko\u015bci roboczej 460 mm oraz pojemno\u015bci zbiornika na \u015bcieki\/wod\u0119 czyst\u0105 25L. Ca\u0142a maszyna zosta\u0142a zaprojektowana pod k\u0105tem wyposa\u017cenia w akumulator AGM \u00a024V100Ah lub wysokowydajny akumulator litowy. Lekka konstrukcja i szeroko\u015b\u0107 robocza 460 mm, umo\u017cliwiaj\u0105 \u0142atw\u0105 obs\u0142ug\u0119 w w\u0105skich przej\u015bciach oraz sprawiaj\u0105, \u017ce urz\u0105dzenie [&hellip;]<\/p>\n","protected":false},"featured_media":523,"comment_status":"open","ping_status":"closed","template":"","meta":{"_acf_changed":false},"product_brand":[],"product_cat":[26,22],"product_tag":[],"class_list":{"0":"post-522","1":"product","2":"type-product","3":"status-publish","4":"has-post-thumbnail","6":"product_cat-maszyny-czyszczace","7":"product_cat-noblelift","9":"first","10":"instock","11":"shipping-taxable","12":"product-type-simple"},"acf":[],"yoast_head":"<!-- This site is optimized with the Yoast SEO plugin v27.1.1 - https:\/\/yoast.com\/product\/yoast-seo-wordpress\/ -->\n<title>Urz\u0105dzenie do mycia pod\u0142\u00f3g - NB460 - NCLEAN<\/title>\n<meta name=\"robots\" content=\"index, follow, max-snippet:-1, max-image-preview:large, max-video-preview:-1\" \/>\n<link rel=\"canonical\" href=\"http:\/\/nclean.com.pl\/index.php\/produkt\/urzadzenie-do-mycia-podlog-nb460\/\" \/>\n<meta property=\"og:locale\" content=\"pl_PL\" \/>\n<meta property=\"og:type\" content=\"article\" \/>\n<meta property=\"og:title\" content=\"Urz\u0105dzenie do mycia pod\u0142\u00f3g - NB460 - NCLEAN\" \/>\n<meta property=\"og:description\" content=\"NB460 to nowo zaprojektowane, kompaktowe, prowadzone r\u0119cznie urz\u0105dzenie do mycia pod\u0142\u00f3g o szeroko\u015bci roboczej 460 mm oraz pojemno\u015bci zbiornika na \u015bcieki\/wod\u0119 czyst\u0105 25L. Ca\u0142a maszyna zosta\u0142a zaprojektowana pod k\u0105tem wyposa\u017cenia w akumulator AGM \u00a024V100Ah lub wysokowydajny akumulator litowy. Lekka konstrukcja i szeroko\u015b\u0107 robocza 460 mm, umo\u017cliwiaj\u0105 \u0142atw\u0105 obs\u0142ug\u0119 w w\u0105skich przej\u015bciach oraz sprawiaj\u0105, \u017ce urz\u0105dzenie [&hellip;]\" \/>\n<meta property=\"og:url\" content=\"http:\/\/nclean.com.pl\/index.php\/produkt\/urzadzenie-do-mycia-podlog-nb460\/\" \/>\n<meta property=\"og:site_name\" content=\"NCLEAN\" \/>\n<meta property=\"article:publisher\" content=\"https:\/\/www.facebook.com\/ncleancompl\/\" \/>\n<meta property=\"article:modified_time\" content=\"2025-10-11T21:16:43+00:00\" \/>\n<meta property=\"og:image\" content=\"http:\/\/nclean.com.pl\/wp-content\/uploads\/2025\/09\/20250823082818124.jpg\" \/>\n\t<meta property=\"og:image:width\" content=\"520\" \/>\n\t<meta property=\"og:image:height\" content=\"360\" \/>\n\t<meta property=\"og:image:type\" content=\"image\/jpeg\" \/>\n<meta name=\"twitter:card\" content=\"summary_large_image\" \/>\n<meta name=\"twitter:label1\" content=\"Szacowany czas czytania\" \/>\n\t<meta name=\"twitter:data1\" content=\"1 minuta\" \/>\n<script type=\"application\/ld+json\" class=\"yoast-schema-graph\">{\"@context\":\"https:\/\/schema.org\",\"@graph\":[{\"@type\":\"WebPage\",\"@id\":\"http:\/\/nclean.com.pl\/index.php\/produkt\/urzadzenie-do-mycia-podlog-nb460\/\",\"url\":\"http:\/\/nclean.com.pl\/index.php\/produkt\/urzadzenie-do-mycia-podlog-nb460\/\",\"name\":\"Urz\u0105dzenie do mycia pod\u0142\u00f3g - NB460 - NCLEAN\",\"isPartOf\":{\"@id\":\"http:\/\/nclean.com.pl\/#website\"},\"primaryImageOfPage\":{\"@id\":\"http:\/\/nclean.com.pl\/index.php\/produkt\/urzadzenie-do-mycia-podlog-nb460\/#primaryimage\"},\"image\":{\"@id\":\"http:\/\/nclean.com.pl\/index.php\/produkt\/urzadzenie-do-mycia-podlog-nb460\/#primaryimage\"},\"thumbnailUrl\":\"https:\/\/nclean.com.pl\/wp-content\/uploads\/2025\/09\/20250823082818124.jpg\",\"datePublished\":\"2025-09-09T08:29:22+00:00\",\"dateModified\":\"2025-10-11T21:16:43+00:00\",\"breadcrumb\":{\"@id\":\"http:\/\/nclean.com.pl\/index.php\/produkt\/urzadzenie-do-mycia-podlog-nb460\/#breadcrumb\"},\"inLanguage\":\"pl-PL\",\"potentialAction\":[{\"@type\":\"ReadAction\",\"target\":[\"http:\/\/nclean.com.pl\/index.php\/produkt\/urzadzenie-do-mycia-podlog-nb460\/\"]}]},{\"@type\":\"ImageObject\",\"inLanguage\":\"pl-PL\",\"@id\":\"http:\/\/nclean.com.pl\/index.php\/produkt\/urzadzenie-do-mycia-podlog-nb460\/#primaryimage\",\"url\":\"https:\/\/nclean.com.pl\/wp-content\/uploads\/2025\/09\/20250823082818124.jpg\",\"contentUrl\":\"https:\/\/nclean.com.pl\/wp-content\/uploads\/2025\/09\/20250823082818124.jpg\",\"width\":520,\"height\":360},{\"@type\":\"BreadcrumbList\",\"@id\":\"http:\/\/nclean.com.pl\/index.php\/produkt\/urzadzenie-do-mycia-podlog-nb460\/#breadcrumb\",\"itemListElement\":[{\"@type\":\"ListItem\",\"position\":1,\"name\":\"Strona g\u0142\u00f3wna\",\"item\":\"http:\/\/nclean.com.pl\/\"},{\"@type\":\"ListItem\",\"position\":2,\"name\":\"Sklep\",\"item\":\"https:\/\/nclean.com.pl\/index.php\/sklep\/\"},{\"@type\":\"ListItem\",\"position\":3,\"name\":\"Urz\u0105dzenie do mycia pod\u0142\u00f3g &#8211; NB460\"}]},{\"@type\":\"WebSite\",\"@id\":\"http:\/\/nclean.com.pl\/#website\",\"url\":\"http:\/\/nclean.com.pl\/\",\"name\":\"NCLEAN\",\"description\":\"Czynimy sprz\u0105tanie \u0142atwiejszym!\",\"publisher\":{\"@id\":\"http:\/\/nclean.com.pl\/#organization\"},\"potentialAction\":[{\"@type\":\"SearchAction\",\"target\":{\"@type\":\"EntryPoint\",\"urlTemplate\":\"http:\/\/nclean.com.pl\/?s={search_term_string}\"},\"query-input\":{\"@type\":\"PropertyValueSpecification\",\"valueRequired\":true,\"valueName\":\"search_term_string\"}}],\"inLanguage\":\"pl-PL\"},{\"@type\":\"Organization\",\"@id\":\"http:\/\/nclean.com.pl\/#organization\",\"name\":\"NCLEAN\",\"url\":\"http:\/\/nclean.com.pl\/\",\"logo\":{\"@type\":\"ImageObject\",\"inLanguage\":\"pl-PL\",\"@id\":\"http:\/\/nclean.com.pl\/#\/schema\/logo\/image\/\",\"url\":\"http:\/\/nclean.com.pl\/wp-content\/uploads\/2026\/03\/1a-scaled.png\",\"contentUrl\":\"http:\/\/nclean.com.pl\/wp-content\/uploads\/2026\/03\/1a-scaled.png\",\"width\":2560,\"height\":2560,\"caption\":\"NCLEAN\"},\"image\":{\"@id\":\"http:\/\/nclean.com.pl\/#\/schema\/logo\/image\/\"},\"sameAs\":[\"https:\/\/www.facebook.com\/ncleancompl\/\",\"https:\/\/www.instagram.com\/nclean_com_pl\/\"]}]}<\/script>\n<!-- \/ Yoast SEO plugin. -->","yoast_head_json":{"title":"Urz\u0105dzenie do mycia pod\u0142\u00f3g - NB460 - NCLEAN","robots":{"index":"index","follow":"follow","max-snippet":"max-snippet:-1","max-image-preview":"max-image-preview:large","max-video-preview":"max-video-preview:-1"},"canonical":"http:\/\/nclean.com.pl\/index.php\/produkt\/urzadzenie-do-mycia-podlog-nb460\/","og_locale":"pl_PL","og_type":"article","og_title":"Urz\u0105dzenie do mycia pod\u0142\u00f3g - NB460 - NCLEAN","og_description":"NB460 to nowo zaprojektowane, kompaktowe, prowadzone r\u0119cznie urz\u0105dzenie do mycia pod\u0142\u00f3g o szeroko\u015bci roboczej 460 mm oraz pojemno\u015bci zbiornika na \u015bcieki\/wod\u0119 czyst\u0105 25L. Ca\u0142a maszyna zosta\u0142a zaprojektowana pod k\u0105tem wyposa\u017cenia w akumulator AGM \u00a024V100Ah lub wysokowydajny akumulator litowy. Lekka konstrukcja i szeroko\u015b\u0107 robocza 460 mm, umo\u017cliwiaj\u0105 \u0142atw\u0105 obs\u0142ug\u0119 w w\u0105skich przej\u015bciach oraz sprawiaj\u0105, \u017ce urz\u0105dzenie [&hellip;]","og_url":"http:\/\/nclean.com.pl\/index.php\/produkt\/urzadzenie-do-mycia-podlog-nb460\/","og_site_name":"NCLEAN","article_publisher":"https:\/\/www.facebook.com\/ncleancompl\/","article_modified_time":"2025-10-11T21:16:43+00:00","og_image":[{"width":520,"height":360,"url":"http:\/\/nclean.com.pl\/wp-content\/uploads\/2025\/09\/20250823082818124.jpg","type":"image\/jpeg"}],"twitter_card":"summary_large_image","twitter_misc":{"Szacowany czas czytania":"1 minuta"},"schema":{"@context":"https:\/\/schema.org","@graph":[{"@type":"WebPage","@id":"http:\/\/nclean.com.pl\/index.php\/produkt\/urzadzenie-do-mycia-podlog-nb460\/","url":"http:\/\/nclean.com.pl\/index.php\/produkt\/urzadzenie-do-mycia-podlog-nb460\/","name":"Urz\u0105dzenie do mycia pod\u0142\u00f3g - NB460 - NCLEAN","isPartOf":{"@id":"http:\/\/nclean.com.pl\/#website"},"primaryImageOfPage":{"@id":"http:\/\/nclean.com.pl\/index.php\/produkt\/urzadzenie-do-mycia-podlog-nb460\/#primaryimage"},"image":{"@id":"http:\/\/nclean.com.pl\/index.php\/produkt\/urzadzenie-do-mycia-podlog-nb460\/#primaryimage"},"thumbnailUrl":"https:\/\/nclean.com.pl\/wp-content\/uploads\/2025\/09\/20250823082818124.jpg","datePublished":"2025-09-09T08:29:22+00:00","dateModified":"2025-10-11T21:16:43+00:00","breadcrumb":{"@id":"http:\/\/nclean.com.pl\/index.php\/produkt\/urzadzenie-do-mycia-podlog-nb460\/#breadcrumb"},"inLanguage":"pl-PL","potentialAction":[{"@type":"ReadAction","target":["http:\/\/nclean.com.pl\/index.php\/produkt\/urzadzenie-do-mycia-podlog-nb460\/"]}]},{"@type":"ImageObject","inLanguage":"pl-PL","@id":"http:\/\/nclean.com.pl\/index.php\/produkt\/urzadzenie-do-mycia-podlog-nb460\/#primaryimage","url":"https:\/\/nclean.com.pl\/wp-content\/uploads\/2025\/09\/20250823082818124.jpg","contentUrl":"https:\/\/nclean.com.pl\/wp-content\/uploads\/2025\/09\/20250823082818124.jpg","width":520,"height":360},{"@type":"BreadcrumbList","@id":"http:\/\/nclean.com.pl\/index.php\/produkt\/urzadzenie-do-mycia-podlog-nb460\/#breadcrumb","itemListElement":[{"@type":"ListItem","position":1,"name":"Strona g\u0142\u00f3wna","item":"http:\/\/nclean.com.pl\/"},{"@type":"ListItem","position":2,"name":"Sklep","item":"https:\/\/nclean.com.pl\/index.php\/sklep\/"},{"@type":"ListItem","position":3,"name":"Urz\u0105dzenie do mycia pod\u0142\u00f3g &#8211; NB460"}]},{"@type":"WebSite","@id":"http:\/\/nclean.com.pl\/#website","url":"http:\/\/nclean.com.pl\/","name":"NCLEAN","description":"Czynimy sprz\u0105tanie \u0142atwiejszym!","publisher":{"@id":"http:\/\/nclean.com.pl\/#organization"},"potentialAction":[{"@type":"SearchAction","target":{"@type":"EntryPoint","urlTemplate":"http:\/\/nclean.com.pl\/?s={search_term_string}"},"query-input":{"@type":"PropertyValueSpecification","valueRequired":true,"valueName":"search_term_string"}}],"inLanguage":"pl-PL"},{"@type":"Organization","@id":"http:\/\/nclean.com.pl\/#organization","name":"NCLEAN","url":"http:\/\/nclean.com.pl\/","logo":{"@type":"ImageObject","inLanguage":"pl-PL","@id":"http:\/\/nclean.com.pl\/#\/schema\/logo\/image\/","url":"http:\/\/nclean.com.pl\/wp-content\/uploads\/2026\/03\/1a-scaled.png","contentUrl":"http:\/\/nclean.com.pl\/wp-content\/uploads\/2026\/03\/1a-scaled.png","width":2560,"height":2560,"caption":"NCLEAN"},"image":{"@id":"http:\/\/nclean.com.pl\/#\/schema\/logo\/image\/"},"sameAs":["https:\/\/www.facebook.com\/ncleancompl\/","https:\/\/www.instagram.com\/nclean_com_pl\/"]}]}},"_links":{"self":[{"href":"https:\/\/nclean.com.pl\/index.php\/wp-json\/wp\/v2\/product\/522","targetHints":{"allow":["GET"]}}],"collection":[{"href":"https:\/\/nclean.com.pl\/index.php\/wp-json\/wp\/v2\/product"}],"about":[{"href":"https:\/\/nclean.com.pl\/index.php\/wp-json\/wp\/v2\/types\/product"}],"replies":[{"embeddable":true,"href":"https:\/\/nclean.com.pl\/index.php\/wp-json\/wp\/v2\/comments?post=522"}],"wp:featuredmedia":[{"embeddable":true,"href":"https:\/\/nclean.com.pl\/index.php\/wp-json\/wp\/v2\/media\/523"}],"wp:attachment":[{"href":"https:\/\/nclean.com.pl\/index.php\/wp-json\/wp\/v2\/media?parent=522"}],"wp:term":[{"taxonomy":"product_brand","embeddable":true,"href":"https:\/\/nclean.com.pl\/index.php\/wp-json\/wp\/v2\/product_brand?post=522"},{"taxonomy":"product_cat","embeddable":true,"href":"https:\/\/nclean.com.pl\/index.php\/wp-json\/wp\/v2\/product_cat?post=522"},{"taxonomy":"product_tag","embeddable":true,"href":"https:\/\/nclean.com.pl\/index.php\/wp-json\/wp\/v2\/product_tag?post=522"}],"curies":[{"name":"wp","href":"https:\/\/api.w.org\/{rel}","templated":true}]}}