{"id":516,"date":"2025-09-09T10:15:26","date_gmt":"2025-09-09T08:15:26","guid":{"rendered":"https:\/\/nclean.com.pl\/?post_type=product&#038;p=516"},"modified":"2025-10-11T15:04:41","modified_gmt":"2025-10-11T13:04:41","slug":"mala-maszyna-szorujaco-zbierajaca-nb380","status":"publish","type":"product","link":"https:\/\/nclean.com.pl\/index.php\/produkt\/mala-maszyna-szorujaco-zbierajaca-nb380\/","title":{"rendered":"Ma\u0142a maszyna szoruj\u0105co-zbieraj\u0105ca &#8211; NB380"},"content":{"rendered":"<ul>\n<li>NB380 to ma\u0142a maszyna, wyposa\u017cona w bezszczotkowy silnik nap\u0119dowy szczotki oraz silnik ss\u0105cy o niskim poziomie ha\u0142asu. Maszyna ma wysok\u0105 wydajno\u015b\u0107, jest energooszcz\u0119dna a dzi\u0119ki prostej i mocnej konstrukcji ma niskie koszty eksploatacji i serwisu.<\/li>\n<li>Kompaktowy rozmiar &#8211; szeroko\u015b\u0107 szczotki 380mm, umo\u017cliwia prac\u0119 w w\u0105skich przej\u015bciach i ciasnych<\/li>\n<li>System kontroli niskiego zu\u017cycia energii, pozwala na ci\u0105g\u0142\u0105 prac\u0119 przez 1,5~2 godzin (akumulator 24V 32Ah).<\/li>\n<li>\u0141atwy w obs\u0142udze, intuicyjny i wodoodporny panel sterowania, pozwala na uruchamianie urz\u0105dzenia jednym przyciskiem a dzi\u0119ki bez kluczykowemu dost\u0119powi maszyna jest<\/li>\n<li>Maszyn\u0119 mo\u017cna stosowa\u0107 in. w ma\u0142ych magazynach, sklepach, warsztatach, szko\u0142ach oraz we wszystkich innych miejscach, kt\u00f3re wymagaj\u0105 ma\u0142ej a wysokowydajnej maszyny czyszcz\u0105cej.<\/li>\n<li>Maszyna posiada aluminiow\u0105 ssaw\u0119, bardzo dobre zabezpieczenie antykorozyjne i wydajny silnik ss\u0105cy.<\/li>\n<li>Ko\u0142nierz anty rozbryzgowy zabezpiecza czyszczon\u0105 powierzchni\u0119 wok\u00f3\u0142<\/li>\n<li>Dzi\u0119ki inteligentnym rozwi\u0105zaniom konstrukcyjnym, zbiorniki s\u0105 \u0142atwe w utrzymaniu czysto\u015bci<\/li>\n<li>Specjalna konstrukcja ssawy umo\u017cliwia jej bez problemowy monta\u017c i demonta\u017c oraz wymian\u0119 gum ssawy bez u\u017cycia narz\u0119dzi.<\/li>\n<li>Dzi\u0119ki sk\u0142adanej r\u0105czce, maszyna zajmuje bardzo ma\u0142o miejsca i mo\u017cna j\u0105 bezproblemowo transportowa\u0107.<\/li>\n<\/ul>\n","protected":false},"excerpt":{"rendered":"<p>NB380 to ma\u0142a maszyna, wyposa\u017cona w bezszczotkowy silnik nap\u0119dowy szczotki oraz silnik ss\u0105cy o niskim poziomie ha\u0142asu. Maszyna ma wysok\u0105 wydajno\u015b\u0107, jest energooszcz\u0119dna a dzi\u0119ki prostej i mocnej konstrukcji ma niskie koszty eksploatacji i serwisu. Kompaktowy rozmiar &#8211; szeroko\u015b\u0107 szczotki 380mm, umo\u017cliwia prac\u0119 w w\u0105skich przej\u015bciach i ciasnych System kontroli niskiego zu\u017cycia energii, pozwala na [&hellip;]<\/p>\n","protected":false},"featured_media":517,"comment_status":"open","ping_status":"closed","template":"","meta":{"_acf_changed":false},"product_brand":[],"product_cat":[26,22],"product_tag":[],"class_list":{"0":"post-516","1":"product","2":"type-product","3":"status-publish","4":"has-post-thumbnail","6":"product_cat-maszyny-czyszczace","7":"product_cat-noblelift","9":"first","10":"instock","11":"shipping-taxable","12":"product-type-simple"},"acf":[],"yoast_head":"<!-- This site is optimized with the Yoast SEO plugin v27.1.1 - https:\/\/yoast.com\/product\/yoast-seo-wordpress\/ -->\n<title>Ma\u0142a maszyna szoruj\u0105co-zbieraj\u0105ca - NB380 - NCLEAN<\/title>\n<meta name=\"robots\" content=\"index, follow, max-snippet:-1, max-image-preview:large, max-video-preview:-1\" \/>\n<link rel=\"canonical\" href=\"https:\/\/nclean.com.pl\/index.php\/produkt\/mala-maszyna-szorujaco-zbierajaca-nb380\/\" \/>\n<meta property=\"og:locale\" content=\"pl_PL\" \/>\n<meta property=\"og:type\" content=\"article\" \/>\n<meta property=\"og:title\" content=\"Ma\u0142a maszyna szoruj\u0105co-zbieraj\u0105ca - NB380 - NCLEAN\" \/>\n<meta property=\"og:description\" content=\"NB380 to ma\u0142a maszyna, wyposa\u017cona w bezszczotkowy silnik nap\u0119dowy szczotki oraz silnik ss\u0105cy o niskim poziomie ha\u0142asu. Maszyna ma wysok\u0105 wydajno\u015b\u0107, jest energooszcz\u0119dna a dzi\u0119ki prostej i mocnej konstrukcji ma niskie koszty eksploatacji i serwisu. Kompaktowy rozmiar &#8211; szeroko\u015b\u0107 szczotki 380mm, umo\u017cliwia prac\u0119 w w\u0105skich przej\u015bciach i ciasnych System kontroli niskiego zu\u017cycia energii, pozwala na [&hellip;]\" \/>\n<meta property=\"og:url\" content=\"https:\/\/nclean.com.pl\/index.php\/produkt\/mala-maszyna-szorujaco-zbierajaca-nb380\/\" \/>\n<meta property=\"og:site_name\" content=\"NCLEAN\" \/>\n<meta property=\"article:publisher\" content=\"https:\/\/www.facebook.com\/ncleancompl\/\" \/>\n<meta property=\"article:modified_time\" content=\"2025-10-11T13:04:41+00:00\" \/>\n<meta property=\"og:image\" content=\"https:\/\/nclean.com.pl\/wp-content\/uploads\/2025\/09\/20241017154948289.jpg\" \/>\n\t<meta property=\"og:image:width\" content=\"520\" \/>\n\t<meta property=\"og:image:height\" content=\"360\" \/>\n\t<meta property=\"og:image:type\" content=\"image\/jpeg\" \/>\n<meta name=\"twitter:card\" content=\"summary_large_image\" \/>\n<meta name=\"twitter:label1\" content=\"Szacowany czas czytania\" \/>\n\t<meta name=\"twitter:data1\" content=\"1 minuta\" \/>\n<script type=\"application\/ld+json\" class=\"yoast-schema-graph\">{\"@context\":\"https:\/\/schema.org\",\"@graph\":[{\"@type\":\"WebPage\",\"@id\":\"https:\/\/nclean.com.pl\/index.php\/produkt\/mala-maszyna-szorujaco-zbierajaca-nb380\/\",\"url\":\"https:\/\/nclean.com.pl\/index.php\/produkt\/mala-maszyna-szorujaco-zbierajaca-nb380\/\",\"name\":\"Ma\u0142a maszyna szoruj\u0105co-zbieraj\u0105ca - NB380 - NCLEAN\",\"isPartOf\":{\"@id\":\"http:\/\/nclean.com.pl\/#website\"},\"primaryImageOfPage\":{\"@id\":\"https:\/\/nclean.com.pl\/index.php\/produkt\/mala-maszyna-szorujaco-zbierajaca-nb380\/#primaryimage\"},\"image\":{\"@id\":\"https:\/\/nclean.com.pl\/index.php\/produkt\/mala-maszyna-szorujaco-zbierajaca-nb380\/#primaryimage\"},\"thumbnailUrl\":\"https:\/\/nclean.com.pl\/wp-content\/uploads\/2025\/09\/20241017154948289.jpg\",\"datePublished\":\"2025-09-09T08:15:26+00:00\",\"dateModified\":\"2025-10-11T13:04:41+00:00\",\"breadcrumb\":{\"@id\":\"https:\/\/nclean.com.pl\/index.php\/produkt\/mala-maszyna-szorujaco-zbierajaca-nb380\/#breadcrumb\"},\"inLanguage\":\"pl-PL\",\"potentialAction\":[{\"@type\":\"ReadAction\",\"target\":[\"https:\/\/nclean.com.pl\/index.php\/produkt\/mala-maszyna-szorujaco-zbierajaca-nb380\/\"]}]},{\"@type\":\"ImageObject\",\"inLanguage\":\"pl-PL\",\"@id\":\"https:\/\/nclean.com.pl\/index.php\/produkt\/mala-maszyna-szorujaco-zbierajaca-nb380\/#primaryimage\",\"url\":\"https:\/\/nclean.com.pl\/wp-content\/uploads\/2025\/09\/20241017154948289.jpg\",\"contentUrl\":\"https:\/\/nclean.com.pl\/wp-content\/uploads\/2025\/09\/20241017154948289.jpg\",\"width\":520,\"height\":360},{\"@type\":\"BreadcrumbList\",\"@id\":\"https:\/\/nclean.com.pl\/index.php\/produkt\/mala-maszyna-szorujaco-zbierajaca-nb380\/#breadcrumb\",\"itemListElement\":[{\"@type\":\"ListItem\",\"position\":1,\"name\":\"Strona g\u0142\u00f3wna\",\"item\":\"http:\/\/nclean.com.pl\/\"},{\"@type\":\"ListItem\",\"position\":2,\"name\":\"Sklep\",\"item\":\"https:\/\/nclean.com.pl\/index.php\/sklep\/\"},{\"@type\":\"ListItem\",\"position\":3,\"name\":\"Ma\u0142a maszyna szoruj\u0105co-zbieraj\u0105ca &#8211; NB380\"}]},{\"@type\":\"WebSite\",\"@id\":\"http:\/\/nclean.com.pl\/#website\",\"url\":\"http:\/\/nclean.com.pl\/\",\"name\":\"NCLEAN\",\"description\":\"Czynimy sprz\u0105tanie \u0142atwiejszym!\",\"publisher\":{\"@id\":\"http:\/\/nclean.com.pl\/#organization\"},\"potentialAction\":[{\"@type\":\"SearchAction\",\"target\":{\"@type\":\"EntryPoint\",\"urlTemplate\":\"http:\/\/nclean.com.pl\/?s={search_term_string}\"},\"query-input\":{\"@type\":\"PropertyValueSpecification\",\"valueRequired\":true,\"valueName\":\"search_term_string\"}}],\"inLanguage\":\"pl-PL\"},{\"@type\":\"Organization\",\"@id\":\"http:\/\/nclean.com.pl\/#organization\",\"name\":\"NCLEAN\",\"url\":\"http:\/\/nclean.com.pl\/\",\"logo\":{\"@type\":\"ImageObject\",\"inLanguage\":\"pl-PL\",\"@id\":\"http:\/\/nclean.com.pl\/#\/schema\/logo\/image\/\",\"url\":\"http:\/\/nclean.com.pl\/wp-content\/uploads\/2026\/03\/1a-scaled.png\",\"contentUrl\":\"http:\/\/nclean.com.pl\/wp-content\/uploads\/2026\/03\/1a-scaled.png\",\"width\":2560,\"height\":2560,\"caption\":\"NCLEAN\"},\"image\":{\"@id\":\"http:\/\/nclean.com.pl\/#\/schema\/logo\/image\/\"},\"sameAs\":[\"https:\/\/www.facebook.com\/ncleancompl\/\",\"https:\/\/www.instagram.com\/nclean_com_pl\/\"]}]}<\/script>\n<!-- \/ Yoast SEO plugin. -->","yoast_head_json":{"title":"Ma\u0142a maszyna szoruj\u0105co-zbieraj\u0105ca - NB380 - NCLEAN","robots":{"index":"index","follow":"follow","max-snippet":"max-snippet:-1","max-image-preview":"max-image-preview:large","max-video-preview":"max-video-preview:-1"},"canonical":"https:\/\/nclean.com.pl\/index.php\/produkt\/mala-maszyna-szorujaco-zbierajaca-nb380\/","og_locale":"pl_PL","og_type":"article","og_title":"Ma\u0142a maszyna szoruj\u0105co-zbieraj\u0105ca - NB380 - NCLEAN","og_description":"NB380 to ma\u0142a maszyna, wyposa\u017cona w bezszczotkowy silnik nap\u0119dowy szczotki oraz silnik ss\u0105cy o niskim poziomie ha\u0142asu. Maszyna ma wysok\u0105 wydajno\u015b\u0107, jest energooszcz\u0119dna a dzi\u0119ki prostej i mocnej konstrukcji ma niskie koszty eksploatacji i serwisu. Kompaktowy rozmiar &#8211; szeroko\u015b\u0107 szczotki 380mm, umo\u017cliwia prac\u0119 w w\u0105skich przej\u015bciach i ciasnych System kontroli niskiego zu\u017cycia energii, pozwala na [&hellip;]","og_url":"https:\/\/nclean.com.pl\/index.php\/produkt\/mala-maszyna-szorujaco-zbierajaca-nb380\/","og_site_name":"NCLEAN","article_publisher":"https:\/\/www.facebook.com\/ncleancompl\/","article_modified_time":"2025-10-11T13:04:41+00:00","og_image":[{"width":520,"height":360,"url":"https:\/\/nclean.com.pl\/wp-content\/uploads\/2025\/09\/20241017154948289.jpg","type":"image\/jpeg"}],"twitter_card":"summary_large_image","twitter_misc":{"Szacowany czas czytania":"1 minuta"},"schema":{"@context":"https:\/\/schema.org","@graph":[{"@type":"WebPage","@id":"https:\/\/nclean.com.pl\/index.php\/produkt\/mala-maszyna-szorujaco-zbierajaca-nb380\/","url":"https:\/\/nclean.com.pl\/index.php\/produkt\/mala-maszyna-szorujaco-zbierajaca-nb380\/","name":"Ma\u0142a maszyna szoruj\u0105co-zbieraj\u0105ca - NB380 - NCLEAN","isPartOf":{"@id":"http:\/\/nclean.com.pl\/#website"},"primaryImageOfPage":{"@id":"https:\/\/nclean.com.pl\/index.php\/produkt\/mala-maszyna-szorujaco-zbierajaca-nb380\/#primaryimage"},"image":{"@id":"https:\/\/nclean.com.pl\/index.php\/produkt\/mala-maszyna-szorujaco-zbierajaca-nb380\/#primaryimage"},"thumbnailUrl":"https:\/\/nclean.com.pl\/wp-content\/uploads\/2025\/09\/20241017154948289.jpg","datePublished":"2025-09-09T08:15:26+00:00","dateModified":"2025-10-11T13:04:41+00:00","breadcrumb":{"@id":"https:\/\/nclean.com.pl\/index.php\/produkt\/mala-maszyna-szorujaco-zbierajaca-nb380\/#breadcrumb"},"inLanguage":"pl-PL","potentialAction":[{"@type":"ReadAction","target":["https:\/\/nclean.com.pl\/index.php\/produkt\/mala-maszyna-szorujaco-zbierajaca-nb380\/"]}]},{"@type":"ImageObject","inLanguage":"pl-PL","@id":"https:\/\/nclean.com.pl\/index.php\/produkt\/mala-maszyna-szorujaco-zbierajaca-nb380\/#primaryimage","url":"https:\/\/nclean.com.pl\/wp-content\/uploads\/2025\/09\/20241017154948289.jpg","contentUrl":"https:\/\/nclean.com.pl\/wp-content\/uploads\/2025\/09\/20241017154948289.jpg","width":520,"height":360},{"@type":"BreadcrumbList","@id":"https:\/\/nclean.com.pl\/index.php\/produkt\/mala-maszyna-szorujaco-zbierajaca-nb380\/#breadcrumb","itemListElement":[{"@type":"ListItem","position":1,"name":"Strona g\u0142\u00f3wna","item":"http:\/\/nclean.com.pl\/"},{"@type":"ListItem","position":2,"name":"Sklep","item":"https:\/\/nclean.com.pl\/index.php\/sklep\/"},{"@type":"ListItem","position":3,"name":"Ma\u0142a maszyna szoruj\u0105co-zbieraj\u0105ca &#8211; NB380"}]},{"@type":"WebSite","@id":"http:\/\/nclean.com.pl\/#website","url":"http:\/\/nclean.com.pl\/","name":"NCLEAN","description":"Czynimy sprz\u0105tanie \u0142atwiejszym!","publisher":{"@id":"http:\/\/nclean.com.pl\/#organization"},"potentialAction":[{"@type":"SearchAction","target":{"@type":"EntryPoint","urlTemplate":"http:\/\/nclean.com.pl\/?s={search_term_string}"},"query-input":{"@type":"PropertyValueSpecification","valueRequired":true,"valueName":"search_term_string"}}],"inLanguage":"pl-PL"},{"@type":"Organization","@id":"http:\/\/nclean.com.pl\/#organization","name":"NCLEAN","url":"http:\/\/nclean.com.pl\/","logo":{"@type":"ImageObject","inLanguage":"pl-PL","@id":"http:\/\/nclean.com.pl\/#\/schema\/logo\/image\/","url":"http:\/\/nclean.com.pl\/wp-content\/uploads\/2026\/03\/1a-scaled.png","contentUrl":"http:\/\/nclean.com.pl\/wp-content\/uploads\/2026\/03\/1a-scaled.png","width":2560,"height":2560,"caption":"NCLEAN"},"image":{"@id":"http:\/\/nclean.com.pl\/#\/schema\/logo\/image\/"},"sameAs":["https:\/\/www.facebook.com\/ncleancompl\/","https:\/\/www.instagram.com\/nclean_com_pl\/"]}]}},"_links":{"self":[{"href":"https:\/\/nclean.com.pl\/index.php\/wp-json\/wp\/v2\/product\/516","targetHints":{"allow":["GET"]}}],"collection":[{"href":"https:\/\/nclean.com.pl\/index.php\/wp-json\/wp\/v2\/product"}],"about":[{"href":"https:\/\/nclean.com.pl\/index.php\/wp-json\/wp\/v2\/types\/product"}],"replies":[{"embeddable":true,"href":"https:\/\/nclean.com.pl\/index.php\/wp-json\/wp\/v2\/comments?post=516"}],"wp:featuredmedia":[{"embeddable":true,"href":"https:\/\/nclean.com.pl\/index.php\/wp-json\/wp\/v2\/media\/517"}],"wp:attachment":[{"href":"https:\/\/nclean.com.pl\/index.php\/wp-json\/wp\/v2\/media?parent=516"}],"wp:term":[{"taxonomy":"product_brand","embeddable":true,"href":"https:\/\/nclean.com.pl\/index.php\/wp-json\/wp\/v2\/product_brand?post=516"},{"taxonomy":"product_cat","embeddable":true,"href":"https:\/\/nclean.com.pl\/index.php\/wp-json\/wp\/v2\/product_cat?post=516"},{"taxonomy":"product_tag","embeddable":true,"href":"https:\/\/nclean.com.pl\/index.php\/wp-json\/wp\/v2\/product_tag?post=516"}],"curies":[{"name":"wp","href":"https:\/\/api.w.org\/{rel}","templated":true}]}}