{"id":478,"date":"2025-09-09T09:35:27","date_gmt":"2025-09-09T07:35:27","guid":{"rendered":"https:\/\/nclean.com.pl\/?post_type=product&#038;p=478"},"modified":"2025-10-11T14:58:49","modified_gmt":"2025-10-11T12:58:49","slug":"pionowy-automat-szorujacy-nb100","status":"publish","type":"product","link":"https:\/\/nclean.com.pl\/index.php\/produkt\/pionowy-automat-szorujacy-nb100\/","title":{"rendered":"Pionowy automat szoruj\u0105cy &#8211; NB100"},"content":{"rendered":"<p>NB100 to wysoce wydajna, ekologiczna szorowarka przemys\u0142owa do g\u0142\u0119bokiego czyszczenia twardych pod\u0142\u00f3g. Dzi\u0119ki kompaktowej konstrukcji i podw\u00f3jnym szczotkom obracaj\u0105cym si\u0119 w przeciwnych kierunkach skutecznie usuwa zabrudzenia, ograniczaj\u0105c nak\u0142ad pracy i znacz\u0105co redukuj\u0105c zu\u017cycie wody oraz detergent\u00f3w. Kompatybilna ze wszystkimi detergentami na bazie wody, spe\u0142nia potrzeby r\u00f3\u017cnych u\u017cytkownik\u00f3w dzi\u0119ki czemu jest \u015bwietnie sprawdza si\u0119 w r\u00f3\u017cnych zadaniach sprz\u0105taj\u0105cych.<\/p>\n<p>Mini szorowarka NB100 ma kompaktowe rozmiary, idealne do czyszczenia w\u0105skich przestrzeni.<\/p>\n<ul>\n<li>Wyposa\u017cona jest w bezszczotkowe silniki szczotek i mocny silnik ss\u0105cy zapenia cich\u0119 prac\u0119, wysok\u0105 wydajno\u015b\u0107, oszcz\u0119dno\u015b\u0107 energii oraz d\u0142ug\u0105 \u017cywotno\u015b\u0107 i niskie koszty eksploatacji.<\/li>\n<li>Posiada du\u017cy zbiornik na roztw\u00f3r roboczy (4 l) oraz na brudn\u0105 wod\u0119 (6 l), trzy poziomy regulacji przep\u0142ywu wody i pr\u0119dko\u015bci szczotek, dzi\u0119ki czemu jest \u015bwietnie sprawdza si\u0119 w r\u00f3\u017cnych zadaniach sprz\u0105taj\u0105cych.<\/li>\n<li>Nowy system sterowania o niskim zu\u017cyciu energii kompatybilny z akumulatorem litowym 36 V 12 Ah, zapewnia ponad 1,5 godziny ci\u0105g\u0142ej pracy na jednym \u0142adowaniu.<\/li>\n<li>Zintegrowana rama z odlewu aluminiowego i system ss\u0105cy, s\u0105 trwa\u0142e, odporne na rdz\u0119 i zapewniaj\u0105 doskona\u0142e odsysanie wody.<\/li>\n<li>Magnetyczny system mocowania szczotek umo\u017cliwia szybki i \u0142atwy monta\u017c oraz demonta\u017c.<\/li>\n<li>Beznarz\u0119dziowy demonta\u017c listwy ss\u0105cej u\u0142atwia jej czyszczenie i wymian\u0119.<\/li>\n<li>Oddzielne zbiorniki na czyst\u0105 i brudn\u0105 wod\u0119 u\u0142atwiaj\u0105 czyszczenie i konserwacj\u0119.<\/li>\n<li>Sk\u0142adana r\u0105czka pozwala zaoszcz\u0119dzi\u0107 miejsce, u\u0142atwiaj\u0105c transport i<\/li>\n<\/ul>\n","protected":false},"excerpt":{"rendered":"<p>NB100 to wysoce wydajna, ekologiczna szorowarka przemys\u0142owa do g\u0142\u0119bokiego czyszczenia twardych pod\u0142\u00f3g. Dzi\u0119ki kompaktowej konstrukcji i podw\u00f3jnym szczotkom obracaj\u0105cym si\u0119 w przeciwnych kierunkach skutecznie usuwa zabrudzenia, ograniczaj\u0105c nak\u0142ad pracy i znacz\u0105co redukuj\u0105c zu\u017cycie wody oraz detergent\u00f3w. Kompatybilna ze wszystkimi detergentami na bazie wody, spe\u0142nia potrzeby r\u00f3\u017cnych u\u017cytkownik\u00f3w dzi\u0119ki czemu jest \u015bwietnie sprawdza si\u0119 w r\u00f3\u017cnych [&hellip;]<\/p>\n","protected":false},"featured_media":480,"comment_status":"open","ping_status":"closed","template":"","meta":{"_acf_changed":false},"product_brand":[],"product_cat":[26,22],"product_tag":[],"class_list":{"0":"post-478","1":"product","2":"type-product","3":"status-publish","4":"has-post-thumbnail","6":"product_cat-maszyny-czyszczace","7":"product_cat-noblelift","9":"first","10":"instock","11":"downloadable","12":"virtual","13":"product-type-simple"},"acf":[],"yoast_head":"<!-- This site is optimized with the Yoast SEO plugin v27.1.1 - https:\/\/yoast.com\/product\/yoast-seo-wordpress\/ -->\n<title>Pionowy automat szoruj\u0105cy - NB100 - NCLEAN<\/title>\n<meta name=\"robots\" content=\"index, follow, max-snippet:-1, max-image-preview:large, max-video-preview:-1\" \/>\n<link rel=\"canonical\" href=\"http:\/\/nclean.com.pl\/index.php\/produkt\/pionowy-automat-szorujacy-nb100\/\" \/>\n<meta property=\"og:locale\" content=\"pl_PL\" \/>\n<meta property=\"og:type\" content=\"article\" \/>\n<meta property=\"og:title\" content=\"Pionowy automat szoruj\u0105cy - NB100 - NCLEAN\" \/>\n<meta property=\"og:description\" content=\"NB100 to wysoce wydajna, ekologiczna szorowarka przemys\u0142owa do g\u0142\u0119bokiego czyszczenia twardych pod\u0142\u00f3g. Dzi\u0119ki kompaktowej konstrukcji i podw\u00f3jnym szczotkom obracaj\u0105cym si\u0119 w przeciwnych kierunkach skutecznie usuwa zabrudzenia, ograniczaj\u0105c nak\u0142ad pracy i znacz\u0105co redukuj\u0105c zu\u017cycie wody oraz detergent\u00f3w. Kompatybilna ze wszystkimi detergentami na bazie wody, spe\u0142nia potrzeby r\u00f3\u017cnych u\u017cytkownik\u00f3w dzi\u0119ki czemu jest \u015bwietnie sprawdza si\u0119 w r\u00f3\u017cnych [&hellip;]\" \/>\n<meta property=\"og:url\" content=\"http:\/\/nclean.com.pl\/index.php\/produkt\/pionowy-automat-szorujacy-nb100\/\" \/>\n<meta property=\"og:site_name\" content=\"NCLEAN\" \/>\n<meta property=\"article:publisher\" content=\"https:\/\/www.facebook.com\/ncleancompl\/\" \/>\n<meta property=\"article:modified_time\" content=\"2025-10-11T12:58:49+00:00\" \/>\n<meta property=\"og:image\" content=\"http:\/\/nclean.com.pl\/wp-content\/uploads\/2025\/09\/20250604065407380.jpg\" \/>\n\t<meta property=\"og:image:width\" content=\"520\" \/>\n\t<meta property=\"og:image:height\" content=\"360\" \/>\n\t<meta property=\"og:image:type\" content=\"image\/jpeg\" \/>\n<meta name=\"twitter:card\" content=\"summary_large_image\" \/>\n<meta name=\"twitter:label1\" content=\"Szacowany czas czytania\" \/>\n\t<meta name=\"twitter:data1\" content=\"1 minuta\" \/>\n<script type=\"application\/ld+json\" class=\"yoast-schema-graph\">{\"@context\":\"https:\/\/schema.org\",\"@graph\":[{\"@type\":\"WebPage\",\"@id\":\"http:\/\/nclean.com.pl\/index.php\/produkt\/pionowy-automat-szorujacy-nb100\/\",\"url\":\"http:\/\/nclean.com.pl\/index.php\/produkt\/pionowy-automat-szorujacy-nb100\/\",\"name\":\"Pionowy automat szoruj\u0105cy - NB100 - NCLEAN\",\"isPartOf\":{\"@id\":\"http:\/\/nclean.com.pl\/#website\"},\"primaryImageOfPage\":{\"@id\":\"http:\/\/nclean.com.pl\/index.php\/produkt\/pionowy-automat-szorujacy-nb100\/#primaryimage\"},\"image\":{\"@id\":\"http:\/\/nclean.com.pl\/index.php\/produkt\/pionowy-automat-szorujacy-nb100\/#primaryimage\"},\"thumbnailUrl\":\"https:\/\/nclean.com.pl\/wp-content\/uploads\/2025\/09\/20250604065407380.jpg\",\"datePublished\":\"2025-09-09T07:35:27+00:00\",\"dateModified\":\"2025-10-11T12:58:49+00:00\",\"breadcrumb\":{\"@id\":\"http:\/\/nclean.com.pl\/index.php\/produkt\/pionowy-automat-szorujacy-nb100\/#breadcrumb\"},\"inLanguage\":\"pl-PL\",\"potentialAction\":[{\"@type\":\"ReadAction\",\"target\":[\"http:\/\/nclean.com.pl\/index.php\/produkt\/pionowy-automat-szorujacy-nb100\/\"]}]},{\"@type\":\"ImageObject\",\"inLanguage\":\"pl-PL\",\"@id\":\"http:\/\/nclean.com.pl\/index.php\/produkt\/pionowy-automat-szorujacy-nb100\/#primaryimage\",\"url\":\"https:\/\/nclean.com.pl\/wp-content\/uploads\/2025\/09\/20250604065407380.jpg\",\"contentUrl\":\"https:\/\/nclean.com.pl\/wp-content\/uploads\/2025\/09\/20250604065407380.jpg\",\"width\":520,\"height\":360},{\"@type\":\"BreadcrumbList\",\"@id\":\"http:\/\/nclean.com.pl\/index.php\/produkt\/pionowy-automat-szorujacy-nb100\/#breadcrumb\",\"itemListElement\":[{\"@type\":\"ListItem\",\"position\":1,\"name\":\"Strona g\u0142\u00f3wna\",\"item\":\"http:\/\/nclean.com.pl\/\"},{\"@type\":\"ListItem\",\"position\":2,\"name\":\"Sklep\",\"item\":\"https:\/\/nclean.com.pl\/index.php\/sklep\/\"},{\"@type\":\"ListItem\",\"position\":3,\"name\":\"Pionowy automat szoruj\u0105cy &#8211; NB100\"}]},{\"@type\":\"WebSite\",\"@id\":\"http:\/\/nclean.com.pl\/#website\",\"url\":\"http:\/\/nclean.com.pl\/\",\"name\":\"NCLEAN\",\"description\":\"Czynimy sprz\u0105tanie \u0142atwiejszym!\",\"publisher\":{\"@id\":\"http:\/\/nclean.com.pl\/#organization\"},\"potentialAction\":[{\"@type\":\"SearchAction\",\"target\":{\"@type\":\"EntryPoint\",\"urlTemplate\":\"http:\/\/nclean.com.pl\/?s={search_term_string}\"},\"query-input\":{\"@type\":\"PropertyValueSpecification\",\"valueRequired\":true,\"valueName\":\"search_term_string\"}}],\"inLanguage\":\"pl-PL\"},{\"@type\":\"Organization\",\"@id\":\"http:\/\/nclean.com.pl\/#organization\",\"name\":\"NCLEAN\",\"url\":\"http:\/\/nclean.com.pl\/\",\"logo\":{\"@type\":\"ImageObject\",\"inLanguage\":\"pl-PL\",\"@id\":\"http:\/\/nclean.com.pl\/#\/schema\/logo\/image\/\",\"url\":\"http:\/\/nclean.com.pl\/wp-content\/uploads\/2026\/03\/1a-scaled.png\",\"contentUrl\":\"http:\/\/nclean.com.pl\/wp-content\/uploads\/2026\/03\/1a-scaled.png\",\"width\":2560,\"height\":2560,\"caption\":\"NCLEAN\"},\"image\":{\"@id\":\"http:\/\/nclean.com.pl\/#\/schema\/logo\/image\/\"},\"sameAs\":[\"https:\/\/www.facebook.com\/ncleancompl\/\",\"https:\/\/www.instagram.com\/nclean_com_pl\/\"]}]}<\/script>\n<!-- \/ Yoast SEO plugin. -->","yoast_head_json":{"title":"Pionowy automat szoruj\u0105cy - NB100 - NCLEAN","robots":{"index":"index","follow":"follow","max-snippet":"max-snippet:-1","max-image-preview":"max-image-preview:large","max-video-preview":"max-video-preview:-1"},"canonical":"http:\/\/nclean.com.pl\/index.php\/produkt\/pionowy-automat-szorujacy-nb100\/","og_locale":"pl_PL","og_type":"article","og_title":"Pionowy automat szoruj\u0105cy - NB100 - NCLEAN","og_description":"NB100 to wysoce wydajna, ekologiczna szorowarka przemys\u0142owa do g\u0142\u0119bokiego czyszczenia twardych pod\u0142\u00f3g. Dzi\u0119ki kompaktowej konstrukcji i podw\u00f3jnym szczotkom obracaj\u0105cym si\u0119 w przeciwnych kierunkach skutecznie usuwa zabrudzenia, ograniczaj\u0105c nak\u0142ad pracy i znacz\u0105co redukuj\u0105c zu\u017cycie wody oraz detergent\u00f3w. Kompatybilna ze wszystkimi detergentami na bazie wody, spe\u0142nia potrzeby r\u00f3\u017cnych u\u017cytkownik\u00f3w dzi\u0119ki czemu jest \u015bwietnie sprawdza si\u0119 w r\u00f3\u017cnych [&hellip;]","og_url":"http:\/\/nclean.com.pl\/index.php\/produkt\/pionowy-automat-szorujacy-nb100\/","og_site_name":"NCLEAN","article_publisher":"https:\/\/www.facebook.com\/ncleancompl\/","article_modified_time":"2025-10-11T12:58:49+00:00","og_image":[{"width":520,"height":360,"url":"http:\/\/nclean.com.pl\/wp-content\/uploads\/2025\/09\/20250604065407380.jpg","type":"image\/jpeg"}],"twitter_card":"summary_large_image","twitter_misc":{"Szacowany czas czytania":"1 minuta"},"schema":{"@context":"https:\/\/schema.org","@graph":[{"@type":"WebPage","@id":"http:\/\/nclean.com.pl\/index.php\/produkt\/pionowy-automat-szorujacy-nb100\/","url":"http:\/\/nclean.com.pl\/index.php\/produkt\/pionowy-automat-szorujacy-nb100\/","name":"Pionowy automat szoruj\u0105cy - NB100 - NCLEAN","isPartOf":{"@id":"http:\/\/nclean.com.pl\/#website"},"primaryImageOfPage":{"@id":"http:\/\/nclean.com.pl\/index.php\/produkt\/pionowy-automat-szorujacy-nb100\/#primaryimage"},"image":{"@id":"http:\/\/nclean.com.pl\/index.php\/produkt\/pionowy-automat-szorujacy-nb100\/#primaryimage"},"thumbnailUrl":"https:\/\/nclean.com.pl\/wp-content\/uploads\/2025\/09\/20250604065407380.jpg","datePublished":"2025-09-09T07:35:27+00:00","dateModified":"2025-10-11T12:58:49+00:00","breadcrumb":{"@id":"http:\/\/nclean.com.pl\/index.php\/produkt\/pionowy-automat-szorujacy-nb100\/#breadcrumb"},"inLanguage":"pl-PL","potentialAction":[{"@type":"ReadAction","target":["http:\/\/nclean.com.pl\/index.php\/produkt\/pionowy-automat-szorujacy-nb100\/"]}]},{"@type":"ImageObject","inLanguage":"pl-PL","@id":"http:\/\/nclean.com.pl\/index.php\/produkt\/pionowy-automat-szorujacy-nb100\/#primaryimage","url":"https:\/\/nclean.com.pl\/wp-content\/uploads\/2025\/09\/20250604065407380.jpg","contentUrl":"https:\/\/nclean.com.pl\/wp-content\/uploads\/2025\/09\/20250604065407380.jpg","width":520,"height":360},{"@type":"BreadcrumbList","@id":"http:\/\/nclean.com.pl\/index.php\/produkt\/pionowy-automat-szorujacy-nb100\/#breadcrumb","itemListElement":[{"@type":"ListItem","position":1,"name":"Strona g\u0142\u00f3wna","item":"http:\/\/nclean.com.pl\/"},{"@type":"ListItem","position":2,"name":"Sklep","item":"https:\/\/nclean.com.pl\/index.php\/sklep\/"},{"@type":"ListItem","position":3,"name":"Pionowy automat szoruj\u0105cy &#8211; NB100"}]},{"@type":"WebSite","@id":"http:\/\/nclean.com.pl\/#website","url":"http:\/\/nclean.com.pl\/","name":"NCLEAN","description":"Czynimy sprz\u0105tanie \u0142atwiejszym!","publisher":{"@id":"http:\/\/nclean.com.pl\/#organization"},"potentialAction":[{"@type":"SearchAction","target":{"@type":"EntryPoint","urlTemplate":"http:\/\/nclean.com.pl\/?s={search_term_string}"},"query-input":{"@type":"PropertyValueSpecification","valueRequired":true,"valueName":"search_term_string"}}],"inLanguage":"pl-PL"},{"@type":"Organization","@id":"http:\/\/nclean.com.pl\/#organization","name":"NCLEAN","url":"http:\/\/nclean.com.pl\/","logo":{"@type":"ImageObject","inLanguage":"pl-PL","@id":"http:\/\/nclean.com.pl\/#\/schema\/logo\/image\/","url":"http:\/\/nclean.com.pl\/wp-content\/uploads\/2026\/03\/1a-scaled.png","contentUrl":"http:\/\/nclean.com.pl\/wp-content\/uploads\/2026\/03\/1a-scaled.png","width":2560,"height":2560,"caption":"NCLEAN"},"image":{"@id":"http:\/\/nclean.com.pl\/#\/schema\/logo\/image\/"},"sameAs":["https:\/\/www.facebook.com\/ncleancompl\/","https:\/\/www.instagram.com\/nclean_com_pl\/"]}]}},"_links":{"self":[{"href":"https:\/\/nclean.com.pl\/index.php\/wp-json\/wp\/v2\/product\/478","targetHints":{"allow":["GET"]}}],"collection":[{"href":"https:\/\/nclean.com.pl\/index.php\/wp-json\/wp\/v2\/product"}],"about":[{"href":"https:\/\/nclean.com.pl\/index.php\/wp-json\/wp\/v2\/types\/product"}],"replies":[{"embeddable":true,"href":"https:\/\/nclean.com.pl\/index.php\/wp-json\/wp\/v2\/comments?post=478"}],"wp:featuredmedia":[{"embeddable":true,"href":"https:\/\/nclean.com.pl\/index.php\/wp-json\/wp\/v2\/media\/480"}],"wp:attachment":[{"href":"https:\/\/nclean.com.pl\/index.php\/wp-json\/wp\/v2\/media?parent=478"}],"wp:term":[{"taxonomy":"product_brand","embeddable":true,"href":"https:\/\/nclean.com.pl\/index.php\/wp-json\/wp\/v2\/product_brand?post=478"},{"taxonomy":"product_cat","embeddable":true,"href":"https:\/\/nclean.com.pl\/index.php\/wp-json\/wp\/v2\/product_cat?post=478"},{"taxonomy":"product_tag","embeddable":true,"href":"https:\/\/nclean.com.pl\/index.php\/wp-json\/wp\/v2\/product_tag?post=478"}],"curies":[{"name":"wp","href":"https:\/\/api.w.org\/{rel}","templated":true}]}}