{"id":316,"date":"2025-06-24T13:35:28","date_gmt":"2025-06-24T11:35:28","guid":{"rendered":"https:\/\/nclean.com.pl\/?post_type=product&#038;p=316"},"modified":"2025-10-15T16:36:28","modified_gmt":"2025-10-15T14:36:28","slug":"nclean-das-80-zamiatarka-z-miejscem-dla-operatora-dwuszczotkowa-ze-wstepnym-zraszaniem","status":"publish","type":"product","link":"https:\/\/nclean.com.pl\/index.php\/produkt\/nclean-das-80-zamiatarka-z-miejscem-dla-operatora-dwuszczotkowa-ze-wstepnym-zraszaniem\/","title":{"rendered":"nCLEAN DAS 80 &#8211; zamiatarka z miejscem dla operatora  dwuszczotkowa ze wst\u0119pnym zraszaniem"},"content":{"rendered":"<p>Zamiatarka posiada dodatkowy zbiornik na czyst\u0105 wod\u0119 o pojemno\u015bci oko\u0142o 10 litr\u00f3w. Dysza umieszczona z przodu zamiatarki umo\u017cliwia minimalne zwil\u017canie pod\u0142ogi, co ogranicza wzbijanie si\u0119 kurzu.<br \/>\nDAS80 dysponuje silnikiem o mocy 700 W i jest zasilana czterema akumulatorami 48 V\/65 Ah. Przy pe\u0142nym na\u0142adowaniu akumulatora urz\u0105dzenie mo\u017ce nieprzerwanie dzia\u0142a\u0107 przez 2,5 godziny.<br \/>\nUrz\u0105dzenie jest wyposa\u017cone w przednie \u015bwiat\u0142o led oraz mrugaj\u0105ce pomara\u0144czowe \u015bwiat\u0142o ostrzegawcze.<\/p>\n","protected":false},"excerpt":{"rendered":"<p>nCLEAN DAS 80 to zamiatarka, kt\u00f3ra dzi\u0119ki imponuj\u0105cej wydajno\u015bci wynosz\u0105cej do 6380 m\u00b2\/h zapewnia szybkie i efektywne czyszczenie szerokiej gamy powierzchni, takich jak parkingi, magazyny czy obiekty handlowe.<\/p>\n","protected":false},"featured_media":761,"comment_status":"open","ping_status":"closed","template":"","meta":{"_acf_changed":false},"product_brand":[],"product_cat":[23,29],"product_tag":[],"class_list":{"0":"post-316","1":"product","2":"type-product","3":"status-publish","4":"has-post-thumbnail","6":"product_cat-daewoo","7":"product_cat-zamiatarki","9":"first","10":"instock","11":"shipping-taxable","12":"product-type-external"},"acf":[],"yoast_head":"<!-- This site is optimized with the Yoast SEO plugin v27.1.1 - https:\/\/yoast.com\/product\/yoast-seo-wordpress\/ -->\n<title>nCLEAN DAS 80 - zamiatarka z miejscem dla operatora dwuszczotkowa ze wst\u0119pnym zraszaniem - NCLEAN<\/title>\n<meta name=\"robots\" content=\"index, follow, max-snippet:-1, max-image-preview:large, max-video-preview:-1\" \/>\n<link rel=\"canonical\" href=\"http:\/\/nclean.com.pl\/index.php\/produkt\/nclean-das-80-zamiatarka-z-miejscem-dla-operatora-dwuszczotkowa-ze-wstepnym-zraszaniem\/\" \/>\n<meta property=\"og:locale\" content=\"pl_PL\" \/>\n<meta property=\"og:type\" content=\"article\" \/>\n<meta property=\"og:title\" content=\"nCLEAN DAS 80 - zamiatarka z miejscem dla operatora dwuszczotkowa ze wst\u0119pnym zraszaniem - NCLEAN\" \/>\n<meta property=\"og:description\" content=\"nCLEAN DAS 80 to zamiatarka, kt\u00f3ra dzi\u0119ki imponuj\u0105cej wydajno\u015bci wynosz\u0105cej do 6380 m\u00b2\/h zapewnia szybkie i efektywne czyszczenie szerokiej gamy powierzchni, takich jak parkingi, magazyny czy obiekty handlowe.\" \/>\n<meta property=\"og:url\" content=\"http:\/\/nclean.com.pl\/index.php\/produkt\/nclean-das-80-zamiatarka-z-miejscem-dla-operatora-dwuszczotkowa-ze-wstepnym-zraszaniem\/\" \/>\n<meta property=\"og:site_name\" content=\"NCLEAN\" \/>\n<meta property=\"article:publisher\" content=\"https:\/\/www.facebook.com\/ncleancompl\/\" \/>\n<meta property=\"article:modified_time\" content=\"2025-10-15T14:36:28+00:00\" \/>\n<meta property=\"og:image\" content=\"http:\/\/nclean.com.pl\/wp-content\/uploads\/2025\/06\/DSC05745-scaled.jpg\" \/>\n\t<meta property=\"og:image:width\" content=\"2560\" \/>\n\t<meta property=\"og:image:height\" content=\"1440\" \/>\n\t<meta property=\"og:image:type\" content=\"image\/jpeg\" \/>\n<meta name=\"twitter:card\" content=\"summary_large_image\" \/>\n<script type=\"application\/ld+json\" class=\"yoast-schema-graph\">{\"@context\":\"https:\/\/schema.org\",\"@graph\":[{\"@type\":\"WebPage\",\"@id\":\"http:\/\/nclean.com.pl\/index.php\/produkt\/nclean-das-80-zamiatarka-z-miejscem-dla-operatora-dwuszczotkowa-ze-wstepnym-zraszaniem\/\",\"url\":\"http:\/\/nclean.com.pl\/index.php\/produkt\/nclean-das-80-zamiatarka-z-miejscem-dla-operatora-dwuszczotkowa-ze-wstepnym-zraszaniem\/\",\"name\":\"nCLEAN DAS 80 - zamiatarka z miejscem dla operatora dwuszczotkowa ze wst\u0119pnym zraszaniem - NCLEAN\",\"isPartOf\":{\"@id\":\"http:\/\/nclean.com.pl\/#website\"},\"primaryImageOfPage\":{\"@id\":\"http:\/\/nclean.com.pl\/index.php\/produkt\/nclean-das-80-zamiatarka-z-miejscem-dla-operatora-dwuszczotkowa-ze-wstepnym-zraszaniem\/#primaryimage\"},\"image\":{\"@id\":\"http:\/\/nclean.com.pl\/index.php\/produkt\/nclean-das-80-zamiatarka-z-miejscem-dla-operatora-dwuszczotkowa-ze-wstepnym-zraszaniem\/#primaryimage\"},\"thumbnailUrl\":\"https:\/\/nclean.com.pl\/wp-content\/uploads\/2025\/06\/DSC05745-scaled.jpg\",\"datePublished\":\"2025-06-24T11:35:28+00:00\",\"dateModified\":\"2025-10-15T14:36:28+00:00\",\"breadcrumb\":{\"@id\":\"http:\/\/nclean.com.pl\/index.php\/produkt\/nclean-das-80-zamiatarka-z-miejscem-dla-operatora-dwuszczotkowa-ze-wstepnym-zraszaniem\/#breadcrumb\"},\"inLanguage\":\"pl-PL\",\"potentialAction\":[{\"@type\":\"ReadAction\",\"target\":[\"http:\/\/nclean.com.pl\/index.php\/produkt\/nclean-das-80-zamiatarka-z-miejscem-dla-operatora-dwuszczotkowa-ze-wstepnym-zraszaniem\/\"]}]},{\"@type\":\"ImageObject\",\"inLanguage\":\"pl-PL\",\"@id\":\"http:\/\/nclean.com.pl\/index.php\/produkt\/nclean-das-80-zamiatarka-z-miejscem-dla-operatora-dwuszczotkowa-ze-wstepnym-zraszaniem\/#primaryimage\",\"url\":\"https:\/\/nclean.com.pl\/wp-content\/uploads\/2025\/06\/DSC05745-scaled.jpg\",\"contentUrl\":\"https:\/\/nclean.com.pl\/wp-content\/uploads\/2025\/06\/DSC05745-scaled.jpg\",\"width\":2560,\"height\":1440},{\"@type\":\"BreadcrumbList\",\"@id\":\"http:\/\/nclean.com.pl\/index.php\/produkt\/nclean-das-80-zamiatarka-z-miejscem-dla-operatora-dwuszczotkowa-ze-wstepnym-zraszaniem\/#breadcrumb\",\"itemListElement\":[{\"@type\":\"ListItem\",\"position\":1,\"name\":\"Strona g\u0142\u00f3wna\",\"item\":\"http:\/\/nclean.com.pl\/\"},{\"@type\":\"ListItem\",\"position\":2,\"name\":\"Sklep\",\"item\":\"https:\/\/nclean.com.pl\/index.php\/sklep\/\"},{\"@type\":\"ListItem\",\"position\":3,\"name\":\"nCLEAN DAS 80 &#8211; zamiatarka z miejscem dla operatora dwuszczotkowa ze wst\u0119pnym zraszaniem\"}]},{\"@type\":\"WebSite\",\"@id\":\"http:\/\/nclean.com.pl\/#website\",\"url\":\"http:\/\/nclean.com.pl\/\",\"name\":\"NCLEAN\",\"description\":\"Czynimy sprz\u0105tanie \u0142atwiejszym!\",\"publisher\":{\"@id\":\"http:\/\/nclean.com.pl\/#organization\"},\"potentialAction\":[{\"@type\":\"SearchAction\",\"target\":{\"@type\":\"EntryPoint\",\"urlTemplate\":\"http:\/\/nclean.com.pl\/?s={search_term_string}\"},\"query-input\":{\"@type\":\"PropertyValueSpecification\",\"valueRequired\":true,\"valueName\":\"search_term_string\"}}],\"inLanguage\":\"pl-PL\"},{\"@type\":\"Organization\",\"@id\":\"http:\/\/nclean.com.pl\/#organization\",\"name\":\"NCLEAN\",\"url\":\"http:\/\/nclean.com.pl\/\",\"logo\":{\"@type\":\"ImageObject\",\"inLanguage\":\"pl-PL\",\"@id\":\"http:\/\/nclean.com.pl\/#\/schema\/logo\/image\/\",\"url\":\"http:\/\/nclean.com.pl\/wp-content\/uploads\/2026\/03\/1a-scaled.png\",\"contentUrl\":\"http:\/\/nclean.com.pl\/wp-content\/uploads\/2026\/03\/1a-scaled.png\",\"width\":2560,\"height\":2560,\"caption\":\"NCLEAN\"},\"image\":{\"@id\":\"http:\/\/nclean.com.pl\/#\/schema\/logo\/image\/\"},\"sameAs\":[\"https:\/\/www.facebook.com\/ncleancompl\/\",\"https:\/\/www.instagram.com\/nclean_com_pl\/\"]}]}<\/script>\n<!-- \/ Yoast SEO plugin. -->","yoast_head_json":{"title":"nCLEAN DAS 80 - zamiatarka z miejscem dla operatora dwuszczotkowa ze wst\u0119pnym zraszaniem - NCLEAN","robots":{"index":"index","follow":"follow","max-snippet":"max-snippet:-1","max-image-preview":"max-image-preview:large","max-video-preview":"max-video-preview:-1"},"canonical":"http:\/\/nclean.com.pl\/index.php\/produkt\/nclean-das-80-zamiatarka-z-miejscem-dla-operatora-dwuszczotkowa-ze-wstepnym-zraszaniem\/","og_locale":"pl_PL","og_type":"article","og_title":"nCLEAN DAS 80 - zamiatarka z miejscem dla operatora dwuszczotkowa ze wst\u0119pnym zraszaniem - NCLEAN","og_description":"nCLEAN DAS 80 to zamiatarka, kt\u00f3ra dzi\u0119ki imponuj\u0105cej wydajno\u015bci wynosz\u0105cej do 6380 m\u00b2\/h zapewnia szybkie i efektywne czyszczenie szerokiej gamy powierzchni, takich jak parkingi, magazyny czy obiekty handlowe.","og_url":"http:\/\/nclean.com.pl\/index.php\/produkt\/nclean-das-80-zamiatarka-z-miejscem-dla-operatora-dwuszczotkowa-ze-wstepnym-zraszaniem\/","og_site_name":"NCLEAN","article_publisher":"https:\/\/www.facebook.com\/ncleancompl\/","article_modified_time":"2025-10-15T14:36:28+00:00","og_image":[{"width":2560,"height":1440,"url":"http:\/\/nclean.com.pl\/wp-content\/uploads\/2025\/06\/DSC05745-scaled.jpg","type":"image\/jpeg"}],"twitter_card":"summary_large_image","schema":{"@context":"https:\/\/schema.org","@graph":[{"@type":"WebPage","@id":"http:\/\/nclean.com.pl\/index.php\/produkt\/nclean-das-80-zamiatarka-z-miejscem-dla-operatora-dwuszczotkowa-ze-wstepnym-zraszaniem\/","url":"http:\/\/nclean.com.pl\/index.php\/produkt\/nclean-das-80-zamiatarka-z-miejscem-dla-operatora-dwuszczotkowa-ze-wstepnym-zraszaniem\/","name":"nCLEAN DAS 80 - zamiatarka z miejscem dla operatora dwuszczotkowa ze wst\u0119pnym zraszaniem - NCLEAN","isPartOf":{"@id":"http:\/\/nclean.com.pl\/#website"},"primaryImageOfPage":{"@id":"http:\/\/nclean.com.pl\/index.php\/produkt\/nclean-das-80-zamiatarka-z-miejscem-dla-operatora-dwuszczotkowa-ze-wstepnym-zraszaniem\/#primaryimage"},"image":{"@id":"http:\/\/nclean.com.pl\/index.php\/produkt\/nclean-das-80-zamiatarka-z-miejscem-dla-operatora-dwuszczotkowa-ze-wstepnym-zraszaniem\/#primaryimage"},"thumbnailUrl":"https:\/\/nclean.com.pl\/wp-content\/uploads\/2025\/06\/DSC05745-scaled.jpg","datePublished":"2025-06-24T11:35:28+00:00","dateModified":"2025-10-15T14:36:28+00:00","breadcrumb":{"@id":"http:\/\/nclean.com.pl\/index.php\/produkt\/nclean-das-80-zamiatarka-z-miejscem-dla-operatora-dwuszczotkowa-ze-wstepnym-zraszaniem\/#breadcrumb"},"inLanguage":"pl-PL","potentialAction":[{"@type":"ReadAction","target":["http:\/\/nclean.com.pl\/index.php\/produkt\/nclean-das-80-zamiatarka-z-miejscem-dla-operatora-dwuszczotkowa-ze-wstepnym-zraszaniem\/"]}]},{"@type":"ImageObject","inLanguage":"pl-PL","@id":"http:\/\/nclean.com.pl\/index.php\/produkt\/nclean-das-80-zamiatarka-z-miejscem-dla-operatora-dwuszczotkowa-ze-wstepnym-zraszaniem\/#primaryimage","url":"https:\/\/nclean.com.pl\/wp-content\/uploads\/2025\/06\/DSC05745-scaled.jpg","contentUrl":"https:\/\/nclean.com.pl\/wp-content\/uploads\/2025\/06\/DSC05745-scaled.jpg","width":2560,"height":1440},{"@type":"BreadcrumbList","@id":"http:\/\/nclean.com.pl\/index.php\/produkt\/nclean-das-80-zamiatarka-z-miejscem-dla-operatora-dwuszczotkowa-ze-wstepnym-zraszaniem\/#breadcrumb","itemListElement":[{"@type":"ListItem","position":1,"name":"Strona g\u0142\u00f3wna","item":"http:\/\/nclean.com.pl\/"},{"@type":"ListItem","position":2,"name":"Sklep","item":"https:\/\/nclean.com.pl\/index.php\/sklep\/"},{"@type":"ListItem","position":3,"name":"nCLEAN DAS 80 &#8211; zamiatarka z miejscem dla operatora dwuszczotkowa ze wst\u0119pnym zraszaniem"}]},{"@type":"WebSite","@id":"http:\/\/nclean.com.pl\/#website","url":"http:\/\/nclean.com.pl\/","name":"NCLEAN","description":"Czynimy sprz\u0105tanie \u0142atwiejszym!","publisher":{"@id":"http:\/\/nclean.com.pl\/#organization"},"potentialAction":[{"@type":"SearchAction","target":{"@type":"EntryPoint","urlTemplate":"http:\/\/nclean.com.pl\/?s={search_term_string}"},"query-input":{"@type":"PropertyValueSpecification","valueRequired":true,"valueName":"search_term_string"}}],"inLanguage":"pl-PL"},{"@type":"Organization","@id":"http:\/\/nclean.com.pl\/#organization","name":"NCLEAN","url":"http:\/\/nclean.com.pl\/","logo":{"@type":"ImageObject","inLanguage":"pl-PL","@id":"http:\/\/nclean.com.pl\/#\/schema\/logo\/image\/","url":"http:\/\/nclean.com.pl\/wp-content\/uploads\/2026\/03\/1a-scaled.png","contentUrl":"http:\/\/nclean.com.pl\/wp-content\/uploads\/2026\/03\/1a-scaled.png","width":2560,"height":2560,"caption":"NCLEAN"},"image":{"@id":"http:\/\/nclean.com.pl\/#\/schema\/logo\/image\/"},"sameAs":["https:\/\/www.facebook.com\/ncleancompl\/","https:\/\/www.instagram.com\/nclean_com_pl\/"]}]}},"_links":{"self":[{"href":"https:\/\/nclean.com.pl\/index.php\/wp-json\/wp\/v2\/product\/316","targetHints":{"allow":["GET"]}}],"collection":[{"href":"https:\/\/nclean.com.pl\/index.php\/wp-json\/wp\/v2\/product"}],"about":[{"href":"https:\/\/nclean.com.pl\/index.php\/wp-json\/wp\/v2\/types\/product"}],"replies":[{"embeddable":true,"href":"https:\/\/nclean.com.pl\/index.php\/wp-json\/wp\/v2\/comments?post=316"}],"wp:featuredmedia":[{"embeddable":true,"href":"https:\/\/nclean.com.pl\/index.php\/wp-json\/wp\/v2\/media\/761"}],"wp:attachment":[{"href":"https:\/\/nclean.com.pl\/index.php\/wp-json\/wp\/v2\/media?parent=316"}],"wp:term":[{"taxonomy":"product_brand","embeddable":true,"href":"https:\/\/nclean.com.pl\/index.php\/wp-json\/wp\/v2\/product_brand?post=316"},{"taxonomy":"product_cat","embeddable":true,"href":"https:\/\/nclean.com.pl\/index.php\/wp-json\/wp\/v2\/product_cat?post=316"},{"taxonomy":"product_tag","embeddable":true,"href":"https:\/\/nclean.com.pl\/index.php\/wp-json\/wp\/v2\/product_tag?post=316"}],"curies":[{"name":"wp","href":"https:\/\/api.w.org\/{rel}","templated":true}]}}