{"id":306,"date":"2025-06-24T13:26:23","date_gmt":"2025-06-24T11:26:23","guid":{"rendered":"https:\/\/nclean.com.pl\/?post_type=product&#038;p=306"},"modified":"2025-10-15T15:03:40","modified_gmt":"2025-10-15T13:03:40","slug":"nclean-dafl-50m-pchany-automat-szorujaco-zbierajacy","status":"publish","type":"product","link":"https:\/\/nclean.com.pl\/index.php\/produkt\/nclean-dafl-50m-pchany-automat-szorujaco-zbierajacy\/","title":{"rendered":"nCLEAN DAFL 50M &#8211; pchany automat szoruj\u0105co-zbieraj\u0105cy"},"content":{"rendered":"<p>Urz\u0105dzenie wyposa\u017cone jest w no\u017cny system \u015bci\u0105gania szczotki i elektryczny system zak\u0142adania szczotki oraz w bardzo wydajny silnik ss\u0105cy (120 kPa). Zastosowane baterie, pozwalaj\u0105 na prac\u0119 powy\u017cej 5h.<\/p>\n","protected":false},"excerpt":{"rendered":"<p>nCLEAN DAFL 50M to \u015bredniej wielko\u015bci maszyna szoruj\u0105co zbieraj\u0105ca..<br \/>\nDzi\u0119ki niewielkim rozmiarom, maszyna mo\u017ce by\u0107 wykorzystywana w w\u0105skich korytarzach oraz przej\u015bciach a dzi\u0119ki du\u017cym zbiornikom i d\u0142ugiemu czasowi pracy, \u015bwietnie sprawdzi si\u0119 na wi\u0119kszych obiektach.<\/p>\n","protected":false},"featured_media":792,"comment_status":"open","ping_status":"closed","template":"","meta":{"_acf_changed":false},"product_brand":[],"product_cat":[23,28],"product_tag":[],"class_list":{"0":"post-306","1":"product","2":"type-product","3":"status-publish","4":"has-post-thumbnail","6":"product_cat-daewoo","7":"product_cat-maszyny-czyszczace-daewoo","9":"first","10":"instock","11":"shipping-taxable","12":"product-type-external"},"acf":[],"yoast_head":"<!-- This site is optimized with the Yoast SEO plugin v27.1.1 - https:\/\/yoast.com\/product\/yoast-seo-wordpress\/ -->\n<title>nCLEAN DAFL 50M - pchany automat szoruj\u0105co-zbieraj\u0105cy - NCLEAN<\/title>\n<meta name=\"robots\" content=\"index, follow, max-snippet:-1, max-image-preview:large, max-video-preview:-1\" \/>\n<link rel=\"canonical\" href=\"http:\/\/nclean.com.pl\/index.php\/produkt\/nclean-dafl-50m-pchany-automat-szorujaco-zbierajacy\/\" \/>\n<meta property=\"og:locale\" content=\"pl_PL\" \/>\n<meta property=\"og:type\" content=\"article\" \/>\n<meta property=\"og:title\" content=\"nCLEAN DAFL 50M - pchany automat szoruj\u0105co-zbieraj\u0105cy - NCLEAN\" \/>\n<meta property=\"og:description\" content=\"nCLEAN DAFL 50M to \u015bredniej wielko\u015bci maszyna szoruj\u0105co zbieraj\u0105ca.. Dzi\u0119ki niewielkim rozmiarom, maszyna mo\u017ce by\u0107 wykorzystywana w w\u0105skich korytarzach oraz przej\u015bciach a dzi\u0119ki du\u017cym zbiornikom i d\u0142ugiemu czasowi pracy, \u015bwietnie sprawdzi si\u0119 na wi\u0119kszych obiektach.\" \/>\n<meta property=\"og:url\" content=\"http:\/\/nclean.com.pl\/index.php\/produkt\/nclean-dafl-50m-pchany-automat-szorujaco-zbierajacy\/\" \/>\n<meta property=\"og:site_name\" content=\"NCLEAN\" \/>\n<meta property=\"article:publisher\" content=\"https:\/\/www.facebook.com\/ncleancompl\/\" \/>\n<meta property=\"article:modified_time\" content=\"2025-10-15T13:03:40+00:00\" \/>\n<meta property=\"og:image\" content=\"http:\/\/nclean.com.pl\/wp-content\/uploads\/2025\/06\/1-7-2-scaled.jpg\" \/>\n\t<meta property=\"og:image:width\" content=\"2560\" \/>\n\t<meta property=\"og:image:height\" content=\"1707\" \/>\n\t<meta property=\"og:image:type\" content=\"image\/jpeg\" \/>\n<meta name=\"twitter:card\" content=\"summary_large_image\" \/>\n<script type=\"application\/ld+json\" class=\"yoast-schema-graph\">{\"@context\":\"https:\/\/schema.org\",\"@graph\":[{\"@type\":\"WebPage\",\"@id\":\"http:\/\/nclean.com.pl\/index.php\/produkt\/nclean-dafl-50m-pchany-automat-szorujaco-zbierajacy\/\",\"url\":\"http:\/\/nclean.com.pl\/index.php\/produkt\/nclean-dafl-50m-pchany-automat-szorujaco-zbierajacy\/\",\"name\":\"nCLEAN DAFL 50M - pchany automat szoruj\u0105co-zbieraj\u0105cy - NCLEAN\",\"isPartOf\":{\"@id\":\"http:\/\/nclean.com.pl\/#website\"},\"primaryImageOfPage\":{\"@id\":\"http:\/\/nclean.com.pl\/index.php\/produkt\/nclean-dafl-50m-pchany-automat-szorujaco-zbierajacy\/#primaryimage\"},\"image\":{\"@id\":\"http:\/\/nclean.com.pl\/index.php\/produkt\/nclean-dafl-50m-pchany-automat-szorujaco-zbierajacy\/#primaryimage\"},\"thumbnailUrl\":\"https:\/\/nclean.com.pl\/wp-content\/uploads\/2025\/06\/1-7-2-scaled.jpg\",\"datePublished\":\"2025-06-24T11:26:23+00:00\",\"dateModified\":\"2025-10-15T13:03:40+00:00\",\"breadcrumb\":{\"@id\":\"http:\/\/nclean.com.pl\/index.php\/produkt\/nclean-dafl-50m-pchany-automat-szorujaco-zbierajacy\/#breadcrumb\"},\"inLanguage\":\"pl-PL\",\"potentialAction\":[{\"@type\":\"ReadAction\",\"target\":[\"http:\/\/nclean.com.pl\/index.php\/produkt\/nclean-dafl-50m-pchany-automat-szorujaco-zbierajacy\/\"]}]},{\"@type\":\"ImageObject\",\"inLanguage\":\"pl-PL\",\"@id\":\"http:\/\/nclean.com.pl\/index.php\/produkt\/nclean-dafl-50m-pchany-automat-szorujaco-zbierajacy\/#primaryimage\",\"url\":\"https:\/\/nclean.com.pl\/wp-content\/uploads\/2025\/06\/1-7-2-scaled.jpg\",\"contentUrl\":\"https:\/\/nclean.com.pl\/wp-content\/uploads\/2025\/06\/1-7-2-scaled.jpg\",\"width\":2560,\"height\":1707},{\"@type\":\"BreadcrumbList\",\"@id\":\"http:\/\/nclean.com.pl\/index.php\/produkt\/nclean-dafl-50m-pchany-automat-szorujaco-zbierajacy\/#breadcrumb\",\"itemListElement\":[{\"@type\":\"ListItem\",\"position\":1,\"name\":\"Strona g\u0142\u00f3wna\",\"item\":\"http:\/\/nclean.com.pl\/\"},{\"@type\":\"ListItem\",\"position\":2,\"name\":\"Sklep\",\"item\":\"https:\/\/nclean.com.pl\/index.php\/sklep\/\"},{\"@type\":\"ListItem\",\"position\":3,\"name\":\"nCLEAN DAFL 50M &#8211; pchany automat szoruj\u0105co-zbieraj\u0105cy\"}]},{\"@type\":\"WebSite\",\"@id\":\"http:\/\/nclean.com.pl\/#website\",\"url\":\"http:\/\/nclean.com.pl\/\",\"name\":\"NCLEAN\",\"description\":\"Czynimy sprz\u0105tanie \u0142atwiejszym!\",\"publisher\":{\"@id\":\"http:\/\/nclean.com.pl\/#organization\"},\"potentialAction\":[{\"@type\":\"SearchAction\",\"target\":{\"@type\":\"EntryPoint\",\"urlTemplate\":\"http:\/\/nclean.com.pl\/?s={search_term_string}\"},\"query-input\":{\"@type\":\"PropertyValueSpecification\",\"valueRequired\":true,\"valueName\":\"search_term_string\"}}],\"inLanguage\":\"pl-PL\"},{\"@type\":\"Organization\",\"@id\":\"http:\/\/nclean.com.pl\/#organization\",\"name\":\"NCLEAN\",\"url\":\"http:\/\/nclean.com.pl\/\",\"logo\":{\"@type\":\"ImageObject\",\"inLanguage\":\"pl-PL\",\"@id\":\"http:\/\/nclean.com.pl\/#\/schema\/logo\/image\/\",\"url\":\"http:\/\/nclean.com.pl\/wp-content\/uploads\/2026\/03\/1a-scaled.png\",\"contentUrl\":\"http:\/\/nclean.com.pl\/wp-content\/uploads\/2026\/03\/1a-scaled.png\",\"width\":2560,\"height\":2560,\"caption\":\"NCLEAN\"},\"image\":{\"@id\":\"http:\/\/nclean.com.pl\/#\/schema\/logo\/image\/\"},\"sameAs\":[\"https:\/\/www.facebook.com\/ncleancompl\/\",\"https:\/\/www.instagram.com\/nclean_com_pl\/\"]}]}<\/script>\n<!-- \/ Yoast SEO plugin. -->","yoast_head_json":{"title":"nCLEAN DAFL 50M - pchany automat szoruj\u0105co-zbieraj\u0105cy - NCLEAN","robots":{"index":"index","follow":"follow","max-snippet":"max-snippet:-1","max-image-preview":"max-image-preview:large","max-video-preview":"max-video-preview:-1"},"canonical":"http:\/\/nclean.com.pl\/index.php\/produkt\/nclean-dafl-50m-pchany-automat-szorujaco-zbierajacy\/","og_locale":"pl_PL","og_type":"article","og_title":"nCLEAN DAFL 50M - pchany automat szoruj\u0105co-zbieraj\u0105cy - NCLEAN","og_description":"nCLEAN DAFL 50M to \u015bredniej wielko\u015bci maszyna szoruj\u0105co zbieraj\u0105ca.. Dzi\u0119ki niewielkim rozmiarom, maszyna mo\u017ce by\u0107 wykorzystywana w w\u0105skich korytarzach oraz przej\u015bciach a dzi\u0119ki du\u017cym zbiornikom i d\u0142ugiemu czasowi pracy, \u015bwietnie sprawdzi si\u0119 na wi\u0119kszych obiektach.","og_url":"http:\/\/nclean.com.pl\/index.php\/produkt\/nclean-dafl-50m-pchany-automat-szorujaco-zbierajacy\/","og_site_name":"NCLEAN","article_publisher":"https:\/\/www.facebook.com\/ncleancompl\/","article_modified_time":"2025-10-15T13:03:40+00:00","og_image":[{"width":2560,"height":1707,"url":"http:\/\/nclean.com.pl\/wp-content\/uploads\/2025\/06\/1-7-2-scaled.jpg","type":"image\/jpeg"}],"twitter_card":"summary_large_image","schema":{"@context":"https:\/\/schema.org","@graph":[{"@type":"WebPage","@id":"http:\/\/nclean.com.pl\/index.php\/produkt\/nclean-dafl-50m-pchany-automat-szorujaco-zbierajacy\/","url":"http:\/\/nclean.com.pl\/index.php\/produkt\/nclean-dafl-50m-pchany-automat-szorujaco-zbierajacy\/","name":"nCLEAN DAFL 50M - pchany automat szoruj\u0105co-zbieraj\u0105cy - NCLEAN","isPartOf":{"@id":"http:\/\/nclean.com.pl\/#website"},"primaryImageOfPage":{"@id":"http:\/\/nclean.com.pl\/index.php\/produkt\/nclean-dafl-50m-pchany-automat-szorujaco-zbierajacy\/#primaryimage"},"image":{"@id":"http:\/\/nclean.com.pl\/index.php\/produkt\/nclean-dafl-50m-pchany-automat-szorujaco-zbierajacy\/#primaryimage"},"thumbnailUrl":"https:\/\/nclean.com.pl\/wp-content\/uploads\/2025\/06\/1-7-2-scaled.jpg","datePublished":"2025-06-24T11:26:23+00:00","dateModified":"2025-10-15T13:03:40+00:00","breadcrumb":{"@id":"http:\/\/nclean.com.pl\/index.php\/produkt\/nclean-dafl-50m-pchany-automat-szorujaco-zbierajacy\/#breadcrumb"},"inLanguage":"pl-PL","potentialAction":[{"@type":"ReadAction","target":["http:\/\/nclean.com.pl\/index.php\/produkt\/nclean-dafl-50m-pchany-automat-szorujaco-zbierajacy\/"]}]},{"@type":"ImageObject","inLanguage":"pl-PL","@id":"http:\/\/nclean.com.pl\/index.php\/produkt\/nclean-dafl-50m-pchany-automat-szorujaco-zbierajacy\/#primaryimage","url":"https:\/\/nclean.com.pl\/wp-content\/uploads\/2025\/06\/1-7-2-scaled.jpg","contentUrl":"https:\/\/nclean.com.pl\/wp-content\/uploads\/2025\/06\/1-7-2-scaled.jpg","width":2560,"height":1707},{"@type":"BreadcrumbList","@id":"http:\/\/nclean.com.pl\/index.php\/produkt\/nclean-dafl-50m-pchany-automat-szorujaco-zbierajacy\/#breadcrumb","itemListElement":[{"@type":"ListItem","position":1,"name":"Strona g\u0142\u00f3wna","item":"http:\/\/nclean.com.pl\/"},{"@type":"ListItem","position":2,"name":"Sklep","item":"https:\/\/nclean.com.pl\/index.php\/sklep\/"},{"@type":"ListItem","position":3,"name":"nCLEAN DAFL 50M &#8211; pchany automat szoruj\u0105co-zbieraj\u0105cy"}]},{"@type":"WebSite","@id":"http:\/\/nclean.com.pl\/#website","url":"http:\/\/nclean.com.pl\/","name":"NCLEAN","description":"Czynimy sprz\u0105tanie \u0142atwiejszym!","publisher":{"@id":"http:\/\/nclean.com.pl\/#organization"},"potentialAction":[{"@type":"SearchAction","target":{"@type":"EntryPoint","urlTemplate":"http:\/\/nclean.com.pl\/?s={search_term_string}"},"query-input":{"@type":"PropertyValueSpecification","valueRequired":true,"valueName":"search_term_string"}}],"inLanguage":"pl-PL"},{"@type":"Organization","@id":"http:\/\/nclean.com.pl\/#organization","name":"NCLEAN","url":"http:\/\/nclean.com.pl\/","logo":{"@type":"ImageObject","inLanguage":"pl-PL","@id":"http:\/\/nclean.com.pl\/#\/schema\/logo\/image\/","url":"http:\/\/nclean.com.pl\/wp-content\/uploads\/2026\/03\/1a-scaled.png","contentUrl":"http:\/\/nclean.com.pl\/wp-content\/uploads\/2026\/03\/1a-scaled.png","width":2560,"height":2560,"caption":"NCLEAN"},"image":{"@id":"http:\/\/nclean.com.pl\/#\/schema\/logo\/image\/"},"sameAs":["https:\/\/www.facebook.com\/ncleancompl\/","https:\/\/www.instagram.com\/nclean_com_pl\/"]}]}},"_links":{"self":[{"href":"https:\/\/nclean.com.pl\/index.php\/wp-json\/wp\/v2\/product\/306","targetHints":{"allow":["GET"]}}],"collection":[{"href":"https:\/\/nclean.com.pl\/index.php\/wp-json\/wp\/v2\/product"}],"about":[{"href":"https:\/\/nclean.com.pl\/index.php\/wp-json\/wp\/v2\/types\/product"}],"replies":[{"embeddable":true,"href":"https:\/\/nclean.com.pl\/index.php\/wp-json\/wp\/v2\/comments?post=306"}],"wp:featuredmedia":[{"embeddable":true,"href":"https:\/\/nclean.com.pl\/index.php\/wp-json\/wp\/v2\/media\/792"}],"wp:attachment":[{"href":"https:\/\/nclean.com.pl\/index.php\/wp-json\/wp\/v2\/media?parent=306"}],"wp:term":[{"taxonomy":"product_brand","embeddable":true,"href":"https:\/\/nclean.com.pl\/index.php\/wp-json\/wp\/v2\/product_brand?post=306"},{"taxonomy":"product_cat","embeddable":true,"href":"https:\/\/nclean.com.pl\/index.php\/wp-json\/wp\/v2\/product_cat?post=306"},{"taxonomy":"product_tag","embeddable":true,"href":"https:\/\/nclean.com.pl\/index.php\/wp-json\/wp\/v2\/product_tag?post=306"}],"curies":[{"name":"wp","href":"https:\/\/api.w.org\/{rel}","templated":true}]}}