{"id":1048,"date":"2025-10-14T21:15:19","date_gmt":"2025-10-14T19:15:19","guid":{"rendered":"https:\/\/nclean.com.pl\/?post_type=product&#038;p=1048"},"modified":"2025-10-15T16:36:22","modified_gmt":"2025-10-15T14:36:22","slug":"nclean-das-30-zamiatarka-dwuszczotkowa-ze-wstepnym-zraszaniem","status":"publish","type":"product","link":"https:\/\/nclean.com.pl\/index.php\/produkt\/nclean-das-30-zamiatarka-dwuszczotkowa-ze-wstepnym-zraszaniem\/","title":{"rendered":"nCLEAN DAS 30 &#8211; zamiatarka dwuszczotkowa ze wst\u0119pnym zraszaniem"},"content":{"rendered":"<p><em>n<\/em>CLEAN DAS 30 to wydajna i niezawodna zamiatarka akumulatorowa, zaprojektowana specjalnie do profesjonalnego u\u017cytku. Dzi\u0119ki \u00a0nie skomplikowanemu wyposa\u017ceniu technicznemu i wielu praktycznym funkcjom, umo\u017cliwia skuteczne i dok\u0142adne sprz\u0105tanie ma\u0142ej i \u015bredniej powierzchni. Opr\u00f3cz szczotki g\u0142\u00f3wnej zamiatarka wyposa\u017cona jest w dwie szczotki boczne, ka\u017cda z silnikiem o mocy 35 W. Szczotki boczne maj\u0105 szeroko\u015b\u0107 po 40 centymetr\u00f3w i umo\u017cliwiaj\u0105 dok\u0142adne czyszczenie wzd\u0142u\u017c \u015bcian, kraw\u0119dzi i naro\u017cnik\u00f3w.<\/p>\n<p>Zamiatarka wyposa\u017cona jest w system zraszania dzi\u0119ki czemu zamiatany kurz i drobny py\u0142 nie unosi si\u0119 podczas zbierania.<\/p>\n","protected":false},"excerpt":{"rendered":"<p>nCLEAN DAXM 30 to niewielka maszyna szoruj\u0105co zbieraj\u0105ca..<br \/>\nDzi\u0119ki kompaktowym rozmiarom, maszyna mo\u017ce by\u0107 wykorzystywana w w\u0105skich korytarzach oraz przej\u015bciach a dzi\u0119ki zbiornikom o pojemno\u015bci 10 (roztw\u00f3r) i 15 litr\u00f3w (woda brudna) \u015bwietnie sprawdzi si\u0119 tak\u017ce na wi\u0119kszych powierzchniach.<\/p>\n","protected":false},"featured_media":1053,"comment_status":"open","ping_status":"closed","template":"","meta":{"_acf_changed":false},"product_brand":[],"product_cat":[23,29],"product_tag":[],"class_list":{"0":"post-1048","1":"product","2":"type-product","3":"status-publish","4":"has-post-thumbnail","6":"product_cat-daewoo","7":"product_cat-zamiatarki","9":"first","10":"instock","11":"shipping-taxable","12":"product-type-external"},"acf":[],"yoast_head":"<!-- This site is optimized with the Yoast SEO plugin v27.1.1 - https:\/\/yoast.com\/product\/yoast-seo-wordpress\/ -->\n<title>nCLEAN DAS 30 - zamiatarka dwuszczotkowa ze wst\u0119pnym zraszaniem - NCLEAN<\/title>\n<meta name=\"robots\" content=\"index, follow, max-snippet:-1, max-image-preview:large, max-video-preview:-1\" \/>\n<link rel=\"canonical\" href=\"https:\/\/nclean.com.pl\/index.php\/produkt\/nclean-das-30-zamiatarka-dwuszczotkowa-ze-wstepnym-zraszaniem\/\" \/>\n<meta property=\"og:locale\" content=\"pl_PL\" \/>\n<meta property=\"og:type\" content=\"article\" \/>\n<meta property=\"og:title\" content=\"nCLEAN DAS 30 - zamiatarka dwuszczotkowa ze wst\u0119pnym zraszaniem - NCLEAN\" \/>\n<meta property=\"og:description\" content=\"nCLEAN DAXM 30 to niewielka maszyna szoruj\u0105co zbieraj\u0105ca.. Dzi\u0119ki kompaktowym rozmiarom, maszyna mo\u017ce by\u0107 wykorzystywana w w\u0105skich korytarzach oraz przej\u015bciach a dzi\u0119ki zbiornikom o pojemno\u015bci 10 (roztw\u00f3r) i 15 litr\u00f3w (woda brudna) \u015bwietnie sprawdzi si\u0119 tak\u017ce na wi\u0119kszych powierzchniach.\" \/>\n<meta property=\"og:url\" content=\"https:\/\/nclean.com.pl\/index.php\/produkt\/nclean-das-30-zamiatarka-dwuszczotkowa-ze-wstepnym-zraszaniem\/\" \/>\n<meta property=\"og:site_name\" content=\"NCLEAN\" \/>\n<meta property=\"article:publisher\" content=\"https:\/\/www.facebook.com\/ncleancompl\/\" \/>\n<meta property=\"article:modified_time\" content=\"2025-10-15T14:36:22+00:00\" \/>\n<meta property=\"og:image\" content=\"https:\/\/nclean.com.pl\/wp-content\/uploads\/2025\/10\/1-13-scaled.jpg\" \/>\n\t<meta property=\"og:image:width\" content=\"2560\" \/>\n\t<meta property=\"og:image:height\" content=\"1440\" \/>\n\t<meta property=\"og:image:type\" content=\"image\/jpeg\" \/>\n<meta name=\"twitter:card\" content=\"summary_large_image\" \/>\n<meta name=\"twitter:label1\" content=\"Szacowany czas czytania\" \/>\n\t<meta name=\"twitter:data1\" content=\"1 minuta\" \/>\n<script type=\"application\/ld+json\" class=\"yoast-schema-graph\">{\"@context\":\"https:\/\/schema.org\",\"@graph\":[{\"@type\":\"WebPage\",\"@id\":\"https:\/\/nclean.com.pl\/index.php\/produkt\/nclean-das-30-zamiatarka-dwuszczotkowa-ze-wstepnym-zraszaniem\/\",\"url\":\"https:\/\/nclean.com.pl\/index.php\/produkt\/nclean-das-30-zamiatarka-dwuszczotkowa-ze-wstepnym-zraszaniem\/\",\"name\":\"nCLEAN DAS 30 - zamiatarka dwuszczotkowa ze wst\u0119pnym zraszaniem - NCLEAN\",\"isPartOf\":{\"@id\":\"http:\/\/nclean.com.pl\/#website\"},\"primaryImageOfPage\":{\"@id\":\"https:\/\/nclean.com.pl\/index.php\/produkt\/nclean-das-30-zamiatarka-dwuszczotkowa-ze-wstepnym-zraszaniem\/#primaryimage\"},\"image\":{\"@id\":\"https:\/\/nclean.com.pl\/index.php\/produkt\/nclean-das-30-zamiatarka-dwuszczotkowa-ze-wstepnym-zraszaniem\/#primaryimage\"},\"thumbnailUrl\":\"https:\/\/nclean.com.pl\/wp-content\/uploads\/2025\/10\/1-13-scaled.jpg\",\"datePublished\":\"2025-10-14T19:15:19+00:00\",\"dateModified\":\"2025-10-15T14:36:22+00:00\",\"breadcrumb\":{\"@id\":\"https:\/\/nclean.com.pl\/index.php\/produkt\/nclean-das-30-zamiatarka-dwuszczotkowa-ze-wstepnym-zraszaniem\/#breadcrumb\"},\"inLanguage\":\"pl-PL\",\"potentialAction\":[{\"@type\":\"ReadAction\",\"target\":[\"https:\/\/nclean.com.pl\/index.php\/produkt\/nclean-das-30-zamiatarka-dwuszczotkowa-ze-wstepnym-zraszaniem\/\"]}]},{\"@type\":\"ImageObject\",\"inLanguage\":\"pl-PL\",\"@id\":\"https:\/\/nclean.com.pl\/index.php\/produkt\/nclean-das-30-zamiatarka-dwuszczotkowa-ze-wstepnym-zraszaniem\/#primaryimage\",\"url\":\"https:\/\/nclean.com.pl\/wp-content\/uploads\/2025\/10\/1-13-scaled.jpg\",\"contentUrl\":\"https:\/\/nclean.com.pl\/wp-content\/uploads\/2025\/10\/1-13-scaled.jpg\",\"width\":2560,\"height\":1440},{\"@type\":\"BreadcrumbList\",\"@id\":\"https:\/\/nclean.com.pl\/index.php\/produkt\/nclean-das-30-zamiatarka-dwuszczotkowa-ze-wstepnym-zraszaniem\/#breadcrumb\",\"itemListElement\":[{\"@type\":\"ListItem\",\"position\":1,\"name\":\"Strona g\u0142\u00f3wna\",\"item\":\"http:\/\/nclean.com.pl\/\"},{\"@type\":\"ListItem\",\"position\":2,\"name\":\"Sklep\",\"item\":\"https:\/\/nclean.com.pl\/index.php\/sklep\/\"},{\"@type\":\"ListItem\",\"position\":3,\"name\":\"nCLEAN DAS 30 &#8211; zamiatarka dwuszczotkowa ze wst\u0119pnym zraszaniem\"}]},{\"@type\":\"WebSite\",\"@id\":\"http:\/\/nclean.com.pl\/#website\",\"url\":\"http:\/\/nclean.com.pl\/\",\"name\":\"NCLEAN\",\"description\":\"Czynimy sprz\u0105tanie \u0142atwiejszym!\",\"publisher\":{\"@id\":\"http:\/\/nclean.com.pl\/#organization\"},\"potentialAction\":[{\"@type\":\"SearchAction\",\"target\":{\"@type\":\"EntryPoint\",\"urlTemplate\":\"http:\/\/nclean.com.pl\/?s={search_term_string}\"},\"query-input\":{\"@type\":\"PropertyValueSpecification\",\"valueRequired\":true,\"valueName\":\"search_term_string\"}}],\"inLanguage\":\"pl-PL\"},{\"@type\":\"Organization\",\"@id\":\"http:\/\/nclean.com.pl\/#organization\",\"name\":\"NCLEAN\",\"url\":\"http:\/\/nclean.com.pl\/\",\"logo\":{\"@type\":\"ImageObject\",\"inLanguage\":\"pl-PL\",\"@id\":\"http:\/\/nclean.com.pl\/#\/schema\/logo\/image\/\",\"url\":\"http:\/\/nclean.com.pl\/wp-content\/uploads\/2026\/03\/1a-scaled.png\",\"contentUrl\":\"http:\/\/nclean.com.pl\/wp-content\/uploads\/2026\/03\/1a-scaled.png\",\"width\":2560,\"height\":2560,\"caption\":\"NCLEAN\"},\"image\":{\"@id\":\"http:\/\/nclean.com.pl\/#\/schema\/logo\/image\/\"},\"sameAs\":[\"https:\/\/www.facebook.com\/ncleancompl\/\",\"https:\/\/www.instagram.com\/nclean_com_pl\/\"]}]}<\/script>\n<!-- \/ Yoast SEO plugin. -->","yoast_head_json":{"title":"nCLEAN DAS 30 - zamiatarka dwuszczotkowa ze wst\u0119pnym zraszaniem - NCLEAN","robots":{"index":"index","follow":"follow","max-snippet":"max-snippet:-1","max-image-preview":"max-image-preview:large","max-video-preview":"max-video-preview:-1"},"canonical":"https:\/\/nclean.com.pl\/index.php\/produkt\/nclean-das-30-zamiatarka-dwuszczotkowa-ze-wstepnym-zraszaniem\/","og_locale":"pl_PL","og_type":"article","og_title":"nCLEAN DAS 30 - zamiatarka dwuszczotkowa ze wst\u0119pnym zraszaniem - NCLEAN","og_description":"nCLEAN DAXM 30 to niewielka maszyna szoruj\u0105co zbieraj\u0105ca.. Dzi\u0119ki kompaktowym rozmiarom, maszyna mo\u017ce by\u0107 wykorzystywana w w\u0105skich korytarzach oraz przej\u015bciach a dzi\u0119ki zbiornikom o pojemno\u015bci 10 (roztw\u00f3r) i 15 litr\u00f3w (woda brudna) \u015bwietnie sprawdzi si\u0119 tak\u017ce na wi\u0119kszych powierzchniach.","og_url":"https:\/\/nclean.com.pl\/index.php\/produkt\/nclean-das-30-zamiatarka-dwuszczotkowa-ze-wstepnym-zraszaniem\/","og_site_name":"NCLEAN","article_publisher":"https:\/\/www.facebook.com\/ncleancompl\/","article_modified_time":"2025-10-15T14:36:22+00:00","og_image":[{"width":2560,"height":1440,"url":"https:\/\/nclean.com.pl\/wp-content\/uploads\/2025\/10\/1-13-scaled.jpg","type":"image\/jpeg"}],"twitter_card":"summary_large_image","twitter_misc":{"Szacowany czas czytania":"1 minuta"},"schema":{"@context":"https:\/\/schema.org","@graph":[{"@type":"WebPage","@id":"https:\/\/nclean.com.pl\/index.php\/produkt\/nclean-das-30-zamiatarka-dwuszczotkowa-ze-wstepnym-zraszaniem\/","url":"https:\/\/nclean.com.pl\/index.php\/produkt\/nclean-das-30-zamiatarka-dwuszczotkowa-ze-wstepnym-zraszaniem\/","name":"nCLEAN DAS 30 - zamiatarka dwuszczotkowa ze wst\u0119pnym zraszaniem - NCLEAN","isPartOf":{"@id":"http:\/\/nclean.com.pl\/#website"},"primaryImageOfPage":{"@id":"https:\/\/nclean.com.pl\/index.php\/produkt\/nclean-das-30-zamiatarka-dwuszczotkowa-ze-wstepnym-zraszaniem\/#primaryimage"},"image":{"@id":"https:\/\/nclean.com.pl\/index.php\/produkt\/nclean-das-30-zamiatarka-dwuszczotkowa-ze-wstepnym-zraszaniem\/#primaryimage"},"thumbnailUrl":"https:\/\/nclean.com.pl\/wp-content\/uploads\/2025\/10\/1-13-scaled.jpg","datePublished":"2025-10-14T19:15:19+00:00","dateModified":"2025-10-15T14:36:22+00:00","breadcrumb":{"@id":"https:\/\/nclean.com.pl\/index.php\/produkt\/nclean-das-30-zamiatarka-dwuszczotkowa-ze-wstepnym-zraszaniem\/#breadcrumb"},"inLanguage":"pl-PL","potentialAction":[{"@type":"ReadAction","target":["https:\/\/nclean.com.pl\/index.php\/produkt\/nclean-das-30-zamiatarka-dwuszczotkowa-ze-wstepnym-zraszaniem\/"]}]},{"@type":"ImageObject","inLanguage":"pl-PL","@id":"https:\/\/nclean.com.pl\/index.php\/produkt\/nclean-das-30-zamiatarka-dwuszczotkowa-ze-wstepnym-zraszaniem\/#primaryimage","url":"https:\/\/nclean.com.pl\/wp-content\/uploads\/2025\/10\/1-13-scaled.jpg","contentUrl":"https:\/\/nclean.com.pl\/wp-content\/uploads\/2025\/10\/1-13-scaled.jpg","width":2560,"height":1440},{"@type":"BreadcrumbList","@id":"https:\/\/nclean.com.pl\/index.php\/produkt\/nclean-das-30-zamiatarka-dwuszczotkowa-ze-wstepnym-zraszaniem\/#breadcrumb","itemListElement":[{"@type":"ListItem","position":1,"name":"Strona g\u0142\u00f3wna","item":"http:\/\/nclean.com.pl\/"},{"@type":"ListItem","position":2,"name":"Sklep","item":"https:\/\/nclean.com.pl\/index.php\/sklep\/"},{"@type":"ListItem","position":3,"name":"nCLEAN DAS 30 &#8211; zamiatarka dwuszczotkowa ze wst\u0119pnym zraszaniem"}]},{"@type":"WebSite","@id":"http:\/\/nclean.com.pl\/#website","url":"http:\/\/nclean.com.pl\/","name":"NCLEAN","description":"Czynimy sprz\u0105tanie \u0142atwiejszym!","publisher":{"@id":"http:\/\/nclean.com.pl\/#organization"},"potentialAction":[{"@type":"SearchAction","target":{"@type":"EntryPoint","urlTemplate":"http:\/\/nclean.com.pl\/?s={search_term_string}"},"query-input":{"@type":"PropertyValueSpecification","valueRequired":true,"valueName":"search_term_string"}}],"inLanguage":"pl-PL"},{"@type":"Organization","@id":"http:\/\/nclean.com.pl\/#organization","name":"NCLEAN","url":"http:\/\/nclean.com.pl\/","logo":{"@type":"ImageObject","inLanguage":"pl-PL","@id":"http:\/\/nclean.com.pl\/#\/schema\/logo\/image\/","url":"http:\/\/nclean.com.pl\/wp-content\/uploads\/2026\/03\/1a-scaled.png","contentUrl":"http:\/\/nclean.com.pl\/wp-content\/uploads\/2026\/03\/1a-scaled.png","width":2560,"height":2560,"caption":"NCLEAN"},"image":{"@id":"http:\/\/nclean.com.pl\/#\/schema\/logo\/image\/"},"sameAs":["https:\/\/www.facebook.com\/ncleancompl\/","https:\/\/www.instagram.com\/nclean_com_pl\/"]}]}},"_links":{"self":[{"href":"https:\/\/nclean.com.pl\/index.php\/wp-json\/wp\/v2\/product\/1048","targetHints":{"allow":["GET"]}}],"collection":[{"href":"https:\/\/nclean.com.pl\/index.php\/wp-json\/wp\/v2\/product"}],"about":[{"href":"https:\/\/nclean.com.pl\/index.php\/wp-json\/wp\/v2\/types\/product"}],"replies":[{"embeddable":true,"href":"https:\/\/nclean.com.pl\/index.php\/wp-json\/wp\/v2\/comments?post=1048"}],"wp:featuredmedia":[{"embeddable":true,"href":"https:\/\/nclean.com.pl\/index.php\/wp-json\/wp\/v2\/media\/1053"}],"wp:attachment":[{"href":"https:\/\/nclean.com.pl\/index.php\/wp-json\/wp\/v2\/media?parent=1048"}],"wp:term":[{"taxonomy":"product_brand","embeddable":true,"href":"https:\/\/nclean.com.pl\/index.php\/wp-json\/wp\/v2\/product_brand?post=1048"},{"taxonomy":"product_cat","embeddable":true,"href":"https:\/\/nclean.com.pl\/index.php\/wp-json\/wp\/v2\/product_cat?post=1048"},{"taxonomy":"product_tag","embeddable":true,"href":"https:\/\/nclean.com.pl\/index.php\/wp-json\/wp\/v2\/product_tag?post=1048"}],"curies":[{"name":"wp","href":"https:\/\/api.w.org\/{rel}","templated":true}]}}