{"id":78,"date":"2025-06-18T11:17:04","date_gmt":"2025-06-18T09:17:04","guid":{"rendered":"https:\/\/nclean.com.pl\/index.php\/contact\/"},"modified":"2025-10-12T10:07:57","modified_gmt":"2025-10-12T08:07:57","slug":"kontakt","status":"publish","type":"page","link":"https:\/\/nclean.com.pl\/index.php\/kontakt\/","title":{"rendered":"Kontakt"},"content":{"rendered":"\t\t<div data-elementor-type=\"wp-page\" data-elementor-id=\"78\" class=\"elementor elementor-78\" data-elementor-post-type=\"page\">\n\t\t\t\t<div class=\"elementor-element elementor-element-70f957b2 e-flex e-con-boxed e-con e-parent\" data-id=\"70f957b2\" data-element_type=\"container\" data-e-type=\"container\" data-settings=\"{&quot;background_background&quot;:&quot;classic&quot;}\">\n\t\t\t\t\t<div class=\"e-con-inner\">\n\t\t\t\t<div class=\"elementor-element elementor-element-705a20ad elementor-widget elementor-widget-heading\" data-id=\"705a20ad\" data-element_type=\"widget\" data-e-type=\"widget\" data-widget_type=\"heading.default\">\n\t\t\t\t<div class=\"elementor-widget-container\">\n\t\t\t\t\t<h1 class=\"elementor-heading-title elementor-size-default\">Kontak z nami<\/h1>\t\t\t\t<\/div>\n\t\t\t\t<\/div>\n\t\t<div class=\"elementor-element elementor-element-781aaf24 e-con-full e-flex e-con e-child\" data-id=\"781aaf24\" data-element_type=\"container\" data-e-type=\"container\">\n\t\t<div class=\"elementor-element elementor-element-6eb17614 e-con-full e-flex e-con e-child\" data-id=\"6eb17614\" data-element_type=\"container\" data-e-type=\"container\">\n\t\t\t\t<div class=\"elementor-element elementor-element-191bb214 elementor-widget elementor-widget-text-editor\" data-id=\"191bb214\" data-element_type=\"widget\" data-e-type=\"widget\" data-widget_type=\"text-editor.default\">\n\t\t\t\t<div class=\"elementor-widget-container\">\n\t\t\t\t\t\t\t\t\t<p>Skontaktuj si\u0119 z nami, korzystaj\u0105c z poni\u017cszych danych.<\/p>\t\t\t\t\t\t\t\t<\/div>\n\t\t\t\t<\/div>\n\t\t\t\t<div class=\"elementor-element elementor-element-123db739 elementor-widget-divider--view-line elementor-widget elementor-widget-divider\" data-id=\"123db739\" data-element_type=\"widget\" data-e-type=\"widget\" data-widget_type=\"divider.default\">\n\t\t\t\t<div class=\"elementor-widget-container\">\n\t\t\t\t\t\t\t<div class=\"elementor-divider\">\n\t\t\t<span class=\"elementor-divider-separator\">\n\t\t\t\t\t\t<\/span>\n\t\t<\/div>\n\t\t\t\t\t\t<\/div>\n\t\t\t\t<\/div>\n\t\t\t\t<div class=\"elementor-element elementor-element-3f401b7 elementor-widget elementor-widget-heading\" data-id=\"3f401b7\" data-element_type=\"widget\" data-e-type=\"widget\" data-widget_type=\"heading.default\">\n\t\t\t\t<div class=\"elementor-widget-container\">\n\t\t\t\t\t<h2 class=\"elementor-heading-title elementor-size-default\">Siedziba firmy<\/h2>\t\t\t\t<\/div>\n\t\t\t\t<\/div>\n\t\t\t\t<div class=\"elementor-element elementor-element-65672489 elementor-align-center elementor-icon-list--layout-traditional elementor-list-item-link-full_width elementor-widget elementor-widget-icon-list\" data-id=\"65672489\" data-element_type=\"widget\" data-e-type=\"widget\" data-widget_type=\"icon-list.default\">\n\t\t\t\t<div class=\"elementor-widget-container\">\n\t\t\t\t\t\t\t<ul class=\"elementor-icon-list-items\">\n\t\t\t\t\t\t\t<li class=\"elementor-icon-list-item\">\n\t\t\t\t\t\t\t\t\t\t<span class=\"elementor-icon-list-text\">ADRES: 30-798 Krak\u00f3w ul. Christo Botewa 10<\/span>\n\t\t\t\t\t\t\t\t\t<\/li>\n\t\t\t\t\t\t\t\t<li class=\"elementor-icon-list-item\">\n\t\t\t\t\t\t\t\t\t\t\t<a href=\"tel:536558997\">\n\n\t\t\t\t\t\t\t\t\t\t\t<span class=\"elementor-icon-list-text\">TELEFON: 536 558 997<\/span>\n\t\t\t\t\t\t\t\t\t\t\t<\/a>\n\t\t\t\t\t\t\t\t\t<\/li>\n\t\t\t\t\t\t\t\t<li class=\"elementor-icon-list-item\">\n\t\t\t\t\t\t\t\t\t\t\t<a href=\"mailto:bartosz@nclean.com.pl\">\n\n\t\t\t\t\t\t\t\t\t\t\t<span class=\"elementor-icon-list-text\">EMAIL: bartosz@nclean.com.pl<\/span>\n\t\t\t\t\t\t\t\t\t\t\t<\/a>\n\t\t\t\t\t\t\t\t\t<\/li>\n\t\t\t\t\t\t<\/ul>\n\t\t\t\t\t\t<\/div>\n\t\t\t\t<\/div>\n\t\t\t\t<div class=\"elementor-element elementor-element-93980d5 elementor-widget-divider--view-line elementor-widget elementor-widget-divider\" data-id=\"93980d5\" data-element_type=\"widget\" data-e-type=\"widget\" data-widget_type=\"divider.default\">\n\t\t\t\t<div class=\"elementor-widget-container\">\n\t\t\t\t\t\t\t<div class=\"elementor-divider\">\n\t\t\t<span class=\"elementor-divider-separator\">\n\t\t\t\t\t\t<\/span>\n\t\t<\/div>\n\t\t\t\t\t\t<\/div>\n\t\t\t\t<\/div>\n\t\t\t\t<div class=\"elementor-element elementor-element-f3903b1 elementor-widget elementor-widget-heading\" data-id=\"f3903b1\" data-element_type=\"widget\" data-e-type=\"widget\" data-widget_type=\"heading.default\">\n\t\t\t\t<div class=\"elementor-widget-container\">\n\t\t\t\t\t<h2 class=\"elementor-heading-title elementor-size-default\">Oddzia\u0142 Wroc\u0142aw<\/h2>\t\t\t\t<\/div>\n\t\t\t\t<\/div>\n\t\t\t\t<div class=\"elementor-element elementor-element-54dc709 elementor-align-center elementor-icon-list--layout-traditional elementor-list-item-link-full_width elementor-widget elementor-widget-icon-list\" data-id=\"54dc709\" data-element_type=\"widget\" data-e-type=\"widget\" data-widget_type=\"icon-list.default\">\n\t\t\t\t<div class=\"elementor-widget-container\">\n\t\t\t\t\t\t\t<ul class=\"elementor-icon-list-items\">\n\t\t\t\t\t\t\t<li class=\"elementor-icon-list-item\">\n\t\t\t\t\t\t\t\t\t\t<span class=\"elementor-icon-list-text\">ADRES: 51-416 Wroc\u0142aw, ul. Kwidzy\u0144ska 4<\/span>\n\t\t\t\t\t\t\t\t\t<\/li>\n\t\t\t\t\t\t\t\t<li class=\"elementor-icon-list-item\">\n\t\t\t\t\t\t\t\t\t\t\t<a href=\"tel:506745700\">\n\n\t\t\t\t\t\t\t\t\t\t\t<span class=\"elementor-icon-list-text\">TELEFON: 506 745 700<\/span>\n\t\t\t\t\t\t\t\t\t\t\t<\/a>\n\t\t\t\t\t\t\t\t\t<\/li>\n\t\t\t\t\t\t\t\t<li class=\"elementor-icon-list-item\">\n\t\t\t\t\t\t\t\t\t\t\t<a href=\"mailto:tomasz@nclean.com.pl\">\n\n\t\t\t\t\t\t\t\t\t\t\t<span class=\"elementor-icon-list-text\">EMAIL: tomasz@nclean.com.pl<\/span>\n\t\t\t\t\t\t\t\t\t\t\t<\/a>\n\t\t\t\t\t\t\t\t\t<\/li>\n\t\t\t\t\t\t<\/ul>\n\t\t\t\t\t\t<\/div>\n\t\t\t\t<\/div>\n\t\t\t\t<\/div>\n\t\t\t\t<\/div>\n\t\t\t\t\t<\/div>\n\t\t\t\t<\/div>\n\t\t<div class=\"elementor-element elementor-element-a6f7afa e-flex e-con-boxed e-con e-parent\" data-id=\"a6f7afa\" data-element_type=\"container\" data-e-type=\"container\">\n\t\t\t\t\t<div class=\"e-con-inner\">\n\t\t\t\t\t<\/div>\n\t\t\t\t<\/div>\n\t\t\t\t<\/div>\n\t\t","protected":false},"excerpt":{"rendered":"<p>Kontak z nami Skontaktuj si\u0119 z nami, korzystaj\u0105c z poni\u017cszych danych. Siedziba firmy ADRES: 30-798 Krak\u00f3w ul. Christo Botewa 10 TELEFON: 536 558 997 EMAIL: bartosz@nclean.com.pl Oddzia\u0142 Wroc\u0142aw ADRES: 51-416 Wroc\u0142aw, ul. Kwidzy\u0144ska 4 TELEFON: 506 745 700 EMAIL: tomasz@nclean.com.pl<\/p>\n","protected":false},"author":1,"featured_media":0,"parent":0,"menu_order":0,"comment_status":"closed","ping_status":"closed","template":"elementor_header_footer","meta":{"_acf_changed":false,"footnotes":""},"class_list":["post-78","page","type-page","status-publish","hentry"],"acf":[],"yoast_head":"<!-- This site is optimized with the Yoast SEO plugin v27.1.1 - https:\/\/yoast.com\/product\/yoast-seo-wordpress\/ -->\n<title>Kontakt - NCLEAN<\/title>\n<meta name=\"robots\" content=\"index, follow, max-snippet:-1, max-image-preview:large, max-video-preview:-1\" \/>\n<link rel=\"canonical\" href=\"https:\/\/nclean.com.pl\/index.php\/kontakt\/\" \/>\n<meta property=\"og:locale\" content=\"pl_PL\" \/>\n<meta property=\"og:type\" content=\"article\" \/>\n<meta property=\"og:title\" content=\"Kontakt - NCLEAN\" \/>\n<meta property=\"og:description\" content=\"Kontak z nami Skontaktuj si\u0119 z nami, korzystaj\u0105c z poni\u017cszych danych. Siedziba firmy ADRES: 30-798 Krak\u00f3w ul. Christo Botewa 10 TELEFON: 536 558 997 EMAIL: bartosz@nclean.com.pl Oddzia\u0142 Wroc\u0142aw ADRES: 51-416 Wroc\u0142aw, ul. Kwidzy\u0144ska 4 TELEFON: 506 745 700 EMAIL: tomasz@nclean.com.pl\" \/>\n<meta property=\"og:url\" content=\"https:\/\/nclean.com.pl\/index.php\/kontakt\/\" \/>\n<meta property=\"og:site_name\" content=\"NCLEAN\" \/>\n<meta property=\"article:publisher\" content=\"https:\/\/www.facebook.com\/ncleancompl\/\" \/>\n<meta property=\"article:modified_time\" content=\"2025-10-12T08:07:57+00:00\" \/>\n<meta name=\"twitter:card\" content=\"summary_large_image\" \/>\n<script type=\"application\/ld+json\" class=\"yoast-schema-graph\">{\"@context\":\"https:\/\/schema.org\",\"@graph\":[{\"@type\":\"WebPage\",\"@id\":\"https:\/\/nclean.com.pl\/index.php\/kontakt\/\",\"url\":\"https:\/\/nclean.com.pl\/index.php\/kontakt\/\",\"name\":\"Kontakt - NCLEAN\",\"isPartOf\":{\"@id\":\"http:\/\/nclean.com.pl\/#website\"},\"datePublished\":\"2025-06-18T09:17:04+00:00\",\"dateModified\":\"2025-10-12T08:07:57+00:00\",\"breadcrumb\":{\"@id\":\"https:\/\/nclean.com.pl\/index.php\/kontakt\/#breadcrumb\"},\"inLanguage\":\"pl-PL\",\"potentialAction\":[{\"@type\":\"ReadAction\",\"target\":[\"https:\/\/nclean.com.pl\/index.php\/kontakt\/\"]}]},{\"@type\":\"BreadcrumbList\",\"@id\":\"https:\/\/nclean.com.pl\/index.php\/kontakt\/#breadcrumb\",\"itemListElement\":[{\"@type\":\"ListItem\",\"position\":1,\"name\":\"Strona g\u0142\u00f3wna\",\"item\":\"http:\/\/nclean.com.pl\/\"},{\"@type\":\"ListItem\",\"position\":2,\"name\":\"Kontakt\"}]},{\"@type\":\"WebSite\",\"@id\":\"http:\/\/nclean.com.pl\/#website\",\"url\":\"http:\/\/nclean.com.pl\/\",\"name\":\"NCLEAN\",\"description\":\"Czynimy sprz\u0105tanie \u0142atwiejszym!\",\"publisher\":{\"@id\":\"http:\/\/nclean.com.pl\/#organization\"},\"potentialAction\":[{\"@type\":\"SearchAction\",\"target\":{\"@type\":\"EntryPoint\",\"urlTemplate\":\"http:\/\/nclean.com.pl\/?s={search_term_string}\"},\"query-input\":{\"@type\":\"PropertyValueSpecification\",\"valueRequired\":true,\"valueName\":\"search_term_string\"}}],\"inLanguage\":\"pl-PL\"},{\"@type\":\"Organization\",\"@id\":\"http:\/\/nclean.com.pl\/#organization\",\"name\":\"NCLEAN\",\"url\":\"http:\/\/nclean.com.pl\/\",\"logo\":{\"@type\":\"ImageObject\",\"inLanguage\":\"pl-PL\",\"@id\":\"http:\/\/nclean.com.pl\/#\/schema\/logo\/image\/\",\"url\":\"http:\/\/nclean.com.pl\/wp-content\/uploads\/2026\/03\/1a-scaled.png\",\"contentUrl\":\"http:\/\/nclean.com.pl\/wp-content\/uploads\/2026\/03\/1a-scaled.png\",\"width\":2560,\"height\":2560,\"caption\":\"NCLEAN\"},\"image\":{\"@id\":\"http:\/\/nclean.com.pl\/#\/schema\/logo\/image\/\"},\"sameAs\":[\"https:\/\/www.facebook.com\/ncleancompl\/\",\"https:\/\/www.instagram.com\/nclean_com_pl\/\"]}]}<\/script>\n<!-- \/ Yoast SEO plugin. -->","yoast_head_json":{"title":"Kontakt - NCLEAN","robots":{"index":"index","follow":"follow","max-snippet":"max-snippet:-1","max-image-preview":"max-image-preview:large","max-video-preview":"max-video-preview:-1"},"canonical":"https:\/\/nclean.com.pl\/index.php\/kontakt\/","og_locale":"pl_PL","og_type":"article","og_title":"Kontakt - NCLEAN","og_description":"Kontak z nami Skontaktuj si\u0119 z nami, korzystaj\u0105c z poni\u017cszych danych. Siedziba firmy ADRES: 30-798 Krak\u00f3w ul. Christo Botewa 10 TELEFON: 536 558 997 EMAIL: bartosz@nclean.com.pl Oddzia\u0142 Wroc\u0142aw ADRES: 51-416 Wroc\u0142aw, ul. Kwidzy\u0144ska 4 TELEFON: 506 745 700 EMAIL: tomasz@nclean.com.pl","og_url":"https:\/\/nclean.com.pl\/index.php\/kontakt\/","og_site_name":"NCLEAN","article_publisher":"https:\/\/www.facebook.com\/ncleancompl\/","article_modified_time":"2025-10-12T08:07:57+00:00","twitter_card":"summary_large_image","schema":{"@context":"https:\/\/schema.org","@graph":[{"@type":"WebPage","@id":"https:\/\/nclean.com.pl\/index.php\/kontakt\/","url":"https:\/\/nclean.com.pl\/index.php\/kontakt\/","name":"Kontakt - NCLEAN","isPartOf":{"@id":"http:\/\/nclean.com.pl\/#website"},"datePublished":"2025-06-18T09:17:04+00:00","dateModified":"2025-10-12T08:07:57+00:00","breadcrumb":{"@id":"https:\/\/nclean.com.pl\/index.php\/kontakt\/#breadcrumb"},"inLanguage":"pl-PL","potentialAction":[{"@type":"ReadAction","target":["https:\/\/nclean.com.pl\/index.php\/kontakt\/"]}]},{"@type":"BreadcrumbList","@id":"https:\/\/nclean.com.pl\/index.php\/kontakt\/#breadcrumb","itemListElement":[{"@type":"ListItem","position":1,"name":"Strona g\u0142\u00f3wna","item":"http:\/\/nclean.com.pl\/"},{"@type":"ListItem","position":2,"name":"Kontakt"}]},{"@type":"WebSite","@id":"http:\/\/nclean.com.pl\/#website","url":"http:\/\/nclean.com.pl\/","name":"NCLEAN","description":"Czynimy sprz\u0105tanie \u0142atwiejszym!","publisher":{"@id":"http:\/\/nclean.com.pl\/#organization"},"potentialAction":[{"@type":"SearchAction","target":{"@type":"EntryPoint","urlTemplate":"http:\/\/nclean.com.pl\/?s={search_term_string}"},"query-input":{"@type":"PropertyValueSpecification","valueRequired":true,"valueName":"search_term_string"}}],"inLanguage":"pl-PL"},{"@type":"Organization","@id":"http:\/\/nclean.com.pl\/#organization","name":"NCLEAN","url":"http:\/\/nclean.com.pl\/","logo":{"@type":"ImageObject","inLanguage":"pl-PL","@id":"http:\/\/nclean.com.pl\/#\/schema\/logo\/image\/","url":"http:\/\/nclean.com.pl\/wp-content\/uploads\/2026\/03\/1a-scaled.png","contentUrl":"http:\/\/nclean.com.pl\/wp-content\/uploads\/2026\/03\/1a-scaled.png","width":2560,"height":2560,"caption":"NCLEAN"},"image":{"@id":"http:\/\/nclean.com.pl\/#\/schema\/logo\/image\/"},"sameAs":["https:\/\/www.facebook.com\/ncleancompl\/","https:\/\/www.instagram.com\/nclean_com_pl\/"]}]}},"_links":{"self":[{"href":"https:\/\/nclean.com.pl\/index.php\/wp-json\/wp\/v2\/pages\/78","targetHints":{"allow":["GET"]}}],"collection":[{"href":"https:\/\/nclean.com.pl\/index.php\/wp-json\/wp\/v2\/pages"}],"about":[{"href":"https:\/\/nclean.com.pl\/index.php\/wp-json\/wp\/v2\/types\/page"}],"author":[{"embeddable":true,"href":"https:\/\/nclean.com.pl\/index.php\/wp-json\/wp\/v2\/users\/1"}],"replies":[{"embeddable":true,"href":"https:\/\/nclean.com.pl\/index.php\/wp-json\/wp\/v2\/comments?post=78"}],"version-history":[{"count":35,"href":"https:\/\/nclean.com.pl\/index.php\/wp-json\/wp\/v2\/pages\/78\/revisions"}],"predecessor-version":[{"id":985,"href":"https:\/\/nclean.com.pl\/index.php\/wp-json\/wp\/v2\/pages\/78\/revisions\/985"}],"wp:attachment":[{"href":"https:\/\/nclean.com.pl\/index.php\/wp-json\/wp\/v2\/media?parent=78"}],"curies":[{"name":"wp","href":"https:\/\/api.w.org\/{rel}","templated":true}]}}